{"id":74,"date":"2024-11-20T11:17:36","date_gmt":"2024-11-20T10:17:36","guid":{"rendered":"https:\/\/paperbolt.fr\/?page_id=74"},"modified":"2024-11-27T11:05:55","modified_gmt":"2024-11-27T10:05:55","slug":"home-staging-virtuel","status":"publish","type":"page","link":"https:\/\/paperbolt.fr\/index.php\/home-staging-virtuel\/","title":{"rendered":"Home Staging Virtuel"},"content":{"rendered":"\t\t<div data-elementor-type=\"wp-page\" data-elementor-id=\"74\" class=\"elementor elementor-74\">\n\t\t\t\t<div class=\"elementor-element elementor-element-35c0396 e-flex e-con-boxed e-con e-parent\" data-id=\"35c0396\" data-element_type=\"container\" data-e-type=\"container\">\n\t\t\t\t\t<div class=\"e-con-inner\">\n\t\t\t\t<div class=\"elementor-element elementor-element-b325d89 elementor-invisible elementor-widget elementor-widget-heading\" data-id=\"b325d89\" data-element_type=\"widget\" data-e-type=\"widget\" data-settings=\"{&quot;_animation&quot;:&quot;fadeIn&quot;}\" data-widget_type=\"heading.default\">\n\t\t\t\t<div class=\"elementor-widget-container\">\n\t\t\t\t\t<h2 class=\"elementor-heading-title elementor-size-default\">Home<br>\nStaging<\/h2>\t\t\t\t<\/div>\n\t\t\t\t<\/div>\n\t\t\t\t\t<\/div>\n\t\t\t\t<\/div>\n\t\t<div class=\"elementor-element elementor-element-2bc59a5 e-flex e-con-boxed e-con e-parent\" data-id=\"2bc59a5\" data-element_type=\"container\" data-e-type=\"container\">\n\t\t\t\t\t<div class=\"e-con-inner\">\n\t\t\t\t<div class=\"elementor-element elementor-element-66f7aa0 elementor-widget-divider--view-line elementor-widget elementor-widget-divider\" data-id=\"66f7aa0\" data-element_type=\"widget\" data-e-type=\"widget\" data-widget_type=\"divider.default\">\n\t\t\t\t<div class=\"elementor-widget-container\">\n\t\t\t\t\t\t\t<div class=\"elementor-divider\">\n\t\t\t<span class=\"elementor-divider-separator\">\n\t\t\t\t\t\t<\/span>\n\t\t<\/div>\n\t\t\t\t\t\t<\/div>\n\t\t\t\t<\/div>\n\t\t\t\t\t<\/div>\n\t\t\t\t<\/div>\n\t\t<div class=\"elementor-element elementor-element-556fafc e-flex e-con-boxed e-con e-parent\" data-id=\"556fafc\" data-element_type=\"container\" data-e-type=\"container\">\n\t\t\t\t\t<div class=\"e-con-inner\">\n\t\t\t\t<div class=\"elementor-element elementor-element-1af3e34 elementor-drop-cap-yes elementor-drop-cap-view-default elementor-widget elementor-widget-text-editor\" data-id=\"1af3e34\" data-element_type=\"widget\" data-e-type=\"widget\" data-settings=\"{&quot;drop_cap&quot;:&quot;yes&quot;}\" data-widget_type=\"text-editor.default\">\n\t\t\t\t<div class=\"elementor-widget-container\">\n\t\t\t\t\t\t\t\t\t<p>Chez <strong>PaperBolt<\/strong>, nous transformons les espaces difficiles \u00e0 valoriser en v\u00e9ritables coups de c\u0153ur gr\u00e2ce au <strong>Home Staging virtuel<\/strong>. En partant de simples photos du bien, nous utilisons la puissance de l&rsquo;imagerie 3D pour r\u00e9am\u00e9nager et sublimer les espaces. Notre approche permet de cr\u00e9er des am\u00e9nagements modernes et r\u00e9alistes, mettant en valeur le potentiel des lieux. Que ce soit pour un appartement vide ou une maison n\u00e9cessitant un rafra\u00eechissement, nos visualisations immersives aident vos clients \u00e0 se projeter facilement et \u00e0 r\u00e9v\u00e9ler le meilleur de chaque bien. Faites appel \u00e0 notre expertise pour maximiser l&rsquo;impact de vos biens sur le march\u00e9 immobilier.<\/p>\t\t\t\t\t\t\t\t<\/div>\n\t\t\t\t<\/div>\n\t\t\t\t<div class=\"elementor-element elementor-element-85371e5 elementor-widget elementor-widget-qi_addons_for_elementor_before_after\" data-id=\"85371e5\" data-element_type=\"widget\" data-e-type=\"widget\" data-widget_type=\"qi_addons_for_elementor_before_after.default\">\n\t\t\t\t<div class=\"elementor-widget-container\">\n\t\t\t\t\t<div class=\"qodef-shortcode qodef-m qodef-qi-before-after qodef--horizontal\">\n\t<div class=\"qodef-before-after-image-holder qodef-m-image\" data-offset=\"50\">\n\t\t<img fetchpriority=\"high\" decoding=\"async\" width=\"1400\" height=\"785\" src=\"https:\/\/paperbolt.fr\/wp-content\/uploads\/2024\/11\/avant.jpg\" class=\"attachment-full size-full\" alt=\"\" srcset=\"https:\/\/paperbolt.fr\/wp-content\/uploads\/2024\/11\/avant.jpg 1400w, https:\/\/paperbolt.fr\/wp-content\/uploads\/2024\/11\/avant-300x168.jpg 300w, https:\/\/paperbolt.fr\/wp-content\/uploads\/2024\/11\/avant-1024x574.jpg 1024w, https:\/\/paperbolt.fr\/wp-content\/uploads\/2024\/11\/avant-768x431.jpg 768w\" sizes=\"(max-width: 1400px) 100vw, 1400px\" \/><img decoding=\"async\" width=\"1400\" height=\"785\" src=\"https:\/\/paperbolt.fr\/wp-content\/uploads\/2024\/11\/apres.jpg\" class=\"attachment-full size-full\" alt=\"\" srcset=\"https:\/\/paperbolt.fr\/wp-content\/uploads\/2024\/11\/apres.jpg 1400w, https:\/\/paperbolt.fr\/wp-content\/uploads\/2024\/11\/apres-300x168.jpg 300w, https:\/\/paperbolt.fr\/wp-content\/uploads\/2024\/11\/apres-1024x574.jpg 1024w, https:\/\/paperbolt.fr\/wp-content\/uploads\/2024\/11\/apres-768x431.jpg 768w\" sizes=\"(max-width: 1400px) 100vw, 1400px\" \/>\t<\/div>\n\t\t\t<div class=\"qodef-handle-text\">\n\t\t\tGlisser\t\t<\/div>\n\t<\/div>\n\t\t\t\t<\/div>\n\t\t\t\t<\/div>\n\t\t\t\t\t<\/div>\n\t\t\t\t<\/div>\n\t\t\t\t<\/div>\n\t\t","protected":false},"excerpt":{"rendered":"<p>Home Staging Chez PaperBolt, nous transformons les espaces difficiles \u00e0 valoriser en v\u00e9ritables coups de c\u0153ur gr\u00e2ce au Home Staging virtuel. En partant de simples photos du bien, nous utilisons la puissance de l&rsquo;imagerie 3D pour r\u00e9am\u00e9nager et sublimer les espaces. Notre approche permet de cr\u00e9er des am\u00e9nagements modernes et r\u00e9alistes, mettant en valeur le [&hellip;]<\/p>\n","protected":false},"author":1,"featured_media":0,"parent":0,"menu_order":0,"comment_status":"closed","ping_status":"closed","template":"","meta":{"footnotes":""},"class_list":["post-74","page","type-page","status-publish","hentry"],"yoast_head":"<!-- This site is optimized with the Yoast SEO plugin v27.4 - https:\/\/yoast.com\/product\/yoast-seo-wordpress\/ -->\n<title>Home Staging Virtuel - PaperBolt.<\/title>\n<meta name=\"robots\" content=\"index, follow, max-snippet:-1, max-image-preview:large, max-video-preview:-1\" \/>\n<link rel=\"canonical\" href=\"https:\/\/paperbolt.fr\/index.php\/home-staging-virtuel\/\" \/>\n<meta property=\"og:locale\" content=\"fr_FR\" \/>\n<meta property=\"og:type\" content=\"article\" \/>\n<meta property=\"og:title\" content=\"Home Staging Virtuel - PaperBolt.\" \/>\n<meta property=\"og:description\" content=\"Home Staging Chez PaperBolt, nous transformons les espaces difficiles \u00e0 valoriser en v\u00e9ritables coups de c\u0153ur gr\u00e2ce au Home Staging virtuel. En partant de simples photos du bien, nous utilisons la puissance de l&rsquo;imagerie 3D pour r\u00e9am\u00e9nager et sublimer les espaces. Notre approche permet de cr\u00e9er des am\u00e9nagements modernes et r\u00e9alistes, mettant en valeur le [&hellip;]\" \/>\n<meta property=\"og:url\" content=\"https:\/\/paperbolt.fr\/index.php\/home-staging-virtuel\/\" \/>\n<meta property=\"og:site_name\" content=\"PaperBolt.\" \/>\n<meta property=\"article:modified_time\" content=\"2024-11-27T10:05:55+00:00\" \/>\n<meta property=\"og:image\" content=\"http:\/\/paperbolt.fr\/wp-content\/uploads\/2024\/11\/avant.jpg\" \/>\n<meta name=\"twitter:card\" content=\"summary_large_image\" \/>\n<meta name=\"twitter:label1\" content=\"Dur\u00e9e de lecture estim\u00e9e\" \/>\n\t<meta name=\"twitter:data1\" content=\"1 minute\" \/>\n<script type=\"application\/ld+json\" class=\"yoast-schema-graph\">{\"@context\":\"https:\\\/\\\/schema.org\",\"@graph\":[{\"@type\":\"WebPage\",\"@id\":\"https:\\\/\\\/paperbolt.fr\\\/index.php\\\/home-staging-virtuel\\\/\",\"url\":\"https:\\\/\\\/paperbolt.fr\\\/index.php\\\/home-staging-virtuel\\\/\",\"name\":\"Home Staging Virtuel - PaperBolt.\",\"isPartOf\":{\"@id\":\"https:\\\/\\\/paperbolt.fr\\\/#website\"},\"primaryImageOfPage\":{\"@id\":\"https:\\\/\\\/paperbolt.fr\\\/index.php\\\/home-staging-virtuel\\\/#primaryimage\"},\"image\":{\"@id\":\"https:\\\/\\\/paperbolt.fr\\\/index.php\\\/home-staging-virtuel\\\/#primaryimage\"},\"thumbnailUrl\":\"http:\\\/\\\/paperbolt.fr\\\/wp-content\\\/uploads\\\/2024\\\/11\\\/avant.jpg\",\"datePublished\":\"2024-11-20T10:17:36+00:00\",\"dateModified\":\"2024-11-27T10:05:55+00:00\",\"breadcrumb\":{\"@id\":\"https:\\\/\\\/paperbolt.fr\\\/index.php\\\/home-staging-virtuel\\\/#breadcrumb\"},\"inLanguage\":\"fr-FR\",\"potentialAction\":[{\"@type\":\"ReadAction\",\"target\":[\"https:\\\/\\\/paperbolt.fr\\\/index.php\\\/home-staging-virtuel\\\/\"]}]},{\"@type\":\"ImageObject\",\"inLanguage\":\"fr-FR\",\"@id\":\"https:\\\/\\\/paperbolt.fr\\\/index.php\\\/home-staging-virtuel\\\/#primaryimage\",\"url\":\"http:\\\/\\\/paperbolt.fr\\\/wp-content\\\/uploads\\\/2024\\\/11\\\/avant.jpg\",\"contentUrl\":\"http:\\\/\\\/paperbolt.fr\\\/wp-content\\\/uploads\\\/2024\\\/11\\\/avant.jpg\"},{\"@type\":\"BreadcrumbList\",\"@id\":\"https:\\\/\\\/paperbolt.fr\\\/index.php\\\/home-staging-virtuel\\\/#breadcrumb\",\"itemListElement\":[{\"@type\":\"ListItem\",\"position\":1,\"name\":\"Accueil\",\"item\":\"https:\\\/\\\/paperbolt.fr\\\/\"},{\"@type\":\"ListItem\",\"position\":2,\"name\":\"Home Staging Virtuel\"}]},{\"@type\":\"WebSite\",\"@id\":\"https:\\\/\\\/paperbolt.fr\\\/#website\",\"url\":\"https:\\\/\\\/paperbolt.fr\\\/\",\"name\":\"PaperBolt.\",\"description\":\"\",\"publisher\":{\"@id\":\"https:\\\/\\\/paperbolt.fr\\\/#organization\"},\"potentialAction\":[{\"@type\":\"SearchAction\",\"target\":{\"@type\":\"EntryPoint\",\"urlTemplate\":\"https:\\\/\\\/paperbolt.fr\\\/?s={search_term_string}\"},\"query-input\":{\"@type\":\"PropertyValueSpecification\",\"valueRequired\":true,\"valueName\":\"search_term_string\"}}],\"inLanguage\":\"fr-FR\"},{\"@type\":\"Organization\",\"@id\":\"https:\\\/\\\/paperbolt.fr\\\/#organization\",\"name\":\"PaperBolt.\",\"url\":\"https:\\\/\\\/paperbolt.fr\\\/\",\"logo\":{\"@type\":\"ImageObject\",\"inLanguage\":\"fr-FR\",\"@id\":\"https:\\\/\\\/paperbolt.fr\\\/#\\\/schema\\\/logo\\\/image\\\/\",\"url\":\"https:\\\/\\\/paperbolt.fr\\\/wp-content\\\/uploads\\\/2024\\\/11\\\/Logo-2024.png\",\"contentUrl\":\"https:\\\/\\\/paperbolt.fr\\\/wp-content\\\/uploads\\\/2024\\\/11\\\/Logo-2024.png\",\"width\":1500,\"height\":1500,\"caption\":\"PaperBolt.\"},\"image\":{\"@id\":\"https:\\\/\\\/paperbolt.fr\\\/#\\\/schema\\\/logo\\\/image\\\/\"}}]}<\/script>\n<!-- \/ Yoast SEO plugin. -->","yoast_head_json":{"title":"Home Staging Virtuel - PaperBolt.","robots":{"index":"index","follow":"follow","max-snippet":"max-snippet:-1","max-image-preview":"max-image-preview:large","max-video-preview":"max-video-preview:-1"},"canonical":"https:\/\/paperbolt.fr\/index.php\/home-staging-virtuel\/","og_locale":"fr_FR","og_type":"article","og_title":"Home Staging Virtuel - PaperBolt.","og_description":"Home Staging Chez PaperBolt, nous transformons les espaces difficiles \u00e0 valoriser en v\u00e9ritables coups de c\u0153ur gr\u00e2ce au Home Staging virtuel. En partant de simples photos du bien, nous utilisons la puissance de l&rsquo;imagerie 3D pour r\u00e9am\u00e9nager et sublimer les espaces. Notre approche permet de cr\u00e9er des am\u00e9nagements modernes et r\u00e9alistes, mettant en valeur le [&hellip;]","og_url":"https:\/\/paperbolt.fr\/index.php\/home-staging-virtuel\/","og_site_name":"PaperBolt.","article_modified_time":"2024-11-27T10:05:55+00:00","og_image":[{"url":"http:\/\/paperbolt.fr\/wp-content\/uploads\/2024\/11\/avant.jpg","type":"","width":"","height":""}],"twitter_card":"summary_large_image","twitter_misc":{"Dur\u00e9e de lecture estim\u00e9e":"1 minute"},"schema":{"@context":"https:\/\/schema.org","@graph":[{"@type":"WebPage","@id":"https:\/\/paperbolt.fr\/index.php\/home-staging-virtuel\/","url":"https:\/\/paperbolt.fr\/index.php\/home-staging-virtuel\/","name":"Home Staging Virtuel - PaperBolt.","isPartOf":{"@id":"https:\/\/paperbolt.fr\/#website"},"primaryImageOfPage":{"@id":"https:\/\/paperbolt.fr\/index.php\/home-staging-virtuel\/#primaryimage"},"image":{"@id":"https:\/\/paperbolt.fr\/index.php\/home-staging-virtuel\/#primaryimage"},"thumbnailUrl":"http:\/\/paperbolt.fr\/wp-content\/uploads\/2024\/11\/avant.jpg","datePublished":"2024-11-20T10:17:36+00:00","dateModified":"2024-11-27T10:05:55+00:00","breadcrumb":{"@id":"https:\/\/paperbolt.fr\/index.php\/home-staging-virtuel\/#breadcrumb"},"inLanguage":"fr-FR","potentialAction":[{"@type":"ReadAction","target":["https:\/\/paperbolt.fr\/index.php\/home-staging-virtuel\/"]}]},{"@type":"ImageObject","inLanguage":"fr-FR","@id":"https:\/\/paperbolt.fr\/index.php\/home-staging-virtuel\/#primaryimage","url":"http:\/\/paperbolt.fr\/wp-content\/uploads\/2024\/11\/avant.jpg","contentUrl":"http:\/\/paperbolt.fr\/wp-content\/uploads\/2024\/11\/avant.jpg"},{"@type":"BreadcrumbList","@id":"https:\/\/paperbolt.fr\/index.php\/home-staging-virtuel\/#breadcrumb","itemListElement":[{"@type":"ListItem","position":1,"name":"Accueil","item":"https:\/\/paperbolt.fr\/"},{"@type":"ListItem","position":2,"name":"Home Staging Virtuel"}]},{"@type":"WebSite","@id":"https:\/\/paperbolt.fr\/#website","url":"https:\/\/paperbolt.fr\/","name":"PaperBolt.","description":"","publisher":{"@id":"https:\/\/paperbolt.fr\/#organization"},"potentialAction":[{"@type":"SearchAction","target":{"@type":"EntryPoint","urlTemplate":"https:\/\/paperbolt.fr\/?s={search_term_string}"},"query-input":{"@type":"PropertyValueSpecification","valueRequired":true,"valueName":"search_term_string"}}],"inLanguage":"fr-FR"},{"@type":"Organization","@id":"https:\/\/paperbolt.fr\/#organization","name":"PaperBolt.","url":"https:\/\/paperbolt.fr\/","logo":{"@type":"ImageObject","inLanguage":"fr-FR","@id":"https:\/\/paperbolt.fr\/#\/schema\/logo\/image\/","url":"https:\/\/paperbolt.fr\/wp-content\/uploads\/2024\/11\/Logo-2024.png","contentUrl":"https:\/\/paperbolt.fr\/wp-content\/uploads\/2024\/11\/Logo-2024.png","width":1500,"height":1500,"caption":"PaperBolt."},"image":{"@id":"https:\/\/paperbolt.fr\/#\/schema\/logo\/image\/"}}]}},"_links":{"self":[{"href":"https:\/\/paperbolt.fr\/index.php\/wp-json\/wp\/v2\/pages\/74","targetHints":{"allow":["GET"]}}],"collection":[{"href":"https:\/\/paperbolt.fr\/index.php\/wp-json\/wp\/v2\/pages"}],"about":[{"href":"https:\/\/paperbolt.fr\/index.php\/wp-json\/wp\/v2\/types\/page"}],"author":[{"embeddable":true,"href":"https:\/\/paperbolt.fr\/index.php\/wp-json\/wp\/v2\/users\/1"}],"replies":[{"embeddable":true,"href":"https:\/\/paperbolt.fr\/index.php\/wp-json\/wp\/v2\/comments?post=74"}],"version-history":[{"count":22,"href":"https:\/\/paperbolt.fr\/index.php\/wp-json\/wp\/v2\/pages\/74\/revisions"}],"predecessor-version":[{"id":786,"href":"https:\/\/paperbolt.fr\/index.php\/wp-json\/wp\/v2\/pages\/74\/revisions\/786"}],"wp:attachment":[{"href":"https:\/\/paperbolt.fr\/index.php\/wp-json\/wp\/v2\/media?parent=74"}],"curies":[{"name":"wp","href":"https:\/\/api.w.org\/{rel}","templated":true}]}}