{"id":70,"date":"2024-11-20T11:16:21","date_gmt":"2024-11-20T10:16:21","guid":{"rendered":"https:\/\/paperbolt.fr\/?page_id=70"},"modified":"2024-11-22T17:03:15","modified_gmt":"2024-11-22T16:03:15","slug":"visite-virtuelle","status":"publish","type":"page","link":"https:\/\/paperbolt.fr\/index.php\/visite-virtuelle\/","title":{"rendered":"Visite virtuelle"},"content":{"rendered":"\t\t<div data-elementor-type=\"wp-page\" data-elementor-id=\"70\" class=\"elementor elementor-70\">\n\t\t\t\t<div class=\"elementor-element elementor-element-9427926 e-flex e-con-boxed e-con e-parent\" data-id=\"9427926\" data-element_type=\"container\" data-e-type=\"container\">\n\t\t\t\t\t<div class=\"e-con-inner\">\n\t\t\t\t<div class=\"elementor-element elementor-element-3c7aadb elementor-invisible elementor-widget elementor-widget-heading\" data-id=\"3c7aadb\" data-element_type=\"widget\" data-e-type=\"widget\" data-settings=\"{&quot;_animation&quot;:&quot;fadeIn&quot;}\" data-widget_type=\"heading.default\">\n\t\t\t\t<div class=\"elementor-widget-container\">\n\t\t\t\t\t<h2 class=\"elementor-heading-title elementor-size-default\">Visite<br>\nVirtuelle<\/h2>\t\t\t\t<\/div>\n\t\t\t\t<\/div>\n\t\t\t\t\t<\/div>\n\t\t\t\t<\/div>\n\t\t<div class=\"elementor-element elementor-element-8b23a52 e-flex e-con-boxed e-con e-parent\" data-id=\"8b23a52\" data-element_type=\"container\" data-e-type=\"container\">\n\t\t\t\t\t<div class=\"e-con-inner\">\n\t\t\t\t<div class=\"elementor-element elementor-element-2406302 elementor-widget-divider--view-line elementor-widget elementor-widget-divider\" data-id=\"2406302\" data-element_type=\"widget\" data-e-type=\"widget\" data-widget_type=\"divider.default\">\n\t\t\t\t<div class=\"elementor-widget-container\">\n\t\t\t\t\t\t\t<div class=\"elementor-divider\">\n\t\t\t<span class=\"elementor-divider-separator\">\n\t\t\t\t\t\t<\/span>\n\t\t<\/div>\n\t\t\t\t\t\t<\/div>\n\t\t\t\t<\/div>\n\t\t\t\t<div class=\"elementor-element elementor-element-16b096e elementor-drop-cap-yes elementor-drop-cap-view-default elementor-widget elementor-widget-text-editor\" data-id=\"16b096e\" data-element_type=\"widget\" data-e-type=\"widget\" data-settings=\"{&quot;drop_cap&quot;:&quot;yes&quot;}\" data-widget_type=\"text-editor.default\">\n\t\t\t\t<div class=\"elementor-widget-container\">\n\t\t\t\t\t\t\t\t\t<p>Chez <strong>PaperBolt<\/strong>, nous r\u00e9volutionnons l&rsquo;exp\u00e9rience client gr\u00e2ce aux <strong>visites virtuelles immersives<\/strong> r\u00e9alis\u00e9es avec une cam\u00e9ra 360. Cette technologie avanc\u00e9e permet de cr\u00e9er des panoramas interactifs de vos projets, accessibles directement depuis le site de vente. Vos clients peuvent explorer chaque d\u00e9tail de leur futur espace, qu&rsquo;il s&rsquo;agisse d&rsquo;une maison, d&rsquo;un appartement ou d&rsquo;un local professionnel, le tout depuis leur ordinateur, leur tablette ou leur smartphone. Ce service offre une immersion r\u00e9aliste et engageante, aidant \u00e0 se projeter plus facilement et \u00e0 prendre des d\u00e9cisions en toute confiance. Avec les visites virtuelles de <strong>PaperBolt<\/strong>, vous franchissez un pas vers le futur de l&rsquo;immobilier et de l&rsquo;architecture.<\/p>\t\t\t\t\t\t\t\t<\/div>\n\t\t\t\t<\/div>\n\t\t\t\t\t<\/div>\n\t\t\t\t<\/div>\n\t\t<div class=\"elementor-element elementor-element-34589a4 e-flex e-con-boxed e-con e-parent\" data-id=\"34589a4\" data-element_type=\"container\" data-e-type=\"container\">\n\t\t\t\t\t<div class=\"e-con-inner\">\n\t\t\t\t<div class=\"elementor-element elementor-element-ff34687 elementor-widget elementor-widget-html\" data-id=\"ff34687\" data-element_type=\"widget\" data-e-type=\"widget\" data-widget_type=\"html.default\">\n\t\t\t\t<div class=\"elementor-widget-container\">\n\t\t\t\t\t<iframe width=\"1200\" height=\"800\" src=\"https:\/\/my.matterport.com\/show\/?m=MC9zDt6bgEM\" frameborder=\"0\" allowfullscreen allow=\"xr-spatial-tracking\"><\/iframe>\t\t\t\t<\/div>\n\t\t\t\t<\/div>\n\t\t\t\t\t<\/div>\n\t\t\t\t<\/div>\n\t\t\t\t<\/div>\n\t\t","protected":false},"excerpt":{"rendered":"<p>Visite Virtuelle Chez PaperBolt, nous r\u00e9volutionnons l&rsquo;exp\u00e9rience client gr\u00e2ce aux visites virtuelles immersives r\u00e9alis\u00e9es avec une cam\u00e9ra 360. Cette technologie avanc\u00e9e permet de cr\u00e9er des panoramas interactifs de vos projets, accessibles directement depuis le site de vente. Vos clients peuvent explorer chaque d\u00e9tail de leur futur espace, qu&rsquo;il s&rsquo;agisse d&rsquo;une maison, d&rsquo;un appartement ou d&rsquo;un [&hellip;]<\/p>\n","protected":false},"author":1,"featured_media":0,"parent":0,"menu_order":0,"comment_status":"closed","ping_status":"closed","template":"","meta":{"footnotes":""},"class_list":["post-70","page","type-page","status-publish","hentry"],"yoast_head":"<!-- This site is optimized with the Yoast SEO plugin v27.4 - https:\/\/yoast.com\/product\/yoast-seo-wordpress\/ -->\n<title>Visite virtuelle - PaperBolt.<\/title>\n<meta name=\"robots\" content=\"index, follow, max-snippet:-1, max-image-preview:large, max-video-preview:-1\" \/>\n<link rel=\"canonical\" href=\"https:\/\/paperbolt.fr\/index.php\/visite-virtuelle\/\" \/>\n<meta property=\"og:locale\" content=\"fr_FR\" \/>\n<meta property=\"og:type\" content=\"article\" \/>\n<meta property=\"og:title\" content=\"Visite virtuelle - PaperBolt.\" \/>\n<meta property=\"og:description\" content=\"Visite Virtuelle Chez PaperBolt, nous r\u00e9volutionnons l&rsquo;exp\u00e9rience client gr\u00e2ce aux visites virtuelles immersives r\u00e9alis\u00e9es avec une cam\u00e9ra 360. Cette technologie avanc\u00e9e permet de cr\u00e9er des panoramas interactifs de vos projets, accessibles directement depuis le site de vente. Vos clients peuvent explorer chaque d\u00e9tail de leur futur espace, qu&rsquo;il s&rsquo;agisse d&rsquo;une maison, d&rsquo;un appartement ou d&rsquo;un [&hellip;]\" \/>\n<meta property=\"og:url\" content=\"https:\/\/paperbolt.fr\/index.php\/visite-virtuelle\/\" \/>\n<meta property=\"og:site_name\" content=\"PaperBolt.\" \/>\n<meta property=\"article:modified_time\" content=\"2024-11-22T16:03:15+00:00\" \/>\n<meta name=\"twitter:card\" content=\"summary_large_image\" \/>\n<meta name=\"twitter:label1\" content=\"Dur\u00e9e de lecture estim\u00e9e\" \/>\n\t<meta name=\"twitter:data1\" content=\"1 minute\" \/>\n<script type=\"application\/ld+json\" class=\"yoast-schema-graph\">{\"@context\":\"https:\\\/\\\/schema.org\",\"@graph\":[{\"@type\":\"WebPage\",\"@id\":\"https:\\\/\\\/paperbolt.fr\\\/index.php\\\/visite-virtuelle\\\/\",\"url\":\"https:\\\/\\\/paperbolt.fr\\\/index.php\\\/visite-virtuelle\\\/\",\"name\":\"Visite virtuelle - PaperBolt.\",\"isPartOf\":{\"@id\":\"https:\\\/\\\/paperbolt.fr\\\/#website\"},\"datePublished\":\"2024-11-20T10:16:21+00:00\",\"dateModified\":\"2024-11-22T16:03:15+00:00\",\"breadcrumb\":{\"@id\":\"https:\\\/\\\/paperbolt.fr\\\/index.php\\\/visite-virtuelle\\\/#breadcrumb\"},\"inLanguage\":\"fr-FR\",\"potentialAction\":[{\"@type\":\"ReadAction\",\"target\":[\"https:\\\/\\\/paperbolt.fr\\\/index.php\\\/visite-virtuelle\\\/\"]}]},{\"@type\":\"BreadcrumbList\",\"@id\":\"https:\\\/\\\/paperbolt.fr\\\/index.php\\\/visite-virtuelle\\\/#breadcrumb\",\"itemListElement\":[{\"@type\":\"ListItem\",\"position\":1,\"name\":\"Accueil\",\"item\":\"https:\\\/\\\/paperbolt.fr\\\/\"},{\"@type\":\"ListItem\",\"position\":2,\"name\":\"Visite virtuelle\"}]},{\"@type\":\"WebSite\",\"@id\":\"https:\\\/\\\/paperbolt.fr\\\/#website\",\"url\":\"https:\\\/\\\/paperbolt.fr\\\/\",\"name\":\"PaperBolt.\",\"description\":\"\",\"publisher\":{\"@id\":\"https:\\\/\\\/paperbolt.fr\\\/#organization\"},\"potentialAction\":[{\"@type\":\"SearchAction\",\"target\":{\"@type\":\"EntryPoint\",\"urlTemplate\":\"https:\\\/\\\/paperbolt.fr\\\/?s={search_term_string}\"},\"query-input\":{\"@type\":\"PropertyValueSpecification\",\"valueRequired\":true,\"valueName\":\"search_term_string\"}}],\"inLanguage\":\"fr-FR\"},{\"@type\":\"Organization\",\"@id\":\"https:\\\/\\\/paperbolt.fr\\\/#organization\",\"name\":\"PaperBolt.\",\"url\":\"https:\\\/\\\/paperbolt.fr\\\/\",\"logo\":{\"@type\":\"ImageObject\",\"inLanguage\":\"fr-FR\",\"@id\":\"https:\\\/\\\/paperbolt.fr\\\/#\\\/schema\\\/logo\\\/image\\\/\",\"url\":\"https:\\\/\\\/paperbolt.fr\\\/wp-content\\\/uploads\\\/2024\\\/11\\\/Logo-2024.png\",\"contentUrl\":\"https:\\\/\\\/paperbolt.fr\\\/wp-content\\\/uploads\\\/2024\\\/11\\\/Logo-2024.png\",\"width\":1500,\"height\":1500,\"caption\":\"PaperBolt.\"},\"image\":{\"@id\":\"https:\\\/\\\/paperbolt.fr\\\/#\\\/schema\\\/logo\\\/image\\\/\"}}]}<\/script>\n<!-- \/ Yoast SEO plugin. -->","yoast_head_json":{"title":"Visite virtuelle - PaperBolt.","robots":{"index":"index","follow":"follow","max-snippet":"max-snippet:-1","max-image-preview":"max-image-preview:large","max-video-preview":"max-video-preview:-1"},"canonical":"https:\/\/paperbolt.fr\/index.php\/visite-virtuelle\/","og_locale":"fr_FR","og_type":"article","og_title":"Visite virtuelle - PaperBolt.","og_description":"Visite Virtuelle Chez PaperBolt, nous r\u00e9volutionnons l&rsquo;exp\u00e9rience client gr\u00e2ce aux visites virtuelles immersives r\u00e9alis\u00e9es avec une cam\u00e9ra 360. Cette technologie avanc\u00e9e permet de cr\u00e9er des panoramas interactifs de vos projets, accessibles directement depuis le site de vente. Vos clients peuvent explorer chaque d\u00e9tail de leur futur espace, qu&rsquo;il s&rsquo;agisse d&rsquo;une maison, d&rsquo;un appartement ou d&rsquo;un [&hellip;]","og_url":"https:\/\/paperbolt.fr\/index.php\/visite-virtuelle\/","og_site_name":"PaperBolt.","article_modified_time":"2024-11-22T16:03:15+00:00","twitter_card":"summary_large_image","twitter_misc":{"Dur\u00e9e de lecture estim\u00e9e":"1 minute"},"schema":{"@context":"https:\/\/schema.org","@graph":[{"@type":"WebPage","@id":"https:\/\/paperbolt.fr\/index.php\/visite-virtuelle\/","url":"https:\/\/paperbolt.fr\/index.php\/visite-virtuelle\/","name":"Visite virtuelle - PaperBolt.","isPartOf":{"@id":"https:\/\/paperbolt.fr\/#website"},"datePublished":"2024-11-20T10:16:21+00:00","dateModified":"2024-11-22T16:03:15+00:00","breadcrumb":{"@id":"https:\/\/paperbolt.fr\/index.php\/visite-virtuelle\/#breadcrumb"},"inLanguage":"fr-FR","potentialAction":[{"@type":"ReadAction","target":["https:\/\/paperbolt.fr\/index.php\/visite-virtuelle\/"]}]},{"@type":"BreadcrumbList","@id":"https:\/\/paperbolt.fr\/index.php\/visite-virtuelle\/#breadcrumb","itemListElement":[{"@type":"ListItem","position":1,"name":"Accueil","item":"https:\/\/paperbolt.fr\/"},{"@type":"ListItem","position":2,"name":"Visite virtuelle"}]},{"@type":"WebSite","@id":"https:\/\/paperbolt.fr\/#website","url":"https:\/\/paperbolt.fr\/","name":"PaperBolt.","description":"","publisher":{"@id":"https:\/\/paperbolt.fr\/#organization"},"potentialAction":[{"@type":"SearchAction","target":{"@type":"EntryPoint","urlTemplate":"https:\/\/paperbolt.fr\/?s={search_term_string}"},"query-input":{"@type":"PropertyValueSpecification","valueRequired":true,"valueName":"search_term_string"}}],"inLanguage":"fr-FR"},{"@type":"Organization","@id":"https:\/\/paperbolt.fr\/#organization","name":"PaperBolt.","url":"https:\/\/paperbolt.fr\/","logo":{"@type":"ImageObject","inLanguage":"fr-FR","@id":"https:\/\/paperbolt.fr\/#\/schema\/logo\/image\/","url":"https:\/\/paperbolt.fr\/wp-content\/uploads\/2024\/11\/Logo-2024.png","contentUrl":"https:\/\/paperbolt.fr\/wp-content\/uploads\/2024\/11\/Logo-2024.png","width":1500,"height":1500,"caption":"PaperBolt."},"image":{"@id":"https:\/\/paperbolt.fr\/#\/schema\/logo\/image\/"}}]}},"_links":{"self":[{"href":"https:\/\/paperbolt.fr\/index.php\/wp-json\/wp\/v2\/pages\/70","targetHints":{"allow":["GET"]}}],"collection":[{"href":"https:\/\/paperbolt.fr\/index.php\/wp-json\/wp\/v2\/pages"}],"about":[{"href":"https:\/\/paperbolt.fr\/index.php\/wp-json\/wp\/v2\/types\/page"}],"author":[{"embeddable":true,"href":"https:\/\/paperbolt.fr\/index.php\/wp-json\/wp\/v2\/users\/1"}],"replies":[{"embeddable":true,"href":"https:\/\/paperbolt.fr\/index.php\/wp-json\/wp\/v2\/comments?post=70"}],"version-history":[{"count":25,"href":"https:\/\/paperbolt.fr\/index.php\/wp-json\/wp\/v2\/pages\/70\/revisions"}],"predecessor-version":[{"id":511,"href":"https:\/\/paperbolt.fr\/index.php\/wp-json\/wp\/v2\/pages\/70\/revisions\/511"}],"wp:attachment":[{"href":"https:\/\/paperbolt.fr\/index.php\/wp-json\/wp\/v2\/media?parent=70"}],"curies":[{"name":"wp","href":"https:\/\/api.w.org\/{rel}","templated":true}]}}