{"id":68,"date":"2024-11-20T11:16:01","date_gmt":"2024-11-20T10:16:01","guid":{"rendered":"https:\/\/paperbolt.fr\/?page_id=68"},"modified":"2024-11-27T11:07:26","modified_gmt":"2024-11-27T10:07:26","slug":"integration","status":"publish","type":"page","link":"https:\/\/paperbolt.fr\/index.php\/integration\/","title":{"rendered":"Int\u00e9gration"},"content":{"rendered":"\t\t<div data-elementor-type=\"wp-page\" data-elementor-id=\"68\" class=\"elementor elementor-68\">\n\t\t\t\t<div class=\"elementor-element elementor-element-7c344ed e-flex e-con-boxed e-con e-parent\" data-id=\"7c344ed\" data-element_type=\"container\" data-e-type=\"container\">\n\t\t\t\t\t<div class=\"e-con-inner\">\n\t\t\t\t<div class=\"elementor-element elementor-element-455d8cb elementor-invisible elementor-widget elementor-widget-heading\" data-id=\"455d8cb\" data-element_type=\"widget\" data-e-type=\"widget\" data-settings=\"{&quot;_animation&quot;:&quot;fadeIn&quot;}\" data-widget_type=\"heading.default\">\n\t\t\t\t<div class=\"elementor-widget-container\">\n\t\t\t\t\t<h2 class=\"elementor-heading-title elementor-size-default\">Int\u00e9gration<\/h2>\t\t\t\t<\/div>\n\t\t\t\t<\/div>\n\t\t\t\t\t<\/div>\n\t\t\t\t<\/div>\n\t\t<div class=\"elementor-element elementor-element-c59aaa6 e-flex e-con-boxed e-con e-parent\" data-id=\"c59aaa6\" data-element_type=\"container\" data-e-type=\"container\">\n\t\t\t\t\t<div class=\"e-con-inner\">\n\t\t\t\t<div class=\"elementor-element elementor-element-f726308 elementor-widget-divider--view-line elementor-widget elementor-widget-divider\" data-id=\"f726308\" data-element_type=\"widget\" data-e-type=\"widget\" data-widget_type=\"divider.default\">\n\t\t\t\t<div class=\"elementor-widget-container\">\n\t\t\t\t\t\t\t<div class=\"elementor-divider\">\n\t\t\t<span class=\"elementor-divider-separator\">\n\t\t\t\t\t\t<\/span>\n\t\t<\/div>\n\t\t\t\t\t\t<\/div>\n\t\t\t\t<\/div>\n\t\t\t\t<div class=\"elementor-element elementor-element-e40e508 elementor-drop-cap-yes elementor-drop-cap-view-default elementor-widget elementor-widget-text-editor\" data-id=\"e40e508\" data-element_type=\"widget\" data-e-type=\"widget\" data-settings=\"{&quot;drop_cap&quot;:&quot;yes&quot;}\" data-widget_type=\"text-editor.default\">\n\t\t\t\t<div class=\"elementor-widget-container\">\n\t\t\t\t\t\t\t\t\t<p>Chez PaperBolt, l&rsquo;int\u00e9gration architecturale occupe une place centrale dans nos services. Gr\u00e2ce \u00e0 des perspectives 3D r\u00e9alistes, nous pla\u00e7ons vos futurs projets directement dans leur environnement existant, qu&rsquo;il s&rsquo;agisse d&rsquo;un quartier urbain, d&rsquo;un espace naturel ou d&rsquo;un terrain isol\u00e9. Cette d\u00e9marche permet non seulement de visualiser l&rsquo;harmonie entre le b\u00e2timent et son contexte, mais \u00e9galement d\u2019anticiper les \u00e9ventuels ajustements n\u00e9cessaires pour une implantation r\u00e9ussie. En combinant esth\u00e9tique, fonctionnalit\u00e9 et respect de l\u2019environnement, nous offrons aux professionnels comme aux particuliers une vision claire et immersive de leurs projets avant m\u00eame qu\u2019ils ne prennent vie.<\/p>\t\t\t\t\t\t\t\t<\/div>\n\t\t\t\t<\/div>\n\t\t\t\t\t<\/div>\n\t\t\t\t<\/div>\n\t\t<div class=\"elementor-element elementor-element-4d783c1 e-flex e-con-boxed e-con e-parent\" data-id=\"4d783c1\" data-element_type=\"container\" data-e-type=\"container\">\n\t\t\t\t\t<div class=\"e-con-inner\">\n\t\t\t\t<div class=\"elementor-element elementor-element-7513415 elementor-invisible elementor-widget elementor-widget-qi_addons_for_elementor_image_gallery_pinterest\" data-id=\"7513415\" data-element_type=\"widget\" data-e-type=\"widget\" data-settings=\"{&quot;_animation&quot;:&quot;fadeInUp&quot;}\" data-widget_type=\"qi_addons_for_elementor_image_gallery_pinterest.default\">\n\t\t\t\t<div class=\"elementor-widget-container\">\n\t\t\t\t\t<div class=\"qodef-shortcode qodef-m qodef-qi-image-gallery-pinterest qodef-qi-fslightbox-popup qodef-popup-gallery qodef-image--hover-zoom qodef-qi-grid qodef-layout--qi-masonry qodef-col-num--2 qodef-responsive--predefined\">\n\t<div class=\"qodef-grid-inner\">\n\t\t\t<div class=\"qodef-qi-grid-masonry-sizer\"><\/div>\n<div class=\"qodef-e qodef-image-wrapper qodef-grid-item\">\n\t<div class=\"qodef-e-inner\">\n\t\t\t\t\t<a class=\"qodef-popup-item\" itemprop=\"image\" href=\"https:\/\/paperbolt.fr\/wp-content\/uploads\/2024\/11\/General-de-Gaule-1.jpeg\" data-type=\"image\" data-fslightbox=\"gallery-690\">\n\t\t\t\t\t<img fetchpriority=\"high\" decoding=\"async\" width=\"1400\" height=\"934\" src=\"https:\/\/paperbolt.fr\/wp-content\/uploads\/2024\/11\/General-de-Gaule-1.jpeg\" class=\"attachment-full size-full\" alt=\"\" srcset=\"https:\/\/paperbolt.fr\/wp-content\/uploads\/2024\/11\/General-de-Gaule-1.jpeg 1400w, https:\/\/paperbolt.fr\/wp-content\/uploads\/2024\/11\/General-de-Gaule-1-300x200.jpeg 300w, https:\/\/paperbolt.fr\/wp-content\/uploads\/2024\/11\/General-de-Gaule-1-1024x683.jpeg 1024w, https:\/\/paperbolt.fr\/wp-content\/uploads\/2024\/11\/General-de-Gaule-1-768x512.jpeg 768w\" sizes=\"(max-width: 1400px) 100vw, 1400px\" \/>\t\t\t\t\t<\/a>\n\t\t\t<\/div>\n<\/div>\n<div class=\"qodef-e qodef-image-wrapper qodef-grid-item\">\n\t<div class=\"qodef-e-inner\">\n\t\t\t\t\t<a class=\"qodef-popup-item\" itemprop=\"image\" href=\"https:\/\/paperbolt.fr\/wp-content\/uploads\/2024\/11\/Palmarole.jpg\" data-type=\"image\" data-fslightbox=\"gallery-690\">\n\t\t\t\t\t<img decoding=\"async\" width=\"1050\" height=\"1400\" src=\"https:\/\/paperbolt.fr\/wp-content\/uploads\/2024\/11\/Palmarole.jpg\" class=\"attachment-full size-full\" alt=\"\" srcset=\"https:\/\/paperbolt.fr\/wp-content\/uploads\/2024\/11\/Palmarole.jpg 1050w, https:\/\/paperbolt.fr\/wp-content\/uploads\/2024\/11\/Palmarole-225x300.jpg 225w, https:\/\/paperbolt.fr\/wp-content\/uploads\/2024\/11\/Palmarole-768x1024.jpg 768w\" sizes=\"(max-width: 1050px) 100vw, 1050px\" \/>\t\t\t\t\t<\/a>\n\t\t\t<\/div>\n<\/div>\n<div class=\"qodef-e qodef-image-wrapper qodef-grid-item\">\n\t<div class=\"qodef-e-inner\">\n\t\t\t\t\t<a class=\"qodef-popup-item\" itemprop=\"image\" href=\"https:\/\/paperbolt.fr\/wp-content\/uploads\/2024\/11\/Facade-Rue-Mailly.jpeg\" data-type=\"image\" data-fslightbox=\"gallery-690\">\n\t\t\t\t\t<img decoding=\"async\" width=\"934\" height=\"1400\" src=\"https:\/\/paperbolt.fr\/wp-content\/uploads\/2024\/11\/Facade-Rue-Mailly.jpeg\" class=\"attachment-full size-full\" alt=\"\" srcset=\"https:\/\/paperbolt.fr\/wp-content\/uploads\/2024\/11\/Facade-Rue-Mailly.jpeg 934w, https:\/\/paperbolt.fr\/wp-content\/uploads\/2024\/11\/Facade-Rue-Mailly-200x300.jpeg 200w, https:\/\/paperbolt.fr\/wp-content\/uploads\/2024\/11\/Facade-Rue-Mailly-683x1024.jpeg 683w, https:\/\/paperbolt.fr\/wp-content\/uploads\/2024\/11\/Facade-Rue-Mailly-768x1151.jpeg 768w\" sizes=\"(max-width: 934px) 100vw, 934px\" \/>\t\t\t\t\t<\/a>\n\t\t\t<\/div>\n<\/div>\n<div class=\"qodef-e qodef-image-wrapper qodef-grid-item\">\n\t<div class=\"qodef-e-inner\">\n\t\t\t\t\t<a class=\"qodef-popup-item\" itemprop=\"image\" href=\"https:\/\/paperbolt.fr\/wp-content\/uploads\/2024\/11\/Facade-scaled-1.jpeg\" data-type=\"image\" data-fslightbox=\"gallery-690\">\n\t\t\t\t\t<img loading=\"lazy\" decoding=\"async\" width=\"1400\" height=\"934\" src=\"https:\/\/paperbolt.fr\/wp-content\/uploads\/2024\/11\/Facade-scaled-1.jpeg\" class=\"attachment-full size-full\" alt=\"\" srcset=\"https:\/\/paperbolt.fr\/wp-content\/uploads\/2024\/11\/Facade-scaled-1.jpeg 1400w, https:\/\/paperbolt.fr\/wp-content\/uploads\/2024\/11\/Facade-scaled-1-300x200.jpeg 300w, https:\/\/paperbolt.fr\/wp-content\/uploads\/2024\/11\/Facade-scaled-1-1024x683.jpeg 1024w, https:\/\/paperbolt.fr\/wp-content\/uploads\/2024\/11\/Facade-scaled-1-768x512.jpeg 768w\" sizes=\"(max-width: 1400px) 100vw, 1400px\" \/>\t\t\t\t\t<\/a>\n\t\t\t<\/div>\n<\/div>\n<div class=\"qodef-e qodef-image-wrapper qodef-grid-item\">\n\t<div class=\"qodef-e-inner\">\n\t\t\t\t\t<a class=\"qodef-popup-item\" itemprop=\"image\" href=\"https:\/\/paperbolt.fr\/wp-content\/uploads\/2024\/11\/Chateau-Pares-copie-2-1.jpg\" data-type=\"image\" data-fslightbox=\"gallery-690\">\n\t\t\t\t\t<img loading=\"lazy\" decoding=\"async\" width=\"1400\" height=\"787\" src=\"https:\/\/paperbolt.fr\/wp-content\/uploads\/2024\/11\/Chateau-Pares-copie-2-1.jpg\" class=\"attachment-full size-full\" alt=\"\" srcset=\"https:\/\/paperbolt.fr\/wp-content\/uploads\/2024\/11\/Chateau-Pares-copie-2-1.jpg 1400w, https:\/\/paperbolt.fr\/wp-content\/uploads\/2024\/11\/Chateau-Pares-copie-2-1-300x169.jpg 300w, https:\/\/paperbolt.fr\/wp-content\/uploads\/2024\/11\/Chateau-Pares-copie-2-1-1024x576.jpg 1024w, https:\/\/paperbolt.fr\/wp-content\/uploads\/2024\/11\/Chateau-Pares-copie-2-1-768x432.jpg 768w\" sizes=\"(max-width: 1400px) 100vw, 1400px\" \/>\t\t\t\t\t<\/a>\n\t\t\t<\/div>\n<\/div>\n<div class=\"qodef-e qodef-image-wrapper qodef-grid-item\">\n\t<div class=\"qodef-e-inner\">\n\t\t\t\t\t<a class=\"qodef-popup-item\" itemprop=\"image\" href=\"https:\/\/paperbolt.fr\/wp-content\/uploads\/2024\/11\/Model0001-scaled-1.jpg\" data-type=\"image\" data-fslightbox=\"gallery-690\">\n\t\t\t\t\t<img loading=\"lazy\" decoding=\"async\" width=\"1400\" height=\"933\" src=\"https:\/\/paperbolt.fr\/wp-content\/uploads\/2024\/11\/Model0001-scaled-1.jpg\" class=\"attachment-full size-full\" alt=\"\" srcset=\"https:\/\/paperbolt.fr\/wp-content\/uploads\/2024\/11\/Model0001-scaled-1.jpg 1400w, https:\/\/paperbolt.fr\/wp-content\/uploads\/2024\/11\/Model0001-scaled-1-300x200.jpg 300w, https:\/\/paperbolt.fr\/wp-content\/uploads\/2024\/11\/Model0001-scaled-1-1024x682.jpg 1024w, https:\/\/paperbolt.fr\/wp-content\/uploads\/2024\/11\/Model0001-scaled-1-768x512.jpg 768w\" sizes=\"(max-width: 1400px) 100vw, 1400px\" \/>\t\t\t\t\t<\/a>\n\t\t\t<\/div>\n<\/div>\n<div class=\"qodef-e qodef-image-wrapper qodef-grid-item\">\n\t<div class=\"qodef-e-inner\">\n\t\t\t\t\t<a class=\"qodef-popup-item\" itemprop=\"image\" href=\"https:\/\/paperbolt.fr\/wp-content\/uploads\/2024\/11\/Integration-Facade.jpeg\" data-type=\"image\" data-fslightbox=\"gallery-690\">\n\t\t\t\t\t<img loading=\"lazy\" decoding=\"async\" width=\"1050\" height=\"1400\" src=\"https:\/\/paperbolt.fr\/wp-content\/uploads\/2024\/11\/Integration-Facade.jpeg\" class=\"attachment-full size-full\" alt=\"\" srcset=\"https:\/\/paperbolt.fr\/wp-content\/uploads\/2024\/11\/Integration-Facade.jpeg 1050w, https:\/\/paperbolt.fr\/wp-content\/uploads\/2024\/11\/Integration-Facade-225x300.jpeg 225w, https:\/\/paperbolt.fr\/wp-content\/uploads\/2024\/11\/Integration-Facade-768x1024.jpeg 768w\" sizes=\"(max-width: 1050px) 100vw, 1050px\" \/>\t\t\t\t\t<\/a>\n\t\t\t<\/div>\n<\/div>\n<div class=\"qodef-e qodef-image-wrapper qodef-grid-item\">\n\t<div class=\"qodef-e-inner\">\n\t\t\t\t\t<a class=\"qodef-popup-item\" itemprop=\"image\" href=\"https:\/\/paperbolt.fr\/wp-content\/uploads\/2024\/11\/Insertion-ok.jpeg\" data-type=\"image\" data-fslightbox=\"gallery-690\">\n\t\t\t\t\t<img loading=\"lazy\" decoding=\"async\" width=\"1400\" height=\"882\" src=\"https:\/\/paperbolt.fr\/wp-content\/uploads\/2024\/11\/Insertion-ok.jpeg\" class=\"attachment-full size-full\" alt=\"\" srcset=\"https:\/\/paperbolt.fr\/wp-content\/uploads\/2024\/11\/Insertion-ok.jpeg 1400w, https:\/\/paperbolt.fr\/wp-content\/uploads\/2024\/11\/Insertion-ok-300x189.jpeg 300w, https:\/\/paperbolt.fr\/wp-content\/uploads\/2024\/11\/Insertion-ok-1024x645.jpeg 1024w, https:\/\/paperbolt.fr\/wp-content\/uploads\/2024\/11\/Insertion-ok-768x484.jpeg 768w\" sizes=\"(max-width: 1400px) 100vw, 1400px\" \/>\t\t\t\t\t<\/a>\n\t\t\t<\/div>\n<\/div>\n<div class=\"qodef-e qodef-image-wrapper qodef-grid-item\">\n\t<div class=\"qodef-e-inner\">\n\t\t\t\t\t<a class=\"qodef-popup-item\" itemprop=\"image\" href=\"https:\/\/paperbolt.fr\/wp-content\/uploads\/2024\/11\/Aerien-1.jpeg\" data-type=\"image\" data-fslightbox=\"gallery-690\">\n\t\t\t\t\t<img loading=\"lazy\" decoding=\"async\" width=\"1400\" height=\"932\" src=\"https:\/\/paperbolt.fr\/wp-content\/uploads\/2024\/11\/Aerien-1.jpeg\" class=\"attachment-full size-full\" alt=\"\" srcset=\"https:\/\/paperbolt.fr\/wp-content\/uploads\/2024\/11\/Aerien-1.jpeg 1400w, https:\/\/paperbolt.fr\/wp-content\/uploads\/2024\/11\/Aerien-1-300x200.jpeg 300w, https:\/\/paperbolt.fr\/wp-content\/uploads\/2024\/11\/Aerien-1-1024x682.jpeg 1024w, https:\/\/paperbolt.fr\/wp-content\/uploads\/2024\/11\/Aerien-1-768x511.jpeg 768w\" sizes=\"(max-width: 1400px) 100vw, 1400px\" \/>\t\t\t\t\t<\/a>\n\t\t\t<\/div>\n<\/div>\n<div class=\"qodef-e qodef-image-wrapper qodef-grid-item\">\n\t<div class=\"qodef-e-inner\">\n\t\t\t\t\t<a class=\"qodef-popup-item\" itemprop=\"image\" href=\"https:\/\/paperbolt.fr\/wp-content\/uploads\/2024\/11\/21170-Naturopole-Canohes3.jpg\" data-type=\"image\" data-fslightbox=\"gallery-690\">\n\t\t\t\t\t<img loading=\"lazy\" decoding=\"async\" width=\"1400\" height=\"787\" src=\"https:\/\/paperbolt.fr\/wp-content\/uploads\/2024\/11\/21170-Naturopole-Canohes3.jpg\" class=\"attachment-full size-full\" alt=\"\" srcset=\"https:\/\/paperbolt.fr\/wp-content\/uploads\/2024\/11\/21170-Naturopole-Canohes3.jpg 1400w, https:\/\/paperbolt.fr\/wp-content\/uploads\/2024\/11\/21170-Naturopole-Canohes3-300x169.jpg 300w, https:\/\/paperbolt.fr\/wp-content\/uploads\/2024\/11\/21170-Naturopole-Canohes3-1024x576.jpg 1024w, https:\/\/paperbolt.fr\/wp-content\/uploads\/2024\/11\/21170-Naturopole-Canohes3-768x432.jpg 768w\" sizes=\"(max-width: 1400px) 100vw, 1400px\" \/>\t\t\t\t\t<\/a>\n\t\t\t<\/div>\n<\/div>\n\t<\/div>\n<\/div>\n\t\t\t\t<\/div>\n\t\t\t\t<\/div>\n\t\t\t\t\t<\/div>\n\t\t\t\t<\/div>\n\t\t\t\t<\/div>\n\t\t","protected":false},"excerpt":{"rendered":"<p>Int\u00e9gration Chez PaperBolt, l&rsquo;int\u00e9gration architecturale occupe une place centrale dans nos services. Gr\u00e2ce \u00e0 des perspectives 3D r\u00e9alistes, nous pla\u00e7ons vos futurs projets directement dans leur environnement existant, qu&rsquo;il s&rsquo;agisse d&rsquo;un quartier urbain, d&rsquo;un espace naturel ou d&rsquo;un terrain isol\u00e9. Cette d\u00e9marche permet non seulement de visualiser l&rsquo;harmonie entre le b\u00e2timent et son contexte, mais [&hellip;]<\/p>\n","protected":false},"author":1,"featured_media":0,"parent":0,"menu_order":0,"comment_status":"closed","ping_status":"closed","template":"","meta":{"footnotes":""},"class_list":["post-68","page","type-page","status-publish","hentry"],"yoast_head":"<!-- This site is optimized with the Yoast SEO plugin v27.4 - https:\/\/yoast.com\/product\/yoast-seo-wordpress\/ -->\n<title>Int\u00e9gration - PaperBolt.<\/title>\n<meta name=\"robots\" content=\"index, follow, max-snippet:-1, max-image-preview:large, max-video-preview:-1\" \/>\n<link rel=\"canonical\" href=\"https:\/\/paperbolt.fr\/index.php\/integration\/\" \/>\n<meta property=\"og:locale\" content=\"fr_FR\" \/>\n<meta property=\"og:type\" content=\"article\" \/>\n<meta property=\"og:title\" content=\"Int\u00e9gration - PaperBolt.\" \/>\n<meta property=\"og:description\" content=\"Int\u00e9gration Chez PaperBolt, l&rsquo;int\u00e9gration architecturale occupe une place centrale dans nos services. Gr\u00e2ce \u00e0 des perspectives 3D r\u00e9alistes, nous pla\u00e7ons vos futurs projets directement dans leur environnement existant, qu&rsquo;il s&rsquo;agisse d&rsquo;un quartier urbain, d&rsquo;un espace naturel ou d&rsquo;un terrain isol\u00e9. Cette d\u00e9marche permet non seulement de visualiser l&rsquo;harmonie entre le b\u00e2timent et son contexte, mais [&hellip;]\" \/>\n<meta property=\"og:url\" content=\"https:\/\/paperbolt.fr\/index.php\/integration\/\" \/>\n<meta property=\"og:site_name\" content=\"PaperBolt.\" \/>\n<meta property=\"article:modified_time\" content=\"2024-11-27T10:07:26+00:00\" \/>\n<meta property=\"og:image\" content=\"http:\/\/paperbolt.fr\/wp-content\/uploads\/2024\/11\/General-de-Gaule-1.jpeg\" \/>\n<meta name=\"twitter:card\" content=\"summary_large_image\" \/>\n<meta name=\"twitter:label1\" content=\"Dur\u00e9e de lecture estim\u00e9e\" \/>\n\t<meta name=\"twitter:data1\" content=\"3 minutes\" \/>\n<script type=\"application\/ld+json\" class=\"yoast-schema-graph\">{\"@context\":\"https:\\\/\\\/schema.org\",\"@graph\":[{\"@type\":\"WebPage\",\"@id\":\"https:\\\/\\\/paperbolt.fr\\\/index.php\\\/integration\\\/\",\"url\":\"https:\\\/\\\/paperbolt.fr\\\/index.php\\\/integration\\\/\",\"name\":\"Int\u00e9gration - PaperBolt.\",\"isPartOf\":{\"@id\":\"https:\\\/\\\/paperbolt.fr\\\/#website\"},\"primaryImageOfPage\":{\"@id\":\"https:\\\/\\\/paperbolt.fr\\\/index.php\\\/integration\\\/#primaryimage\"},\"image\":{\"@id\":\"https:\\\/\\\/paperbolt.fr\\\/index.php\\\/integration\\\/#primaryimage\"},\"thumbnailUrl\":\"http:\\\/\\\/paperbolt.fr\\\/wp-content\\\/uploads\\\/2024\\\/11\\\/General-de-Gaule-1.jpeg\",\"datePublished\":\"2024-11-20T10:16:01+00:00\",\"dateModified\":\"2024-11-27T10:07:26+00:00\",\"breadcrumb\":{\"@id\":\"https:\\\/\\\/paperbolt.fr\\\/index.php\\\/integration\\\/#breadcrumb\"},\"inLanguage\":\"fr-FR\",\"potentialAction\":[{\"@type\":\"ReadAction\",\"target\":[\"https:\\\/\\\/paperbolt.fr\\\/index.php\\\/integration\\\/\"]}]},{\"@type\":\"ImageObject\",\"inLanguage\":\"fr-FR\",\"@id\":\"https:\\\/\\\/paperbolt.fr\\\/index.php\\\/integration\\\/#primaryimage\",\"url\":\"http:\\\/\\\/paperbolt.fr\\\/wp-content\\\/uploads\\\/2024\\\/11\\\/General-de-Gaule-1.jpeg\",\"contentUrl\":\"http:\\\/\\\/paperbolt.fr\\\/wp-content\\\/uploads\\\/2024\\\/11\\\/General-de-Gaule-1.jpeg\"},{\"@type\":\"BreadcrumbList\",\"@id\":\"https:\\\/\\\/paperbolt.fr\\\/index.php\\\/integration\\\/#breadcrumb\",\"itemListElement\":[{\"@type\":\"ListItem\",\"position\":1,\"name\":\"Accueil\",\"item\":\"https:\\\/\\\/paperbolt.fr\\\/\"},{\"@type\":\"ListItem\",\"position\":2,\"name\":\"Int\u00e9gration\"}]},{\"@type\":\"WebSite\",\"@id\":\"https:\\\/\\\/paperbolt.fr\\\/#website\",\"url\":\"https:\\\/\\\/paperbolt.fr\\\/\",\"name\":\"PaperBolt.\",\"description\":\"\",\"publisher\":{\"@id\":\"https:\\\/\\\/paperbolt.fr\\\/#organization\"},\"potentialAction\":[{\"@type\":\"SearchAction\",\"target\":{\"@type\":\"EntryPoint\",\"urlTemplate\":\"https:\\\/\\\/paperbolt.fr\\\/?s={search_term_string}\"},\"query-input\":{\"@type\":\"PropertyValueSpecification\",\"valueRequired\":true,\"valueName\":\"search_term_string\"}}],\"inLanguage\":\"fr-FR\"},{\"@type\":\"Organization\",\"@id\":\"https:\\\/\\\/paperbolt.fr\\\/#organization\",\"name\":\"PaperBolt.\",\"url\":\"https:\\\/\\\/paperbolt.fr\\\/\",\"logo\":{\"@type\":\"ImageObject\",\"inLanguage\":\"fr-FR\",\"@id\":\"https:\\\/\\\/paperbolt.fr\\\/#\\\/schema\\\/logo\\\/image\\\/\",\"url\":\"https:\\\/\\\/paperbolt.fr\\\/wp-content\\\/uploads\\\/2024\\\/11\\\/Logo-2024.png\",\"contentUrl\":\"https:\\\/\\\/paperbolt.fr\\\/wp-content\\\/uploads\\\/2024\\\/11\\\/Logo-2024.png\",\"width\":1500,\"height\":1500,\"caption\":\"PaperBolt.\"},\"image\":{\"@id\":\"https:\\\/\\\/paperbolt.fr\\\/#\\\/schema\\\/logo\\\/image\\\/\"}}]}<\/script>\n<!-- \/ Yoast SEO plugin. -->","yoast_head_json":{"title":"Int\u00e9gration - PaperBolt.","robots":{"index":"index","follow":"follow","max-snippet":"max-snippet:-1","max-image-preview":"max-image-preview:large","max-video-preview":"max-video-preview:-1"},"canonical":"https:\/\/paperbolt.fr\/index.php\/integration\/","og_locale":"fr_FR","og_type":"article","og_title":"Int\u00e9gration - PaperBolt.","og_description":"Int\u00e9gration Chez PaperBolt, l&rsquo;int\u00e9gration architecturale occupe une place centrale dans nos services. Gr\u00e2ce \u00e0 des perspectives 3D r\u00e9alistes, nous pla\u00e7ons vos futurs projets directement dans leur environnement existant, qu&rsquo;il s&rsquo;agisse d&rsquo;un quartier urbain, d&rsquo;un espace naturel ou d&rsquo;un terrain isol\u00e9. Cette d\u00e9marche permet non seulement de visualiser l&rsquo;harmonie entre le b\u00e2timent et son contexte, mais [&hellip;]","og_url":"https:\/\/paperbolt.fr\/index.php\/integration\/","og_site_name":"PaperBolt.","article_modified_time":"2024-11-27T10:07:26+00:00","og_image":[{"url":"http:\/\/paperbolt.fr\/wp-content\/uploads\/2024\/11\/General-de-Gaule-1.jpeg","type":"","width":"","height":""}],"twitter_card":"summary_large_image","twitter_misc":{"Dur\u00e9e de lecture estim\u00e9e":"3 minutes"},"schema":{"@context":"https:\/\/schema.org","@graph":[{"@type":"WebPage","@id":"https:\/\/paperbolt.fr\/index.php\/integration\/","url":"https:\/\/paperbolt.fr\/index.php\/integration\/","name":"Int\u00e9gration - PaperBolt.","isPartOf":{"@id":"https:\/\/paperbolt.fr\/#website"},"primaryImageOfPage":{"@id":"https:\/\/paperbolt.fr\/index.php\/integration\/#primaryimage"},"image":{"@id":"https:\/\/paperbolt.fr\/index.php\/integration\/#primaryimage"},"thumbnailUrl":"http:\/\/paperbolt.fr\/wp-content\/uploads\/2024\/11\/General-de-Gaule-1.jpeg","datePublished":"2024-11-20T10:16:01+00:00","dateModified":"2024-11-27T10:07:26+00:00","breadcrumb":{"@id":"https:\/\/paperbolt.fr\/index.php\/integration\/#breadcrumb"},"inLanguage":"fr-FR","potentialAction":[{"@type":"ReadAction","target":["https:\/\/paperbolt.fr\/index.php\/integration\/"]}]},{"@type":"ImageObject","inLanguage":"fr-FR","@id":"https:\/\/paperbolt.fr\/index.php\/integration\/#primaryimage","url":"http:\/\/paperbolt.fr\/wp-content\/uploads\/2024\/11\/General-de-Gaule-1.jpeg","contentUrl":"http:\/\/paperbolt.fr\/wp-content\/uploads\/2024\/11\/General-de-Gaule-1.jpeg"},{"@type":"BreadcrumbList","@id":"https:\/\/paperbolt.fr\/index.php\/integration\/#breadcrumb","itemListElement":[{"@type":"ListItem","position":1,"name":"Accueil","item":"https:\/\/paperbolt.fr\/"},{"@type":"ListItem","position":2,"name":"Int\u00e9gration"}]},{"@type":"WebSite","@id":"https:\/\/paperbolt.fr\/#website","url":"https:\/\/paperbolt.fr\/","name":"PaperBolt.","description":"","publisher":{"@id":"https:\/\/paperbolt.fr\/#organization"},"potentialAction":[{"@type":"SearchAction","target":{"@type":"EntryPoint","urlTemplate":"https:\/\/paperbolt.fr\/?s={search_term_string}"},"query-input":{"@type":"PropertyValueSpecification","valueRequired":true,"valueName":"search_term_string"}}],"inLanguage":"fr-FR"},{"@type":"Organization","@id":"https:\/\/paperbolt.fr\/#organization","name":"PaperBolt.","url":"https:\/\/paperbolt.fr\/","logo":{"@type":"ImageObject","inLanguage":"fr-FR","@id":"https:\/\/paperbolt.fr\/#\/schema\/logo\/image\/","url":"https:\/\/paperbolt.fr\/wp-content\/uploads\/2024\/11\/Logo-2024.png","contentUrl":"https:\/\/paperbolt.fr\/wp-content\/uploads\/2024\/11\/Logo-2024.png","width":1500,"height":1500,"caption":"PaperBolt."},"image":{"@id":"https:\/\/paperbolt.fr\/#\/schema\/logo\/image\/"}}]}},"_links":{"self":[{"href":"https:\/\/paperbolt.fr\/index.php\/wp-json\/wp\/v2\/pages\/68","targetHints":{"allow":["GET"]}}],"collection":[{"href":"https:\/\/paperbolt.fr\/index.php\/wp-json\/wp\/v2\/pages"}],"about":[{"href":"https:\/\/paperbolt.fr\/index.php\/wp-json\/wp\/v2\/types\/page"}],"author":[{"embeddable":true,"href":"https:\/\/paperbolt.fr\/index.php\/wp-json\/wp\/v2\/users\/1"}],"replies":[{"embeddable":true,"href":"https:\/\/paperbolt.fr\/index.php\/wp-json\/wp\/v2\/comments?post=68"}],"version-history":[{"count":30,"href":"https:\/\/paperbolt.fr\/index.php\/wp-json\/wp\/v2\/pages\/68\/revisions"}],"predecessor-version":[{"id":789,"href":"https:\/\/paperbolt.fr\/index.php\/wp-json\/wp\/v2\/pages\/68\/revisions\/789"}],"wp:attachment":[{"href":"https:\/\/paperbolt.fr\/index.php\/wp-json\/wp\/v2\/media?parent=68"}],"curies":[{"name":"wp","href":"https:\/\/api.w.org\/{rel}","templated":true}]}}