{"id":66,"date":"2024-11-20T11:15:44","date_gmt":"2024-11-20T10:15:44","guid":{"rendered":"https:\/\/paperbolt.fr\/?page_id=66"},"modified":"2024-11-27T11:09:10","modified_gmt":"2024-11-27T10:09:10","slug":"plan-3d","status":"publish","type":"page","link":"https:\/\/paperbolt.fr\/index.php\/plan-3d\/","title":{"rendered":"Plan 3D"},"content":{"rendered":"\t\t<div data-elementor-type=\"wp-page\" data-elementor-id=\"66\" class=\"elementor elementor-66\">\n\t\t\t\t<div class=\"elementor-element elementor-element-1d7ee1f e-flex e-con-boxed e-con e-parent\" data-id=\"1d7ee1f\" data-element_type=\"container\" data-e-type=\"container\">\n\t\t\t\t\t<div class=\"e-con-inner\">\n\t\t\t\t<div class=\"elementor-element elementor-element-750be8f elementor-invisible elementor-widget elementor-widget-heading\" data-id=\"750be8f\" data-element_type=\"widget\" data-e-type=\"widget\" data-settings=\"{&quot;_animation&quot;:&quot;fadeIn&quot;}\" data-widget_type=\"heading.default\">\n\t\t\t\t<div class=\"elementor-widget-container\">\n\t\t\t\t\t<h2 class=\"elementor-heading-title elementor-size-default\">Plan 3D<\/h2>\t\t\t\t<\/div>\n\t\t\t\t<\/div>\n\t\t\t\t\t<\/div>\n\t\t\t\t<\/div>\n\t\t<div class=\"elementor-element elementor-element-bd75526 e-flex e-con-boxed e-con e-parent\" data-id=\"bd75526\" data-element_type=\"container\" data-e-type=\"container\">\n\t\t\t\t\t<div class=\"e-con-inner\">\n\t\t\t\t<div class=\"elementor-element elementor-element-cf1214a elementor-widget-divider--view-line elementor-widget elementor-widget-divider\" data-id=\"cf1214a\" data-element_type=\"widget\" data-e-type=\"widget\" data-widget_type=\"divider.default\">\n\t\t\t\t<div class=\"elementor-widget-container\">\n\t\t\t\t\t\t\t<div class=\"elementor-divider\">\n\t\t\t<span class=\"elementor-divider-separator\">\n\t\t\t\t\t\t<\/span>\n\t\t<\/div>\n\t\t\t\t\t\t<\/div>\n\t\t\t\t<\/div>\n\t\t\t\t<div class=\"elementor-element elementor-element-6b22863 elementor-drop-cap-yes elementor-drop-cap-view-default elementor-widget elementor-widget-text-editor\" data-id=\"6b22863\" data-element_type=\"widget\" data-e-type=\"widget\" data-settings=\"{&quot;drop_cap&quot;:&quot;yes&quot;}\" data-widget_type=\"text-editor.default\">\n\t\t\t\t<div class=\"elementor-widget-container\">\n\t\t\t\t\t\t\t\t\t<p>Chez <strong>PaperBolt<\/strong>, nous transformons vos projets immobiliers en exp\u00e9riences visuelles immersives gr\u00e2ce \u00e0 nos plans 3D meubl\u00e9s. En int\u00e9grant des am\u00e9nagements r\u00e9alistes directement dans le plan de vente, nous aidons les futurs acheteurs \u00e0 se projeter facilement dans leur potentiel futur logement. Chaque d\u00e9tail, du mobilier aux couleurs, est soigneusement pens\u00e9 pour r\u00e9v\u00e9ler tout le potentiel de l\u2019espace, offrant une vision claire et s\u00e9duisante de ce que pourrait devenir leur chez-soi. Gr\u00e2ce \u00e0 notre expertise, vos biens immobiliers se d\u00e9marquent et captivent l\u2019attention d\u00e8s le premier regard.<\/p>\t\t\t\t\t\t\t\t<\/div>\n\t\t\t\t<\/div>\n\t\t\t\t\t<\/div>\n\t\t\t\t<\/div>\n\t\t<div class=\"elementor-element elementor-element-0eec8ae e-flex e-con-boxed e-con e-parent\" data-id=\"0eec8ae\" data-element_type=\"container\" data-e-type=\"container\">\n\t\t\t\t\t<div class=\"e-con-inner\">\n\t\t\t\t<div class=\"elementor-element elementor-element-cf9ca04 elementor-invisible elementor-widget elementor-widget-qi_addons_for_elementor_image_gallery_pinterest\" data-id=\"cf9ca04\" data-element_type=\"widget\" data-e-type=\"widget\" data-settings=\"{&quot;_animation&quot;:&quot;fadeInUp&quot;}\" data-widget_type=\"qi_addons_for_elementor_image_gallery_pinterest.default\">\n\t\t\t\t<div class=\"elementor-widget-container\">\n\t\t\t\t\t<div class=\"qodef-shortcode qodef-m qodef-qi-image-gallery-pinterest qodef-qi-fslightbox-popup qodef-popup-gallery qodef-image--hover-zoom qodef-qi-grid qodef-layout--qi-masonry qodef-col-num--1 qodef-responsive--predefined\">\n\t<div class=\"qodef-grid-inner\">\n\t\t\t<div class=\"qodef-qi-grid-masonry-sizer\"><\/div>\n<div class=\"qodef-e qodef-image-wrapper qodef-grid-item\">\n\t<div class=\"qodef-e-inner\">\n\t\t\t\t\t<a class=\"qodef-popup-item\" itemprop=\"image\" href=\"https:\/\/paperbolt.fr\/wp-content\/uploads\/2024\/11\/T4.jpeg\" data-type=\"image\" data-fslightbox=\"gallery-608\">\n\t\t\t\t\t<img fetchpriority=\"high\" decoding=\"async\" width=\"1400\" height=\"813\" src=\"https:\/\/paperbolt.fr\/wp-content\/uploads\/2024\/11\/T4.jpeg\" class=\"attachment-full size-full\" alt=\"\" srcset=\"https:\/\/paperbolt.fr\/wp-content\/uploads\/2024\/11\/T4.jpeg 1400w, https:\/\/paperbolt.fr\/wp-content\/uploads\/2024\/11\/T4-300x174.jpeg 300w, https:\/\/paperbolt.fr\/wp-content\/uploads\/2024\/11\/T4-1024x595.jpeg 1024w, https:\/\/paperbolt.fr\/wp-content\/uploads\/2024\/11\/T4-768x446.jpeg 768w\" sizes=\"(max-width: 1400px) 100vw, 1400px\" \/>\t\t\t\t\t<\/a>\n\t\t\t<\/div>\n<\/div>\n<div class=\"qodef-e qodef-image-wrapper qodef-grid-item\">\n\t<div class=\"qodef-e-inner\">\n\t\t\t\t\t<a class=\"qodef-popup-item\" itemprop=\"image\" href=\"https:\/\/paperbolt.fr\/wp-content\/uploads\/2024\/11\/T3.jpeg\" data-type=\"image\" data-fslightbox=\"gallery-608\">\n\t\t\t\t\t<img decoding=\"async\" width=\"1400\" height=\"813\" src=\"https:\/\/paperbolt.fr\/wp-content\/uploads\/2024\/11\/T3.jpeg\" class=\"attachment-full size-full\" alt=\"\" srcset=\"https:\/\/paperbolt.fr\/wp-content\/uploads\/2024\/11\/T3.jpeg 1400w, https:\/\/paperbolt.fr\/wp-content\/uploads\/2024\/11\/T3-300x174.jpeg 300w, https:\/\/paperbolt.fr\/wp-content\/uploads\/2024\/11\/T3-1024x595.jpeg 1024w, https:\/\/paperbolt.fr\/wp-content\/uploads\/2024\/11\/T3-768x446.jpeg 768w\" sizes=\"(max-width: 1400px) 100vw, 1400px\" \/>\t\t\t\t\t<\/a>\n\t\t\t<\/div>\n<\/div>\n<div class=\"qodef-e qodef-image-wrapper qodef-grid-item\">\n\t<div class=\"qodef-e-inner\">\n\t\t\t\t\t<a class=\"qodef-popup-item\" itemprop=\"image\" href=\"https:\/\/paperbolt.fr\/wp-content\/uploads\/2024\/11\/T2.jpeg\" data-type=\"image\" data-fslightbox=\"gallery-608\">\n\t\t\t\t\t<img decoding=\"async\" width=\"1400\" height=\"813\" src=\"https:\/\/paperbolt.fr\/wp-content\/uploads\/2024\/11\/T2.jpeg\" class=\"attachment-full size-full\" alt=\"\" srcset=\"https:\/\/paperbolt.fr\/wp-content\/uploads\/2024\/11\/T2.jpeg 1400w, https:\/\/paperbolt.fr\/wp-content\/uploads\/2024\/11\/T2-300x174.jpeg 300w, https:\/\/paperbolt.fr\/wp-content\/uploads\/2024\/11\/T2-1024x595.jpeg 1024w, https:\/\/paperbolt.fr\/wp-content\/uploads\/2024\/11\/T2-768x446.jpeg 768w\" sizes=\"(max-width: 1400px) 100vw, 1400px\" \/>\t\t\t\t\t<\/a>\n\t\t\t<\/div>\n<\/div>\n\t<\/div>\n<\/div>\n\t\t\t\t<\/div>\n\t\t\t\t<\/div>\n\t\t\t\t\t<\/div>\n\t\t\t\t<\/div>\n\t\t\t\t<\/div>\n\t\t","protected":false},"excerpt":{"rendered":"<p>Plan 3D Chez PaperBolt, nous transformons vos projets immobiliers en exp\u00e9riences visuelles immersives gr\u00e2ce \u00e0 nos plans 3D meubl\u00e9s. En int\u00e9grant des am\u00e9nagements r\u00e9alistes directement dans le plan de vente, nous aidons les futurs acheteurs \u00e0 se projeter facilement dans leur potentiel futur logement. Chaque d\u00e9tail, du mobilier aux couleurs, est soigneusement pens\u00e9 pour r\u00e9v\u00e9ler [&hellip;]<\/p>\n","protected":false},"author":1,"featured_media":0,"parent":0,"menu_order":0,"comment_status":"closed","ping_status":"closed","template":"","meta":{"footnotes":""},"class_list":["post-66","page","type-page","status-publish","hentry"],"yoast_head":"<!-- This site is optimized with the Yoast SEO plugin v27.4 - https:\/\/yoast.com\/product\/yoast-seo-wordpress\/ -->\n<title>Plan 3D - PaperBolt.<\/title>\n<meta name=\"robots\" content=\"index, follow, max-snippet:-1, max-image-preview:large, max-video-preview:-1\" \/>\n<link rel=\"canonical\" href=\"https:\/\/paperbolt.fr\/index.php\/plan-3d\/\" \/>\n<meta property=\"og:locale\" content=\"fr_FR\" \/>\n<meta property=\"og:type\" content=\"article\" \/>\n<meta property=\"og:title\" content=\"Plan 3D - PaperBolt.\" \/>\n<meta property=\"og:description\" content=\"Plan 3D Chez PaperBolt, nous transformons vos projets immobiliers en exp\u00e9riences visuelles immersives gr\u00e2ce \u00e0 nos plans 3D meubl\u00e9s. En int\u00e9grant des am\u00e9nagements r\u00e9alistes directement dans le plan de vente, nous aidons les futurs acheteurs \u00e0 se projeter facilement dans leur potentiel futur logement. Chaque d\u00e9tail, du mobilier aux couleurs, est soigneusement pens\u00e9 pour r\u00e9v\u00e9ler [&hellip;]\" \/>\n<meta property=\"og:url\" content=\"https:\/\/paperbolt.fr\/index.php\/plan-3d\/\" \/>\n<meta property=\"og:site_name\" content=\"PaperBolt.\" \/>\n<meta property=\"article:modified_time\" content=\"2024-11-27T10:09:10+00:00\" \/>\n<meta property=\"og:image\" content=\"http:\/\/paperbolt.fr\/wp-content\/uploads\/2024\/11\/T4.jpeg\" \/>\n<meta name=\"twitter:card\" content=\"summary_large_image\" \/>\n<meta name=\"twitter:label1\" content=\"Dur\u00e9e de lecture estim\u00e9e\" \/>\n\t<meta name=\"twitter:data1\" content=\"2 minutes\" \/>\n<script type=\"application\/ld+json\" class=\"yoast-schema-graph\">{\"@context\":\"https:\\\/\\\/schema.org\",\"@graph\":[{\"@type\":\"WebPage\",\"@id\":\"https:\\\/\\\/paperbolt.fr\\\/index.php\\\/plan-3d\\\/\",\"url\":\"https:\\\/\\\/paperbolt.fr\\\/index.php\\\/plan-3d\\\/\",\"name\":\"Plan 3D - PaperBolt.\",\"isPartOf\":{\"@id\":\"https:\\\/\\\/paperbolt.fr\\\/#website\"},\"primaryImageOfPage\":{\"@id\":\"https:\\\/\\\/paperbolt.fr\\\/index.php\\\/plan-3d\\\/#primaryimage\"},\"image\":{\"@id\":\"https:\\\/\\\/paperbolt.fr\\\/index.php\\\/plan-3d\\\/#primaryimage\"},\"thumbnailUrl\":\"http:\\\/\\\/paperbolt.fr\\\/wp-content\\\/uploads\\\/2024\\\/11\\\/T4.jpeg\",\"datePublished\":\"2024-11-20T10:15:44+00:00\",\"dateModified\":\"2024-11-27T10:09:10+00:00\",\"breadcrumb\":{\"@id\":\"https:\\\/\\\/paperbolt.fr\\\/index.php\\\/plan-3d\\\/#breadcrumb\"},\"inLanguage\":\"fr-FR\",\"potentialAction\":[{\"@type\":\"ReadAction\",\"target\":[\"https:\\\/\\\/paperbolt.fr\\\/index.php\\\/plan-3d\\\/\"]}]},{\"@type\":\"ImageObject\",\"inLanguage\":\"fr-FR\",\"@id\":\"https:\\\/\\\/paperbolt.fr\\\/index.php\\\/plan-3d\\\/#primaryimage\",\"url\":\"http:\\\/\\\/paperbolt.fr\\\/wp-content\\\/uploads\\\/2024\\\/11\\\/T4.jpeg\",\"contentUrl\":\"http:\\\/\\\/paperbolt.fr\\\/wp-content\\\/uploads\\\/2024\\\/11\\\/T4.jpeg\"},{\"@type\":\"BreadcrumbList\",\"@id\":\"https:\\\/\\\/paperbolt.fr\\\/index.php\\\/plan-3d\\\/#breadcrumb\",\"itemListElement\":[{\"@type\":\"ListItem\",\"position\":1,\"name\":\"Accueil\",\"item\":\"https:\\\/\\\/paperbolt.fr\\\/\"},{\"@type\":\"ListItem\",\"position\":2,\"name\":\"Plan 3D\"}]},{\"@type\":\"WebSite\",\"@id\":\"https:\\\/\\\/paperbolt.fr\\\/#website\",\"url\":\"https:\\\/\\\/paperbolt.fr\\\/\",\"name\":\"PaperBolt.\",\"description\":\"\",\"publisher\":{\"@id\":\"https:\\\/\\\/paperbolt.fr\\\/#organization\"},\"potentialAction\":[{\"@type\":\"SearchAction\",\"target\":{\"@type\":\"EntryPoint\",\"urlTemplate\":\"https:\\\/\\\/paperbolt.fr\\\/?s={search_term_string}\"},\"query-input\":{\"@type\":\"PropertyValueSpecification\",\"valueRequired\":true,\"valueName\":\"search_term_string\"}}],\"inLanguage\":\"fr-FR\"},{\"@type\":\"Organization\",\"@id\":\"https:\\\/\\\/paperbolt.fr\\\/#organization\",\"name\":\"PaperBolt.\",\"url\":\"https:\\\/\\\/paperbolt.fr\\\/\",\"logo\":{\"@type\":\"ImageObject\",\"inLanguage\":\"fr-FR\",\"@id\":\"https:\\\/\\\/paperbolt.fr\\\/#\\\/schema\\\/logo\\\/image\\\/\",\"url\":\"https:\\\/\\\/paperbolt.fr\\\/wp-content\\\/uploads\\\/2024\\\/11\\\/Logo-2024.png\",\"contentUrl\":\"https:\\\/\\\/paperbolt.fr\\\/wp-content\\\/uploads\\\/2024\\\/11\\\/Logo-2024.png\",\"width\":1500,\"height\":1500,\"caption\":\"PaperBolt.\"},\"image\":{\"@id\":\"https:\\\/\\\/paperbolt.fr\\\/#\\\/schema\\\/logo\\\/image\\\/\"}}]}<\/script>\n<!-- \/ Yoast SEO plugin. -->","yoast_head_json":{"title":"Plan 3D - PaperBolt.","robots":{"index":"index","follow":"follow","max-snippet":"max-snippet:-1","max-image-preview":"max-image-preview:large","max-video-preview":"max-video-preview:-1"},"canonical":"https:\/\/paperbolt.fr\/index.php\/plan-3d\/","og_locale":"fr_FR","og_type":"article","og_title":"Plan 3D - PaperBolt.","og_description":"Plan 3D Chez PaperBolt, nous transformons vos projets immobiliers en exp\u00e9riences visuelles immersives gr\u00e2ce \u00e0 nos plans 3D meubl\u00e9s. En int\u00e9grant des am\u00e9nagements r\u00e9alistes directement dans le plan de vente, nous aidons les futurs acheteurs \u00e0 se projeter facilement dans leur potentiel futur logement. Chaque d\u00e9tail, du mobilier aux couleurs, est soigneusement pens\u00e9 pour r\u00e9v\u00e9ler [&hellip;]","og_url":"https:\/\/paperbolt.fr\/index.php\/plan-3d\/","og_site_name":"PaperBolt.","article_modified_time":"2024-11-27T10:09:10+00:00","og_image":[{"url":"http:\/\/paperbolt.fr\/wp-content\/uploads\/2024\/11\/T4.jpeg","type":"","width":"","height":""}],"twitter_card":"summary_large_image","twitter_misc":{"Dur\u00e9e de lecture estim\u00e9e":"2 minutes"},"schema":{"@context":"https:\/\/schema.org","@graph":[{"@type":"WebPage","@id":"https:\/\/paperbolt.fr\/index.php\/plan-3d\/","url":"https:\/\/paperbolt.fr\/index.php\/plan-3d\/","name":"Plan 3D - PaperBolt.","isPartOf":{"@id":"https:\/\/paperbolt.fr\/#website"},"primaryImageOfPage":{"@id":"https:\/\/paperbolt.fr\/index.php\/plan-3d\/#primaryimage"},"image":{"@id":"https:\/\/paperbolt.fr\/index.php\/plan-3d\/#primaryimage"},"thumbnailUrl":"http:\/\/paperbolt.fr\/wp-content\/uploads\/2024\/11\/T4.jpeg","datePublished":"2024-11-20T10:15:44+00:00","dateModified":"2024-11-27T10:09:10+00:00","breadcrumb":{"@id":"https:\/\/paperbolt.fr\/index.php\/plan-3d\/#breadcrumb"},"inLanguage":"fr-FR","potentialAction":[{"@type":"ReadAction","target":["https:\/\/paperbolt.fr\/index.php\/plan-3d\/"]}]},{"@type":"ImageObject","inLanguage":"fr-FR","@id":"https:\/\/paperbolt.fr\/index.php\/plan-3d\/#primaryimage","url":"http:\/\/paperbolt.fr\/wp-content\/uploads\/2024\/11\/T4.jpeg","contentUrl":"http:\/\/paperbolt.fr\/wp-content\/uploads\/2024\/11\/T4.jpeg"},{"@type":"BreadcrumbList","@id":"https:\/\/paperbolt.fr\/index.php\/plan-3d\/#breadcrumb","itemListElement":[{"@type":"ListItem","position":1,"name":"Accueil","item":"https:\/\/paperbolt.fr\/"},{"@type":"ListItem","position":2,"name":"Plan 3D"}]},{"@type":"WebSite","@id":"https:\/\/paperbolt.fr\/#website","url":"https:\/\/paperbolt.fr\/","name":"PaperBolt.","description":"","publisher":{"@id":"https:\/\/paperbolt.fr\/#organization"},"potentialAction":[{"@type":"SearchAction","target":{"@type":"EntryPoint","urlTemplate":"https:\/\/paperbolt.fr\/?s={search_term_string}"},"query-input":{"@type":"PropertyValueSpecification","valueRequired":true,"valueName":"search_term_string"}}],"inLanguage":"fr-FR"},{"@type":"Organization","@id":"https:\/\/paperbolt.fr\/#organization","name":"PaperBolt.","url":"https:\/\/paperbolt.fr\/","logo":{"@type":"ImageObject","inLanguage":"fr-FR","@id":"https:\/\/paperbolt.fr\/#\/schema\/logo\/image\/","url":"https:\/\/paperbolt.fr\/wp-content\/uploads\/2024\/11\/Logo-2024.png","contentUrl":"https:\/\/paperbolt.fr\/wp-content\/uploads\/2024\/11\/Logo-2024.png","width":1500,"height":1500,"caption":"PaperBolt."},"image":{"@id":"https:\/\/paperbolt.fr\/#\/schema\/logo\/image\/"}}]}},"_links":{"self":[{"href":"https:\/\/paperbolt.fr\/index.php\/wp-json\/wp\/v2\/pages\/66","targetHints":{"allow":["GET"]}}],"collection":[{"href":"https:\/\/paperbolt.fr\/index.php\/wp-json\/wp\/v2\/pages"}],"about":[{"href":"https:\/\/paperbolt.fr\/index.php\/wp-json\/wp\/v2\/types\/page"}],"author":[{"embeddable":true,"href":"https:\/\/paperbolt.fr\/index.php\/wp-json\/wp\/v2\/users\/1"}],"replies":[{"embeddable":true,"href":"https:\/\/paperbolt.fr\/index.php\/wp-json\/wp\/v2\/comments?post=66"}],"version-history":[{"count":22,"href":"https:\/\/paperbolt.fr\/index.php\/wp-json\/wp\/v2\/pages\/66\/revisions"}],"predecessor-version":[{"id":792,"href":"https:\/\/paperbolt.fr\/index.php\/wp-json\/wp\/v2\/pages\/66\/revisions\/792"}],"wp:attachment":[{"href":"https:\/\/paperbolt.fr\/index.php\/wp-json\/wp\/v2\/media?parent=66"}],"curies":[{"name":"wp","href":"https:\/\/api.w.org\/{rel}","templated":true}]}}