{"id":62,"date":"2024-11-20T11:14:05","date_gmt":"2024-11-20T10:14:05","guid":{"rendered":"https:\/\/paperbolt.fr\/?page_id=62"},"modified":"2024-11-26T13:43:16","modified_gmt":"2024-11-26T12:43:16","slug":"modelisation-3d-par-drone","status":"publish","type":"page","link":"https:\/\/paperbolt.fr\/index.php\/modelisation-3d-par-drone\/","title":{"rendered":"Scan 3D par Drone"},"content":{"rendered":"\t\t<div data-elementor-type=\"wp-page\" data-elementor-id=\"62\" class=\"elementor elementor-62\">\n\t\t\t\t<div class=\"elementor-element elementor-element-23261b3 e-flex e-con-boxed e-con e-parent\" data-id=\"23261b3\" data-element_type=\"container\" data-e-type=\"container\">\n\t\t\t\t\t<div class=\"e-con-inner\">\n\t\t\t\t<div class=\"elementor-element elementor-element-962188d elementor-invisible elementor-widget elementor-widget-heading\" data-id=\"962188d\" data-element_type=\"widget\" data-e-type=\"widget\" data-settings=\"{&quot;_animation&quot;:&quot;fadeIn&quot;}\" data-widget_type=\"heading.default\">\n\t\t\t\t<div class=\"elementor-widget-container\">\n\t\t\t\t\t<h2 class=\"elementor-heading-title elementor-size-default\">Scan 3D<br>\nDrone<\/h2>\t\t\t\t<\/div>\n\t\t\t\t<\/div>\n\t\t\t\t\t<\/div>\n\t\t\t\t<\/div>\n\t\t<div class=\"elementor-element elementor-element-cd51ef0 e-flex e-con-boxed e-con e-parent\" data-id=\"cd51ef0\" data-element_type=\"container\" data-e-type=\"container\">\n\t\t\t\t\t<div class=\"e-con-inner\">\n\t\t\t\t<div class=\"elementor-element elementor-element-7cb2733 elementor-widget-divider--view-line elementor-widget elementor-widget-divider\" data-id=\"7cb2733\" data-element_type=\"widget\" data-e-type=\"widget\" data-widget_type=\"divider.default\">\n\t\t\t\t<div class=\"elementor-widget-container\">\n\t\t\t\t\t\t\t<div class=\"elementor-divider\">\n\t\t\t<span class=\"elementor-divider-separator\">\n\t\t\t\t\t\t<\/span>\n\t\t<\/div>\n\t\t\t\t\t\t<\/div>\n\t\t\t\t<\/div>\n\t\t\t\t\t<\/div>\n\t\t\t\t<\/div>\n\t\t<div class=\"elementor-element elementor-element-cd3b820 e-flex e-con-boxed e-con e-parent\" data-id=\"cd3b820\" data-element_type=\"container\" data-e-type=\"container\">\n\t\t\t\t\t<div class=\"e-con-inner\">\n\t\t\t\t<div class=\"elementor-element elementor-element-0dc8b4c elementor-drop-cap-yes elementor-drop-cap-view-default elementor-widget elementor-widget-text-editor\" data-id=\"0dc8b4c\" data-element_type=\"widget\" data-e-type=\"widget\" data-settings=\"{&quot;drop_cap&quot;:&quot;yes&quot;}\" data-widget_type=\"text-editor.default\">\n\t\t\t\t<div class=\"elementor-widget-container\">\n\t\t\t\t\t\t\t\t\t<p>Chez PaperBolt nous proposons\u00a0un service innovant de scan 3D par drone, utilisant la photogramm\u00e9trie de pointe pour capturer avec pr\u00e9cision un terrain en trois dimensions, incluant son altim\u00e9trie. Gr\u00e2ce \u00e0 cette technologie, nous cr\u00e9ons des mod\u00e8les num\u00e9riques fid\u00e8les \u00e0 la r\u00e9alit\u00e9, id\u00e9aux pour concevoir des projets architecturaux ou urbanistiques sur un support fiable et pr\u00e9cis. Ce proc\u00e9d\u00e9 permet \u00e9galement d&rsquo;effectuer des calculs d\u00e9taill\u00e9s de volumes d&rsquo;excavation ou de remblais, facilitant ainsi la planification des travaux et l&rsquo;optimisation des co\u00fbts. Avec PaperBolt., vos projets prennent vie sur un terrain parfaitement ma\u00eetris\u00e9.<\/p>\t\t\t\t\t\t\t\t<\/div>\n\t\t\t\t<\/div>\n\t\t\t\t\t<\/div>\n\t\t\t\t<\/div>\n\t\t<div class=\"elementor-element elementor-element-49207f7 e-flex e-con-boxed e-con e-parent\" data-id=\"49207f7\" data-element_type=\"container\" data-e-type=\"container\">\n\t\t\t\t\t<div class=\"e-con-inner\">\n\t\t\t\t<div class=\"elementor-element elementor-element-345955c elementor-widget elementor-widget-video\" data-id=\"345955c\" data-element_type=\"widget\" data-e-type=\"widget\" data-settings=\"{&quot;video_type&quot;:&quot;hosted&quot;,&quot;controls&quot;:&quot;yes&quot;}\" data-widget_type=\"video.default\">\n\t\t\t\t<div class=\"elementor-widget-container\">\n\t\t\t\t\t\t\t<div class=\"e-hosted-video elementor-wrapper elementor-open-inline\">\n\t\t\t\t\t<video class=\"elementor-video\" src=\"http:\/\/paperbolt.fr\/wp-content\/uploads\/2024\/11\/Photogrametry.mp4\" controls=\"\" preload=\"metadata\" controlsList=\"nodownload\"><\/video>\n\t\t\t\t<\/div>\n\t\t\t\t\t\t<\/div>\n\t\t\t\t<\/div>\n\t\t\t\t\t<\/div>\n\t\t\t\t<\/div>\n\t\t<div class=\"elementor-element elementor-element-e039066 e-flex e-con-boxed e-con e-parent\" data-id=\"e039066\" data-element_type=\"container\" data-e-type=\"container\">\n\t\t\t\t\t<div class=\"e-con-inner\">\n\t\t\t\t<div class=\"elementor-element elementor-element-043a33d elementor-widget elementor-widget-html\" data-id=\"043a33d\" data-element_type=\"widget\" data-e-type=\"widget\" data-widget_type=\"html.default\">\n\t\t\t\t<div class=\"elementor-widget-container\">\n\t\t\t\t\t<iframe src=\"https:\/\/poly.cam\/capture\/25444f19-ee4b-4892-9f84-a5dd6f072a60\/embed\" title=\"polycam capture viewer\" style=\"height:100%;width:100%;height:720px;width:1280px;min-height:280px;min-width:280px\" frameborder=\"0\"><\/iframe>\t\t\t\t<\/div>\n\t\t\t\t<\/div>\n\t\t\t\t\t<\/div>\n\t\t\t\t<\/div>\n\t\t\t\t<\/div>\n\t\t","protected":false},"excerpt":{"rendered":"<p>Scan 3D Drone Chez PaperBolt nous proposons\u00a0un service innovant de scan 3D par drone, utilisant la photogramm\u00e9trie de pointe pour capturer avec pr\u00e9cision un terrain en trois dimensions, incluant son altim\u00e9trie. Gr\u00e2ce \u00e0 cette technologie, nous cr\u00e9ons des mod\u00e8les num\u00e9riques fid\u00e8les \u00e0 la r\u00e9alit\u00e9, id\u00e9aux pour concevoir des projets architecturaux ou urbanistiques sur un support [&hellip;]<\/p>\n","protected":false},"author":1,"featured_media":0,"parent":0,"menu_order":0,"comment_status":"closed","ping_status":"closed","template":"","meta":{"footnotes":""},"class_list":["post-62","page","type-page","status-publish","hentry"],"yoast_head":"<!-- This site is optimized with the Yoast SEO plugin v27.4 - https:\/\/yoast.com\/product\/yoast-seo-wordpress\/ -->\n<title>Scan 3D par Drone - PaperBolt.<\/title>\n<meta name=\"robots\" content=\"index, follow, max-snippet:-1, max-image-preview:large, max-video-preview:-1\" \/>\n<link rel=\"canonical\" href=\"https:\/\/paperbolt.fr\/index.php\/modelisation-3d-par-drone\/\" \/>\n<meta property=\"og:locale\" content=\"fr_FR\" \/>\n<meta property=\"og:type\" content=\"article\" \/>\n<meta property=\"og:title\" content=\"Scan 3D par Drone - PaperBolt.\" \/>\n<meta property=\"og:description\" content=\"Scan 3D Drone Chez PaperBolt nous proposons\u00a0un service innovant de scan 3D par drone, utilisant la photogramm\u00e9trie de pointe pour capturer avec pr\u00e9cision un terrain en trois dimensions, incluant son altim\u00e9trie. Gr\u00e2ce \u00e0 cette technologie, nous cr\u00e9ons des mod\u00e8les num\u00e9riques fid\u00e8les \u00e0 la r\u00e9alit\u00e9, id\u00e9aux pour concevoir des projets architecturaux ou urbanistiques sur un support [&hellip;]\" \/>\n<meta property=\"og:url\" content=\"https:\/\/paperbolt.fr\/index.php\/modelisation-3d-par-drone\/\" \/>\n<meta property=\"og:site_name\" content=\"PaperBolt.\" \/>\n<meta property=\"article:modified_time\" content=\"2024-11-26T12:43:16+00:00\" \/>\n<meta name=\"twitter:card\" content=\"summary_large_image\" \/>\n<meta name=\"twitter:label1\" content=\"Dur\u00e9e de lecture estim\u00e9e\" \/>\n\t<meta name=\"twitter:data1\" content=\"1 minute\" \/>\n<script type=\"application\/ld+json\" class=\"yoast-schema-graph\">{\"@context\":\"https:\\\/\\\/schema.org\",\"@graph\":[{\"@type\":\"WebPage\",\"@id\":\"https:\\\/\\\/paperbolt.fr\\\/index.php\\\/modelisation-3d-par-drone\\\/\",\"url\":\"https:\\\/\\\/paperbolt.fr\\\/index.php\\\/modelisation-3d-par-drone\\\/\",\"name\":\"Scan 3D par Drone - PaperBolt.\",\"isPartOf\":{\"@id\":\"https:\\\/\\\/paperbolt.fr\\\/#website\"},\"datePublished\":\"2024-11-20T10:14:05+00:00\",\"dateModified\":\"2024-11-26T12:43:16+00:00\",\"breadcrumb\":{\"@id\":\"https:\\\/\\\/paperbolt.fr\\\/index.php\\\/modelisation-3d-par-drone\\\/#breadcrumb\"},\"inLanguage\":\"fr-FR\",\"potentialAction\":[{\"@type\":\"ReadAction\",\"target\":[\"https:\\\/\\\/paperbolt.fr\\\/index.php\\\/modelisation-3d-par-drone\\\/\"]}]},{\"@type\":\"BreadcrumbList\",\"@id\":\"https:\\\/\\\/paperbolt.fr\\\/index.php\\\/modelisation-3d-par-drone\\\/#breadcrumb\",\"itemListElement\":[{\"@type\":\"ListItem\",\"position\":1,\"name\":\"Accueil\",\"item\":\"https:\\\/\\\/paperbolt.fr\\\/\"},{\"@type\":\"ListItem\",\"position\":2,\"name\":\"Scan 3D par Drone\"}]},{\"@type\":\"WebSite\",\"@id\":\"https:\\\/\\\/paperbolt.fr\\\/#website\",\"url\":\"https:\\\/\\\/paperbolt.fr\\\/\",\"name\":\"PaperBolt.\",\"description\":\"\",\"publisher\":{\"@id\":\"https:\\\/\\\/paperbolt.fr\\\/#organization\"},\"potentialAction\":[{\"@type\":\"SearchAction\",\"target\":{\"@type\":\"EntryPoint\",\"urlTemplate\":\"https:\\\/\\\/paperbolt.fr\\\/?s={search_term_string}\"},\"query-input\":{\"@type\":\"PropertyValueSpecification\",\"valueRequired\":true,\"valueName\":\"search_term_string\"}}],\"inLanguage\":\"fr-FR\"},{\"@type\":\"Organization\",\"@id\":\"https:\\\/\\\/paperbolt.fr\\\/#organization\",\"name\":\"PaperBolt.\",\"url\":\"https:\\\/\\\/paperbolt.fr\\\/\",\"logo\":{\"@type\":\"ImageObject\",\"inLanguage\":\"fr-FR\",\"@id\":\"https:\\\/\\\/paperbolt.fr\\\/#\\\/schema\\\/logo\\\/image\\\/\",\"url\":\"https:\\\/\\\/paperbolt.fr\\\/wp-content\\\/uploads\\\/2024\\\/11\\\/Logo-2024.png\",\"contentUrl\":\"https:\\\/\\\/paperbolt.fr\\\/wp-content\\\/uploads\\\/2024\\\/11\\\/Logo-2024.png\",\"width\":1500,\"height\":1500,\"caption\":\"PaperBolt.\"},\"image\":{\"@id\":\"https:\\\/\\\/paperbolt.fr\\\/#\\\/schema\\\/logo\\\/image\\\/\"}}]}<\/script>\n<!-- \/ Yoast SEO plugin. -->","yoast_head_json":{"title":"Scan 3D par Drone - PaperBolt.","robots":{"index":"index","follow":"follow","max-snippet":"max-snippet:-1","max-image-preview":"max-image-preview:large","max-video-preview":"max-video-preview:-1"},"canonical":"https:\/\/paperbolt.fr\/index.php\/modelisation-3d-par-drone\/","og_locale":"fr_FR","og_type":"article","og_title":"Scan 3D par Drone - PaperBolt.","og_description":"Scan 3D Drone Chez PaperBolt nous proposons\u00a0un service innovant de scan 3D par drone, utilisant la photogramm\u00e9trie de pointe pour capturer avec pr\u00e9cision un terrain en trois dimensions, incluant son altim\u00e9trie. Gr\u00e2ce \u00e0 cette technologie, nous cr\u00e9ons des mod\u00e8les num\u00e9riques fid\u00e8les \u00e0 la r\u00e9alit\u00e9, id\u00e9aux pour concevoir des projets architecturaux ou urbanistiques sur un support [&hellip;]","og_url":"https:\/\/paperbolt.fr\/index.php\/modelisation-3d-par-drone\/","og_site_name":"PaperBolt.","article_modified_time":"2024-11-26T12:43:16+00:00","twitter_card":"summary_large_image","twitter_misc":{"Dur\u00e9e de lecture estim\u00e9e":"1 minute"},"schema":{"@context":"https:\/\/schema.org","@graph":[{"@type":"WebPage","@id":"https:\/\/paperbolt.fr\/index.php\/modelisation-3d-par-drone\/","url":"https:\/\/paperbolt.fr\/index.php\/modelisation-3d-par-drone\/","name":"Scan 3D par Drone - PaperBolt.","isPartOf":{"@id":"https:\/\/paperbolt.fr\/#website"},"datePublished":"2024-11-20T10:14:05+00:00","dateModified":"2024-11-26T12:43:16+00:00","breadcrumb":{"@id":"https:\/\/paperbolt.fr\/index.php\/modelisation-3d-par-drone\/#breadcrumb"},"inLanguage":"fr-FR","potentialAction":[{"@type":"ReadAction","target":["https:\/\/paperbolt.fr\/index.php\/modelisation-3d-par-drone\/"]}]},{"@type":"BreadcrumbList","@id":"https:\/\/paperbolt.fr\/index.php\/modelisation-3d-par-drone\/#breadcrumb","itemListElement":[{"@type":"ListItem","position":1,"name":"Accueil","item":"https:\/\/paperbolt.fr\/"},{"@type":"ListItem","position":2,"name":"Scan 3D par Drone"}]},{"@type":"WebSite","@id":"https:\/\/paperbolt.fr\/#website","url":"https:\/\/paperbolt.fr\/","name":"PaperBolt.","description":"","publisher":{"@id":"https:\/\/paperbolt.fr\/#organization"},"potentialAction":[{"@type":"SearchAction","target":{"@type":"EntryPoint","urlTemplate":"https:\/\/paperbolt.fr\/?s={search_term_string}"},"query-input":{"@type":"PropertyValueSpecification","valueRequired":true,"valueName":"search_term_string"}}],"inLanguage":"fr-FR"},{"@type":"Organization","@id":"https:\/\/paperbolt.fr\/#organization","name":"PaperBolt.","url":"https:\/\/paperbolt.fr\/","logo":{"@type":"ImageObject","inLanguage":"fr-FR","@id":"https:\/\/paperbolt.fr\/#\/schema\/logo\/image\/","url":"https:\/\/paperbolt.fr\/wp-content\/uploads\/2024\/11\/Logo-2024.png","contentUrl":"https:\/\/paperbolt.fr\/wp-content\/uploads\/2024\/11\/Logo-2024.png","width":1500,"height":1500,"caption":"PaperBolt."},"image":{"@id":"https:\/\/paperbolt.fr\/#\/schema\/logo\/image\/"}}]}},"_links":{"self":[{"href":"https:\/\/paperbolt.fr\/index.php\/wp-json\/wp\/v2\/pages\/62","targetHints":{"allow":["GET"]}}],"collection":[{"href":"https:\/\/paperbolt.fr\/index.php\/wp-json\/wp\/v2\/pages"}],"about":[{"href":"https:\/\/paperbolt.fr\/index.php\/wp-json\/wp\/v2\/types\/page"}],"author":[{"embeddable":true,"href":"https:\/\/paperbolt.fr\/index.php\/wp-json\/wp\/v2\/users\/1"}],"replies":[{"embeddable":true,"href":"https:\/\/paperbolt.fr\/index.php\/wp-json\/wp\/v2\/comments?post=62"}],"version-history":[{"count":12,"href":"https:\/\/paperbolt.fr\/index.php\/wp-json\/wp\/v2\/pages\/62\/revisions"}],"predecessor-version":[{"id":630,"href":"https:\/\/paperbolt.fr\/index.php\/wp-json\/wp\/v2\/pages\/62\/revisions\/630"}],"wp:attachment":[{"href":"https:\/\/paperbolt.fr\/index.php\/wp-json\/wp\/v2\/media?parent=62"}],"curies":[{"name":"wp","href":"https:\/\/api.w.org\/{rel}","templated":true}]}}