{"id":570,"date":"2024-11-25T11:35:39","date_gmt":"2024-11-25T10:35:39","guid":{"rendered":"https:\/\/paperbolt.fr\/?page_id=570"},"modified":"2024-11-26T13:58:38","modified_gmt":"2024-11-26T12:58:38","slug":"scan-3d-par-lidar","status":"publish","type":"page","link":"https:\/\/paperbolt.fr\/index.php\/scan-3d-par-lidar\/","title":{"rendered":"Scan 3D par LIDAR"},"content":{"rendered":"\t\t<div data-elementor-type=\"wp-page\" data-elementor-id=\"570\" class=\"elementor elementor-570\">\n\t\t\t\t<div class=\"elementor-element elementor-element-65b014b e-flex e-con-boxed e-con e-parent\" data-id=\"65b014b\" data-element_type=\"container\" data-e-type=\"container\">\n\t\t\t\t\t<div class=\"e-con-inner\">\n\t\t\t\t<div class=\"elementor-element elementor-element-ac639cb elementor-invisible elementor-widget elementor-widget-heading\" data-id=\"ac639cb\" data-element_type=\"widget\" data-e-type=\"widget\" data-settings=\"{&quot;_animation&quot;:&quot;fadeIn&quot;}\" data-widget_type=\"heading.default\">\n\t\t\t\t<div class=\"elementor-widget-container\">\n\t\t\t\t\t<h2 class=\"elementor-heading-title elementor-size-default\">Scan 3D<br>\nLiDAR<\/h2>\t\t\t\t<\/div>\n\t\t\t\t<\/div>\n\t\t\t\t\t<\/div>\n\t\t\t\t<\/div>\n\t\t<div class=\"elementor-element elementor-element-5e62262 e-flex e-con-boxed e-con e-parent\" data-id=\"5e62262\" data-element_type=\"container\" data-e-type=\"container\">\n\t\t\t\t\t<div class=\"e-con-inner\">\n\t\t\t\t<div class=\"elementor-element elementor-element-4fca885 elementor-widget-divider--view-line elementor-widget elementor-widget-divider\" data-id=\"4fca885\" data-element_type=\"widget\" data-e-type=\"widget\" data-widget_type=\"divider.default\">\n\t\t\t\t<div class=\"elementor-widget-container\">\n\t\t\t\t\t\t\t<div class=\"elementor-divider\">\n\t\t\t<span class=\"elementor-divider-separator\">\n\t\t\t\t\t\t<\/span>\n\t\t<\/div>\n\t\t\t\t\t\t<\/div>\n\t\t\t\t<\/div>\n\t\t\t\t\t<\/div>\n\t\t\t\t<\/div>\n\t\t<div class=\"elementor-element elementor-element-a1f4317 e-flex e-con-boxed e-con e-parent\" data-id=\"a1f4317\" data-element_type=\"container\" data-e-type=\"container\">\n\t\t\t\t\t<div class=\"e-con-inner\">\n\t\t\t\t<div class=\"elementor-element elementor-element-db0a4c2 elementor-drop-cap-yes elementor-drop-cap-view-default elementor-widget elementor-widget-text-editor\" data-id=\"db0a4c2\" data-element_type=\"widget\" data-e-type=\"widget\" data-settings=\"{&quot;drop_cap&quot;:&quot;yes&quot;}\" data-widget_type=\"text-editor.default\">\n\t\t\t\t<div class=\"elementor-widget-container\">\n\t\t\t\t\t\t\t\t\t<p>Chez PaperBolt., nous combinons innovation et pr\u00e9cision en proposant une solution alternative \u00e0 la prise de vue a\u00e9rienne par drone gr\u00e2ce \u00e0 la technologie LiDAR terrestre. Id\u00e9al pour les environnements o\u00f9 les drones ne sont pas adapt\u00e9s, notre solution LiDAR capture des donn\u00e9es d\u00e9taill\u00e9es depuis le sol pour produire des mod\u00e8les 3D d\u2019une grande pr\u00e9cision. Que ce soit pour cartographier des terrains complexes, explorer des zones dens\u00e9ment bois\u00e9es ou analyser des structures difficiles d\u2019acc\u00e8s, cette technologie garantit des r\u00e9sultats fiables et exploitables pour vos projets architecturaux, d\u2019am\u00e9nagement ou de construction. PaperBolt. met \u00e0 votre service des outils de pointe pour r\u00e9pondre aux exigences les plus sp\u00e9cifiques.<\/p>\t\t\t\t\t\t\t\t<\/div>\n\t\t\t\t<\/div>\n\t\t\t\t\t<\/div>\n\t\t\t\t<\/div>\n\t\t<div class=\"elementor-element elementor-element-a43f997 e-flex e-con-boxed e-con e-parent\" data-id=\"a43f997\" data-element_type=\"container\" data-e-type=\"container\">\n\t\t\t\t\t<div class=\"e-con-inner\">\n\t\t\t\t<div class=\"elementor-element elementor-element-592a305 e-transform elementor-widget elementor-widget-html\" data-id=\"592a305\" data-element_type=\"widget\" data-e-type=\"widget\" data-settings=\"{&quot;_transform_scaleX_effect&quot;:{&quot;unit&quot;:&quot;px&quot;,&quot;size&quot;:&quot;&quot;,&quot;sizes&quot;:[]},&quot;_transform_scaleX_effect_tablet&quot;:{&quot;unit&quot;:&quot;px&quot;,&quot;size&quot;:&quot;&quot;,&quot;sizes&quot;:[]},&quot;_transform_scaleX_effect_mobile&quot;:{&quot;unit&quot;:&quot;px&quot;,&quot;size&quot;:&quot;&quot;,&quot;sizes&quot;:[]},&quot;_transform_scaleY_effect&quot;:{&quot;unit&quot;:&quot;px&quot;,&quot;size&quot;:&quot;&quot;,&quot;sizes&quot;:[]},&quot;_transform_scaleY_effect_tablet&quot;:{&quot;unit&quot;:&quot;px&quot;,&quot;size&quot;:&quot;&quot;,&quot;sizes&quot;:[]},&quot;_transform_scaleY_effect_mobile&quot;:{&quot;unit&quot;:&quot;px&quot;,&quot;size&quot;:&quot;&quot;,&quot;sizes&quot;:[]}}\" data-widget_type=\"html.default\">\n\t\t\t\t<div class=\"elementor-widget-container\">\n\t\t\t\t\t<iframe src=\"https:\/\/poly.cam\/capture\/aa0fb237-4f6d-43d3-9f43-b2bdaafee319\/embed\" title=\"polycam capture viewer\" style=\"height:100%;width:100%;height:720px;width:1280px;min-height:280px;min-width:280px\" frameborder=\"0\"><\/iframe>\t\t\t\t<\/div>\n\t\t\t\t<\/div>\n\t\t\t\t\t<\/div>\n\t\t\t\t<\/div>\n\t\t\t\t<\/div>\n\t\t","protected":false},"excerpt":{"rendered":"<p>Scan 3D LiDAR Chez PaperBolt., nous combinons innovation et pr\u00e9cision en proposant une solution alternative \u00e0 la prise de vue a\u00e9rienne par drone gr\u00e2ce \u00e0 la technologie LiDAR terrestre. Id\u00e9al pour les environnements o\u00f9 les drones ne sont pas adapt\u00e9s, notre solution LiDAR capture des donn\u00e9es d\u00e9taill\u00e9es depuis le sol pour produire des mod\u00e8les 3D [&hellip;]<\/p>\n","protected":false},"author":1,"featured_media":0,"parent":0,"menu_order":0,"comment_status":"closed","ping_status":"closed","template":"","meta":{"footnotes":""},"class_list":["post-570","page","type-page","status-publish","hentry"],"yoast_head":"<!-- This site is optimized with the Yoast SEO plugin v27.4 - https:\/\/yoast.com\/product\/yoast-seo-wordpress\/ -->\n<title>Scan 3D par LIDAR - PaperBolt.<\/title>\n<meta name=\"robots\" content=\"index, follow, max-snippet:-1, max-image-preview:large, max-video-preview:-1\" \/>\n<link rel=\"canonical\" href=\"https:\/\/paperbolt.fr\/index.php\/scan-3d-par-lidar\/\" \/>\n<meta property=\"og:locale\" content=\"fr_FR\" \/>\n<meta property=\"og:type\" content=\"article\" \/>\n<meta property=\"og:title\" content=\"Scan 3D par LIDAR - PaperBolt.\" \/>\n<meta property=\"og:description\" content=\"Scan 3D LiDAR Chez PaperBolt., nous combinons innovation et pr\u00e9cision en proposant une solution alternative \u00e0 la prise de vue a\u00e9rienne par drone gr\u00e2ce \u00e0 la technologie LiDAR terrestre. Id\u00e9al pour les environnements o\u00f9 les drones ne sont pas adapt\u00e9s, notre solution LiDAR capture des donn\u00e9es d\u00e9taill\u00e9es depuis le sol pour produire des mod\u00e8les 3D [&hellip;]\" \/>\n<meta property=\"og:url\" content=\"https:\/\/paperbolt.fr\/index.php\/scan-3d-par-lidar\/\" \/>\n<meta property=\"og:site_name\" content=\"PaperBolt.\" \/>\n<meta property=\"article:modified_time\" content=\"2024-11-26T12:58:38+00:00\" \/>\n<meta name=\"twitter:card\" content=\"summary_large_image\" \/>\n<meta name=\"twitter:label1\" content=\"Dur\u00e9e de lecture estim\u00e9e\" \/>\n\t<meta name=\"twitter:data1\" content=\"1 minute\" \/>\n<script type=\"application\/ld+json\" class=\"yoast-schema-graph\">{\"@context\":\"https:\\\/\\\/schema.org\",\"@graph\":[{\"@type\":\"WebPage\",\"@id\":\"https:\\\/\\\/paperbolt.fr\\\/index.php\\\/scan-3d-par-lidar\\\/\",\"url\":\"https:\\\/\\\/paperbolt.fr\\\/index.php\\\/scan-3d-par-lidar\\\/\",\"name\":\"Scan 3D par LIDAR - PaperBolt.\",\"isPartOf\":{\"@id\":\"https:\\\/\\\/paperbolt.fr\\\/#website\"},\"datePublished\":\"2024-11-25T10:35:39+00:00\",\"dateModified\":\"2024-11-26T12:58:38+00:00\",\"breadcrumb\":{\"@id\":\"https:\\\/\\\/paperbolt.fr\\\/index.php\\\/scan-3d-par-lidar\\\/#breadcrumb\"},\"inLanguage\":\"fr-FR\",\"potentialAction\":[{\"@type\":\"ReadAction\",\"target\":[\"https:\\\/\\\/paperbolt.fr\\\/index.php\\\/scan-3d-par-lidar\\\/\"]}]},{\"@type\":\"BreadcrumbList\",\"@id\":\"https:\\\/\\\/paperbolt.fr\\\/index.php\\\/scan-3d-par-lidar\\\/#breadcrumb\",\"itemListElement\":[{\"@type\":\"ListItem\",\"position\":1,\"name\":\"Accueil\",\"item\":\"https:\\\/\\\/paperbolt.fr\\\/\"},{\"@type\":\"ListItem\",\"position\":2,\"name\":\"Scan 3D par LIDAR\"}]},{\"@type\":\"WebSite\",\"@id\":\"https:\\\/\\\/paperbolt.fr\\\/#website\",\"url\":\"https:\\\/\\\/paperbolt.fr\\\/\",\"name\":\"PaperBolt.\",\"description\":\"\",\"publisher\":{\"@id\":\"https:\\\/\\\/paperbolt.fr\\\/#organization\"},\"potentialAction\":[{\"@type\":\"SearchAction\",\"target\":{\"@type\":\"EntryPoint\",\"urlTemplate\":\"https:\\\/\\\/paperbolt.fr\\\/?s={search_term_string}\"},\"query-input\":{\"@type\":\"PropertyValueSpecification\",\"valueRequired\":true,\"valueName\":\"search_term_string\"}}],\"inLanguage\":\"fr-FR\"},{\"@type\":\"Organization\",\"@id\":\"https:\\\/\\\/paperbolt.fr\\\/#organization\",\"name\":\"PaperBolt.\",\"url\":\"https:\\\/\\\/paperbolt.fr\\\/\",\"logo\":{\"@type\":\"ImageObject\",\"inLanguage\":\"fr-FR\",\"@id\":\"https:\\\/\\\/paperbolt.fr\\\/#\\\/schema\\\/logo\\\/image\\\/\",\"url\":\"https:\\\/\\\/paperbolt.fr\\\/wp-content\\\/uploads\\\/2024\\\/11\\\/Logo-2024.png\",\"contentUrl\":\"https:\\\/\\\/paperbolt.fr\\\/wp-content\\\/uploads\\\/2024\\\/11\\\/Logo-2024.png\",\"width\":1500,\"height\":1500,\"caption\":\"PaperBolt.\"},\"image\":{\"@id\":\"https:\\\/\\\/paperbolt.fr\\\/#\\\/schema\\\/logo\\\/image\\\/\"}}]}<\/script>\n<!-- \/ Yoast SEO plugin. -->","yoast_head_json":{"title":"Scan 3D par LIDAR - PaperBolt.","robots":{"index":"index","follow":"follow","max-snippet":"max-snippet:-1","max-image-preview":"max-image-preview:large","max-video-preview":"max-video-preview:-1"},"canonical":"https:\/\/paperbolt.fr\/index.php\/scan-3d-par-lidar\/","og_locale":"fr_FR","og_type":"article","og_title":"Scan 3D par LIDAR - PaperBolt.","og_description":"Scan 3D LiDAR Chez PaperBolt., nous combinons innovation et pr\u00e9cision en proposant une solution alternative \u00e0 la prise de vue a\u00e9rienne par drone gr\u00e2ce \u00e0 la technologie LiDAR terrestre. Id\u00e9al pour les environnements o\u00f9 les drones ne sont pas adapt\u00e9s, notre solution LiDAR capture des donn\u00e9es d\u00e9taill\u00e9es depuis le sol pour produire des mod\u00e8les 3D [&hellip;]","og_url":"https:\/\/paperbolt.fr\/index.php\/scan-3d-par-lidar\/","og_site_name":"PaperBolt.","article_modified_time":"2024-11-26T12:58:38+00:00","twitter_card":"summary_large_image","twitter_misc":{"Dur\u00e9e de lecture estim\u00e9e":"1 minute"},"schema":{"@context":"https:\/\/schema.org","@graph":[{"@type":"WebPage","@id":"https:\/\/paperbolt.fr\/index.php\/scan-3d-par-lidar\/","url":"https:\/\/paperbolt.fr\/index.php\/scan-3d-par-lidar\/","name":"Scan 3D par LIDAR - PaperBolt.","isPartOf":{"@id":"https:\/\/paperbolt.fr\/#website"},"datePublished":"2024-11-25T10:35:39+00:00","dateModified":"2024-11-26T12:58:38+00:00","breadcrumb":{"@id":"https:\/\/paperbolt.fr\/index.php\/scan-3d-par-lidar\/#breadcrumb"},"inLanguage":"fr-FR","potentialAction":[{"@type":"ReadAction","target":["https:\/\/paperbolt.fr\/index.php\/scan-3d-par-lidar\/"]}]},{"@type":"BreadcrumbList","@id":"https:\/\/paperbolt.fr\/index.php\/scan-3d-par-lidar\/#breadcrumb","itemListElement":[{"@type":"ListItem","position":1,"name":"Accueil","item":"https:\/\/paperbolt.fr\/"},{"@type":"ListItem","position":2,"name":"Scan 3D par LIDAR"}]},{"@type":"WebSite","@id":"https:\/\/paperbolt.fr\/#website","url":"https:\/\/paperbolt.fr\/","name":"PaperBolt.","description":"","publisher":{"@id":"https:\/\/paperbolt.fr\/#organization"},"potentialAction":[{"@type":"SearchAction","target":{"@type":"EntryPoint","urlTemplate":"https:\/\/paperbolt.fr\/?s={search_term_string}"},"query-input":{"@type":"PropertyValueSpecification","valueRequired":true,"valueName":"search_term_string"}}],"inLanguage":"fr-FR"},{"@type":"Organization","@id":"https:\/\/paperbolt.fr\/#organization","name":"PaperBolt.","url":"https:\/\/paperbolt.fr\/","logo":{"@type":"ImageObject","inLanguage":"fr-FR","@id":"https:\/\/paperbolt.fr\/#\/schema\/logo\/image\/","url":"https:\/\/paperbolt.fr\/wp-content\/uploads\/2024\/11\/Logo-2024.png","contentUrl":"https:\/\/paperbolt.fr\/wp-content\/uploads\/2024\/11\/Logo-2024.png","width":1500,"height":1500,"caption":"PaperBolt."},"image":{"@id":"https:\/\/paperbolt.fr\/#\/schema\/logo\/image\/"}}]}},"_links":{"self":[{"href":"https:\/\/paperbolt.fr\/index.php\/wp-json\/wp\/v2\/pages\/570","targetHints":{"allow":["GET"]}}],"collection":[{"href":"https:\/\/paperbolt.fr\/index.php\/wp-json\/wp\/v2\/pages"}],"about":[{"href":"https:\/\/paperbolt.fr\/index.php\/wp-json\/wp\/v2\/types\/page"}],"author":[{"embeddable":true,"href":"https:\/\/paperbolt.fr\/index.php\/wp-json\/wp\/v2\/users\/1"}],"replies":[{"embeddable":true,"href":"https:\/\/paperbolt.fr\/index.php\/wp-json\/wp\/v2\/comments?post=570"}],"version-history":[{"count":13,"href":"https:\/\/paperbolt.fr\/index.php\/wp-json\/wp\/v2\/pages\/570\/revisions"}],"predecessor-version":[{"id":634,"href":"https:\/\/paperbolt.fr\/index.php\/wp-json\/wp\/v2\/pages\/570\/revisions\/634"}],"wp:attachment":[{"href":"https:\/\/paperbolt.fr\/index.php\/wp-json\/wp\/v2\/media?parent=570"}],"curies":[{"name":"wp","href":"https:\/\/api.w.org\/{rel}","templated":true}]}}