{"id":544,"date":"2024-11-25T10:46:27","date_gmt":"2024-11-25T09:46:27","guid":{"rendered":"https:\/\/paperbolt.fr\/?page_id=544"},"modified":"2024-12-13T15:38:34","modified_gmt":"2024-12-13T14:38:34","slug":"visite-3d","status":"publish","type":"page","link":"https:\/\/paperbolt.fr\/index.php\/visite-3d\/","title":{"rendered":"Visite 3D"},"content":{"rendered":"\t\t<div data-elementor-type=\"wp-page\" data-elementor-id=\"544\" class=\"elementor elementor-544\">\n\t\t\t\t<div class=\"elementor-element elementor-element-a15fd3e e-flex e-con-boxed e-con e-parent\" data-id=\"a15fd3e\" data-element_type=\"container\" data-e-type=\"container\">\n\t\t\t\t\t<div class=\"e-con-inner\">\n\t\t\t\t<div class=\"elementor-element elementor-element-06094c4 elementor-invisible elementor-widget elementor-widget-heading\" data-id=\"06094c4\" data-element_type=\"widget\" data-e-type=\"widget\" data-settings=\"{&quot;_animation&quot;:&quot;fadeIn&quot;}\" data-widget_type=\"heading.default\">\n\t\t\t\t<div class=\"elementor-widget-container\">\n\t\t\t\t\t<h2 class=\"elementor-heading-title elementor-size-default\">Visite 3D<br>\n<\/h2>\t\t\t\t<\/div>\n\t\t\t\t<\/div>\n\t\t\t\t\t<\/div>\n\t\t\t\t<\/div>\n\t\t<div class=\"elementor-element elementor-element-f45a109 e-flex e-con-boxed e-con e-parent\" data-id=\"f45a109\" data-element_type=\"container\" data-e-type=\"container\">\n\t\t\t\t\t<div class=\"e-con-inner\">\n\t\t\t\t<div class=\"elementor-element elementor-element-fc28a17 elementor-widget-divider--view-line elementor-widget elementor-widget-divider\" data-id=\"fc28a17\" data-element_type=\"widget\" data-e-type=\"widget\" data-widget_type=\"divider.default\">\n\t\t\t\t<div class=\"elementor-widget-container\">\n\t\t\t\t\t\t\t<div class=\"elementor-divider\">\n\t\t\t<span class=\"elementor-divider-separator\">\n\t\t\t\t\t\t<\/span>\n\t\t<\/div>\n\t\t\t\t\t\t<\/div>\n\t\t\t\t<\/div>\n\t\t\t\t<div class=\"elementor-element elementor-element-702ee97 elementor-drop-cap-yes elementor-drop-cap-view-default elementor-widget elementor-widget-text-editor\" data-id=\"702ee97\" data-element_type=\"widget\" data-e-type=\"widget\" data-settings=\"{&quot;drop_cap&quot;:&quot;yes&quot;}\" data-widget_type=\"text-editor.default\">\n\t\t\t\t<div class=\"elementor-widget-container\">\n\t\t\t\t\t\t\t\t\t<p>Chez PaperBolt, nous r\u00e9volutionnons la mani\u00e8re dont vos projets prennent vie gr\u00e2ce \u00e0 des visites en 3D immersives. Cette technologie innovante vous permet de visualiser chaque d\u00e9tail de votre futur espace avant m\u00eame que les travaux ne d\u00e9butent. En collaboration avec nos experts, nous cr\u00e9ons des rendus qui projettent vos clients ou acheteurs potentiels dans une version fid\u00e8le de votre projet finalis\u00e9. Ce puissant outil de communication transforme vos id\u00e9es en exp\u00e9riences tangibles, renfor\u00e7ant leur attractivit\u00e9 et permettant souvent de conclure une vente avant m\u00eame d&rsquo;investir dans les premi\u00e8res \u00e9tapes de construction ou de r\u00e9novation. Avec PaperBolt, facilitez vos d\u00e9cisions et valorisez vos projets d\u00e8s leur conception.<\/p>\t\t\t\t\t\t\t\t<\/div>\n\t\t\t\t<\/div>\n\t\t\t\t<div class=\"elementor-element elementor-element-df6c5d0 elementor-widget elementor-widget-image\" data-id=\"df6c5d0\" data-element_type=\"widget\" data-e-type=\"widget\" data-widget_type=\"image.default\">\n\t\t\t\t<div class=\"elementor-widget-container\">\n\t\t\t\t\t\t\t\t\t\t\t\t\t\t\t\t<a href=\"https:\/\/cloud.chaos.com\/collaboration\/n\/ESk9QYvL6duqPhokRQcWvU\/present\">\n\t\t\t\t\t\t\t<img fetchpriority=\"high\" decoding=\"async\" width=\"1024\" height=\"576\" src=\"https:\/\/paperbolt.fr\/wp-content\/uploads\/2024\/12\/Visite-3D-click-1024x576.jpg\" class=\"attachment-large size-large wp-image-885\" alt=\"\" srcset=\"https:\/\/paperbolt.fr\/wp-content\/uploads\/2024\/12\/Visite-3D-click-1024x576.jpg 1024w, https:\/\/paperbolt.fr\/wp-content\/uploads\/2024\/12\/Visite-3D-click-300x169.jpg 300w, https:\/\/paperbolt.fr\/wp-content\/uploads\/2024\/12\/Visite-3D-click-768x432.jpg 768w, https:\/\/paperbolt.fr\/wp-content\/uploads\/2024\/12\/Visite-3D-click.jpg 1400w\" sizes=\"(max-width: 1024px) 100vw, 1024px\" \/>\t\t\t\t\t\t\t\t<\/a>\n\t\t\t\t\t\t\t\t\t\t\t\t\t\t\t<\/div>\n\t\t\t\t<\/div>\n\t\t\t\t\t<\/div>\n\t\t\t\t<\/div>\n\t\t\t\t<\/div>\n\t\t","protected":false},"excerpt":{"rendered":"<p>Visite 3D Chez PaperBolt, nous r\u00e9volutionnons la mani\u00e8re dont vos projets prennent vie gr\u00e2ce \u00e0 des visites en 3D immersives. Cette technologie innovante vous permet de visualiser chaque d\u00e9tail de votre futur espace avant m\u00eame que les travaux ne d\u00e9butent. En collaboration avec nos experts, nous cr\u00e9ons des rendus qui projettent vos clients ou acheteurs [&hellip;]<\/p>\n","protected":false},"author":1,"featured_media":0,"parent":0,"menu_order":0,"comment_status":"closed","ping_status":"closed","template":"","meta":{"footnotes":""},"class_list":["post-544","page","type-page","status-publish","hentry"],"yoast_head":"<!-- This site is optimized with the Yoast SEO plugin v27.4 - https:\/\/yoast.com\/product\/yoast-seo-wordpress\/ -->\n<title>Visite 3D - PaperBolt.<\/title>\n<meta name=\"robots\" content=\"index, follow, max-snippet:-1, max-image-preview:large, max-video-preview:-1\" \/>\n<link rel=\"canonical\" href=\"https:\/\/paperbolt.fr\/index.php\/visite-3d\/\" \/>\n<meta property=\"og:locale\" content=\"fr_FR\" \/>\n<meta property=\"og:type\" content=\"article\" \/>\n<meta property=\"og:title\" content=\"Visite 3D - PaperBolt.\" \/>\n<meta property=\"og:description\" content=\"Visite 3D Chez PaperBolt, nous r\u00e9volutionnons la mani\u00e8re dont vos projets prennent vie gr\u00e2ce \u00e0 des visites en 3D immersives. Cette technologie innovante vous permet de visualiser chaque d\u00e9tail de votre futur espace avant m\u00eame que les travaux ne d\u00e9butent. En collaboration avec nos experts, nous cr\u00e9ons des rendus qui projettent vos clients ou acheteurs [&hellip;]\" \/>\n<meta property=\"og:url\" content=\"https:\/\/paperbolt.fr\/index.php\/visite-3d\/\" \/>\n<meta property=\"og:site_name\" content=\"PaperBolt.\" \/>\n<meta property=\"article:modified_time\" content=\"2024-12-13T14:38:34+00:00\" \/>\n<meta property=\"og:image\" content=\"http:\/\/paperbolt.fr\/wp-content\/uploads\/2024\/12\/Visite-3D-click-1024x576.jpg\" \/>\n<meta name=\"twitter:card\" content=\"summary_large_image\" \/>\n<meta name=\"twitter:label1\" content=\"Dur\u00e9e de lecture estim\u00e9e\" \/>\n\t<meta name=\"twitter:data1\" content=\"1 minute\" \/>\n<script type=\"application\/ld+json\" class=\"yoast-schema-graph\">{\"@context\":\"https:\\\/\\\/schema.org\",\"@graph\":[{\"@type\":\"WebPage\",\"@id\":\"https:\\\/\\\/paperbolt.fr\\\/index.php\\\/visite-3d\\\/\",\"url\":\"https:\\\/\\\/paperbolt.fr\\\/index.php\\\/visite-3d\\\/\",\"name\":\"Visite 3D - PaperBolt.\",\"isPartOf\":{\"@id\":\"https:\\\/\\\/paperbolt.fr\\\/#website\"},\"primaryImageOfPage\":{\"@id\":\"https:\\\/\\\/paperbolt.fr\\\/index.php\\\/visite-3d\\\/#primaryimage\"},\"image\":{\"@id\":\"https:\\\/\\\/paperbolt.fr\\\/index.php\\\/visite-3d\\\/#primaryimage\"},\"thumbnailUrl\":\"http:\\\/\\\/paperbolt.fr\\\/wp-content\\\/uploads\\\/2024\\\/12\\\/Visite-3D-click-1024x576.jpg\",\"datePublished\":\"2024-11-25T09:46:27+00:00\",\"dateModified\":\"2024-12-13T14:38:34+00:00\",\"breadcrumb\":{\"@id\":\"https:\\\/\\\/paperbolt.fr\\\/index.php\\\/visite-3d\\\/#breadcrumb\"},\"inLanguage\":\"fr-FR\",\"potentialAction\":[{\"@type\":\"ReadAction\",\"target\":[\"https:\\\/\\\/paperbolt.fr\\\/index.php\\\/visite-3d\\\/\"]}]},{\"@type\":\"ImageObject\",\"inLanguage\":\"fr-FR\",\"@id\":\"https:\\\/\\\/paperbolt.fr\\\/index.php\\\/visite-3d\\\/#primaryimage\",\"url\":\"https:\\\/\\\/paperbolt.fr\\\/wp-content\\\/uploads\\\/2024\\\/12\\\/Visite-3D-click.jpg\",\"contentUrl\":\"https:\\\/\\\/paperbolt.fr\\\/wp-content\\\/uploads\\\/2024\\\/12\\\/Visite-3D-click.jpg\",\"width\":1400,\"height\":787},{\"@type\":\"BreadcrumbList\",\"@id\":\"https:\\\/\\\/paperbolt.fr\\\/index.php\\\/visite-3d\\\/#breadcrumb\",\"itemListElement\":[{\"@type\":\"ListItem\",\"position\":1,\"name\":\"Accueil\",\"item\":\"https:\\\/\\\/paperbolt.fr\\\/\"},{\"@type\":\"ListItem\",\"position\":2,\"name\":\"Visite 3D\"}]},{\"@type\":\"WebSite\",\"@id\":\"https:\\\/\\\/paperbolt.fr\\\/#website\",\"url\":\"https:\\\/\\\/paperbolt.fr\\\/\",\"name\":\"PaperBolt.\",\"description\":\"\",\"publisher\":{\"@id\":\"https:\\\/\\\/paperbolt.fr\\\/#organization\"},\"potentialAction\":[{\"@type\":\"SearchAction\",\"target\":{\"@type\":\"EntryPoint\",\"urlTemplate\":\"https:\\\/\\\/paperbolt.fr\\\/?s={search_term_string}\"},\"query-input\":{\"@type\":\"PropertyValueSpecification\",\"valueRequired\":true,\"valueName\":\"search_term_string\"}}],\"inLanguage\":\"fr-FR\"},{\"@type\":\"Organization\",\"@id\":\"https:\\\/\\\/paperbolt.fr\\\/#organization\",\"name\":\"PaperBolt.\",\"url\":\"https:\\\/\\\/paperbolt.fr\\\/\",\"logo\":{\"@type\":\"ImageObject\",\"inLanguage\":\"fr-FR\",\"@id\":\"https:\\\/\\\/paperbolt.fr\\\/#\\\/schema\\\/logo\\\/image\\\/\",\"url\":\"https:\\\/\\\/paperbolt.fr\\\/wp-content\\\/uploads\\\/2024\\\/11\\\/Logo-2024.png\",\"contentUrl\":\"https:\\\/\\\/paperbolt.fr\\\/wp-content\\\/uploads\\\/2024\\\/11\\\/Logo-2024.png\",\"width\":1500,\"height\":1500,\"caption\":\"PaperBolt.\"},\"image\":{\"@id\":\"https:\\\/\\\/paperbolt.fr\\\/#\\\/schema\\\/logo\\\/image\\\/\"}}]}<\/script>\n<!-- \/ Yoast SEO plugin. -->","yoast_head_json":{"title":"Visite 3D - PaperBolt.","robots":{"index":"index","follow":"follow","max-snippet":"max-snippet:-1","max-image-preview":"max-image-preview:large","max-video-preview":"max-video-preview:-1"},"canonical":"https:\/\/paperbolt.fr\/index.php\/visite-3d\/","og_locale":"fr_FR","og_type":"article","og_title":"Visite 3D - PaperBolt.","og_description":"Visite 3D Chez PaperBolt, nous r\u00e9volutionnons la mani\u00e8re dont vos projets prennent vie gr\u00e2ce \u00e0 des visites en 3D immersives. Cette technologie innovante vous permet de visualiser chaque d\u00e9tail de votre futur espace avant m\u00eame que les travaux ne d\u00e9butent. En collaboration avec nos experts, nous cr\u00e9ons des rendus qui projettent vos clients ou acheteurs [&hellip;]","og_url":"https:\/\/paperbolt.fr\/index.php\/visite-3d\/","og_site_name":"PaperBolt.","article_modified_time":"2024-12-13T14:38:34+00:00","og_image":[{"url":"http:\/\/paperbolt.fr\/wp-content\/uploads\/2024\/12\/Visite-3D-click-1024x576.jpg","type":"","width":"","height":""}],"twitter_card":"summary_large_image","twitter_misc":{"Dur\u00e9e de lecture estim\u00e9e":"1 minute"},"schema":{"@context":"https:\/\/schema.org","@graph":[{"@type":"WebPage","@id":"https:\/\/paperbolt.fr\/index.php\/visite-3d\/","url":"https:\/\/paperbolt.fr\/index.php\/visite-3d\/","name":"Visite 3D - PaperBolt.","isPartOf":{"@id":"https:\/\/paperbolt.fr\/#website"},"primaryImageOfPage":{"@id":"https:\/\/paperbolt.fr\/index.php\/visite-3d\/#primaryimage"},"image":{"@id":"https:\/\/paperbolt.fr\/index.php\/visite-3d\/#primaryimage"},"thumbnailUrl":"http:\/\/paperbolt.fr\/wp-content\/uploads\/2024\/12\/Visite-3D-click-1024x576.jpg","datePublished":"2024-11-25T09:46:27+00:00","dateModified":"2024-12-13T14:38:34+00:00","breadcrumb":{"@id":"https:\/\/paperbolt.fr\/index.php\/visite-3d\/#breadcrumb"},"inLanguage":"fr-FR","potentialAction":[{"@type":"ReadAction","target":["https:\/\/paperbolt.fr\/index.php\/visite-3d\/"]}]},{"@type":"ImageObject","inLanguage":"fr-FR","@id":"https:\/\/paperbolt.fr\/index.php\/visite-3d\/#primaryimage","url":"https:\/\/paperbolt.fr\/wp-content\/uploads\/2024\/12\/Visite-3D-click.jpg","contentUrl":"https:\/\/paperbolt.fr\/wp-content\/uploads\/2024\/12\/Visite-3D-click.jpg","width":1400,"height":787},{"@type":"BreadcrumbList","@id":"https:\/\/paperbolt.fr\/index.php\/visite-3d\/#breadcrumb","itemListElement":[{"@type":"ListItem","position":1,"name":"Accueil","item":"https:\/\/paperbolt.fr\/"},{"@type":"ListItem","position":2,"name":"Visite 3D"}]},{"@type":"WebSite","@id":"https:\/\/paperbolt.fr\/#website","url":"https:\/\/paperbolt.fr\/","name":"PaperBolt.","description":"","publisher":{"@id":"https:\/\/paperbolt.fr\/#organization"},"potentialAction":[{"@type":"SearchAction","target":{"@type":"EntryPoint","urlTemplate":"https:\/\/paperbolt.fr\/?s={search_term_string}"},"query-input":{"@type":"PropertyValueSpecification","valueRequired":true,"valueName":"search_term_string"}}],"inLanguage":"fr-FR"},{"@type":"Organization","@id":"https:\/\/paperbolt.fr\/#organization","name":"PaperBolt.","url":"https:\/\/paperbolt.fr\/","logo":{"@type":"ImageObject","inLanguage":"fr-FR","@id":"https:\/\/paperbolt.fr\/#\/schema\/logo\/image\/","url":"https:\/\/paperbolt.fr\/wp-content\/uploads\/2024\/11\/Logo-2024.png","contentUrl":"https:\/\/paperbolt.fr\/wp-content\/uploads\/2024\/11\/Logo-2024.png","width":1500,"height":1500,"caption":"PaperBolt."},"image":{"@id":"https:\/\/paperbolt.fr\/#\/schema\/logo\/image\/"}}]}},"_links":{"self":[{"href":"https:\/\/paperbolt.fr\/index.php\/wp-json\/wp\/v2\/pages\/544","targetHints":{"allow":["GET"]}}],"collection":[{"href":"https:\/\/paperbolt.fr\/index.php\/wp-json\/wp\/v2\/pages"}],"about":[{"href":"https:\/\/paperbolt.fr\/index.php\/wp-json\/wp\/v2\/types\/page"}],"author":[{"embeddable":true,"href":"https:\/\/paperbolt.fr\/index.php\/wp-json\/wp\/v2\/users\/1"}],"replies":[{"embeddable":true,"href":"https:\/\/paperbolt.fr\/index.php\/wp-json\/wp\/v2\/comments?post=544"}],"version-history":[{"count":17,"href":"https:\/\/paperbolt.fr\/index.php\/wp-json\/wp\/v2\/pages\/544\/revisions"}],"predecessor-version":[{"id":888,"href":"https:\/\/paperbolt.fr\/index.php\/wp-json\/wp\/v2\/pages\/544\/revisions\/888"}],"wp:attachment":[{"href":"https:\/\/paperbolt.fr\/index.php\/wp-json\/wp\/v2\/media?parent=544"}],"curies":[{"name":"wp","href":"https:\/\/api.w.org\/{rel}","templated":true}]}}