{"id":512,"date":"2024-11-22T17:04:22","date_gmt":"2024-11-22T16:04:22","guid":{"rendered":"https:\/\/paperbolt.fr\/?page_id=512"},"modified":"2024-11-27T11:17:28","modified_gmt":"2024-11-27T10:17:28","slug":"vue-de-facade","status":"publish","type":"page","link":"https:\/\/paperbolt.fr\/index.php\/vue-de-facade\/","title":{"rendered":"Vue de Fa\u00e7ade"},"content":{"rendered":"\t\t<div data-elementor-type=\"wp-page\" data-elementor-id=\"512\" class=\"elementor elementor-512\">\n\t\t\t\t<div class=\"elementor-element elementor-element-0e772f3 e-flex e-con-boxed e-con e-parent\" data-id=\"0e772f3\" data-element_type=\"container\" data-e-type=\"container\">\n\t\t\t\t\t<div class=\"e-con-inner\">\n\t\t\t\t<div class=\"elementor-element elementor-element-0262428 elementor-invisible elementor-widget elementor-widget-heading\" data-id=\"0262428\" data-element_type=\"widget\" data-e-type=\"widget\" data-settings=\"{&quot;_animation&quot;:&quot;fadeIn&quot;}\" data-widget_type=\"heading.default\">\n\t\t\t\t<div class=\"elementor-widget-container\">\n\t\t\t\t\t<h2 class=\"elementor-heading-title elementor-size-default\">Visualisation<br>\nFa\u00e7ade<\/h2>\t\t\t\t<\/div>\n\t\t\t\t<\/div>\n\t\t\t\t\t<\/div>\n\t\t\t\t<\/div>\n\t\t<div class=\"elementor-element elementor-element-68a42ae e-flex e-con-boxed e-con e-parent\" data-id=\"68a42ae\" data-element_type=\"container\" data-e-type=\"container\">\n\t\t\t\t\t<div class=\"e-con-inner\">\n\t\t\t\t<div class=\"elementor-element elementor-element-746c9cf elementor-widget-divider--view-line elementor-widget elementor-widget-divider\" data-id=\"746c9cf\" data-element_type=\"widget\" data-e-type=\"widget\" data-widget_type=\"divider.default\">\n\t\t\t\t<div class=\"elementor-widget-container\">\n\t\t\t\t\t\t\t<div class=\"elementor-divider\">\n\t\t\t<span class=\"elementor-divider-separator\">\n\t\t\t\t\t\t<\/span>\n\t\t<\/div>\n\t\t\t\t\t\t<\/div>\n\t\t\t\t<\/div>\n\t\t\t\t\t<\/div>\n\t\t\t\t<\/div>\n\t\t<div class=\"elementor-element elementor-element-963bc7e e-flex e-con-boxed e-con e-parent\" data-id=\"963bc7e\" data-element_type=\"container\" data-e-type=\"container\">\n\t\t\t\t\t<div class=\"e-con-inner\">\n\t\t\t\t<div class=\"elementor-element elementor-element-f8b9729 elementor-drop-cap-yes elementor-drop-cap-view-default elementor-widget elementor-widget-text-editor\" data-id=\"f8b9729\" data-element_type=\"widget\" data-e-type=\"widget\" data-settings=\"{&quot;drop_cap&quot;:&quot;yes&quot;}\" data-widget_type=\"text-editor.default\">\n\t\t\t\t<div class=\"elementor-widget-container\">\n\t\t\t\t\t\t\t\t\t<p>Chez <strong>PaperBolt<\/strong>, nous transformons vos id\u00e9es en visuels captivants gr\u00e2ce \u00e0 notre expertise en rendu 3D. Sp\u00e9cialement con\u00e7u pour les architectes et les professionnels du b\u00e2timent, notre service de rendu de fa\u00e7ades offre une repr\u00e9sentation r\u00e9aliste et immersive de vos projets. Id\u00e9al pour accompagner les d\u00e9p\u00f4ts de permis de construire, nos visuels mettent en valeur les d\u00e9tails architecturaux et s\u2019int\u00e8grent harmonieusement dans leur environnement. Faites de vos propositions des outils puissants pour convaincre vos clients et les autorit\u00e9s comp\u00e9tentes, tout en gagnant en efficacit\u00e9 et en impact visuel.<\/p>\t\t\t\t\t\t\t\t<\/div>\n\t\t\t\t<\/div>\n\t\t\t\t<div class=\"elementor-element elementor-element-2fa2177 elementor-invisible elementor-widget elementor-widget-qi_addons_for_elementor_image_gallery_pinterest\" data-id=\"2fa2177\" data-element_type=\"widget\" data-e-type=\"widget\" data-settings=\"{&quot;_animation&quot;:&quot;fadeInUp&quot;}\" data-widget_type=\"qi_addons_for_elementor_image_gallery_pinterest.default\">\n\t\t\t\t<div class=\"elementor-widget-container\">\n\t\t\t\t\t<div class=\"qodef-shortcode qodef-m qodef-qi-image-gallery-pinterest qodef-qi-fslightbox-popup qodef-popup-gallery qodef-image--hover-zoom qodef-qi-grid qodef-layout--qi-masonry qodef-col-num--1 qodef-responsive--predefined\">\n\t<div class=\"qodef-grid-inner\">\n\t\t\t<div class=\"qodef-qi-grid-masonry-sizer\"><\/div>\n<div class=\"qodef-e qodef-image-wrapper qodef-grid-item\">\n\t<div class=\"qodef-e-inner\">\n\t\t\t\t\t<a class=\"qodef-popup-item\" itemprop=\"image\" href=\"https:\/\/paperbolt.fr\/wp-content\/uploads\/2024\/11\/d1c95818661549.562cd33a63d35.jpg\" data-type=\"image\" data-fslightbox=\"gallery-379\">\n\t\t\t\t\t<img fetchpriority=\"high\" decoding=\"async\" width=\"1400\" height=\"787\" src=\"https:\/\/paperbolt.fr\/wp-content\/uploads\/2024\/11\/d1c95818661549.562cd33a63d35.jpg\" class=\"attachment-full size-full\" alt=\"\" srcset=\"https:\/\/paperbolt.fr\/wp-content\/uploads\/2024\/11\/d1c95818661549.562cd33a63d35.jpg 1400w, https:\/\/paperbolt.fr\/wp-content\/uploads\/2024\/11\/d1c95818661549.562cd33a63d35-300x169.jpg 300w, https:\/\/paperbolt.fr\/wp-content\/uploads\/2024\/11\/d1c95818661549.562cd33a63d35-1024x576.jpg 1024w, https:\/\/paperbolt.fr\/wp-content\/uploads\/2024\/11\/d1c95818661549.562cd33a63d35-768x432.jpg 768w\" sizes=\"(max-width: 1400px) 100vw, 1400px\" \/>\t\t\t\t\t<\/a>\n\t\t\t<\/div>\n<\/div>\n<div class=\"qodef-e qodef-image-wrapper qodef-grid-item\">\n\t<div class=\"qodef-e-inner\">\n\t\t\t\t\t<a class=\"qodef-popup-item\" itemprop=\"image\" href=\"https:\/\/paperbolt.fr\/wp-content\/uploads\/2024\/11\/4d506718661549.562cd33b3dfc1.jpg\" data-type=\"image\" data-fslightbox=\"gallery-379\">\n\t\t\t\t\t<img decoding=\"async\" width=\"1400\" height=\"787\" src=\"https:\/\/paperbolt.fr\/wp-content\/uploads\/2024\/11\/4d506718661549.562cd33b3dfc1.jpg\" class=\"attachment-full size-full\" alt=\"\" srcset=\"https:\/\/paperbolt.fr\/wp-content\/uploads\/2024\/11\/4d506718661549.562cd33b3dfc1.jpg 1400w, https:\/\/paperbolt.fr\/wp-content\/uploads\/2024\/11\/4d506718661549.562cd33b3dfc1-300x169.jpg 300w, https:\/\/paperbolt.fr\/wp-content\/uploads\/2024\/11\/4d506718661549.562cd33b3dfc1-1024x576.jpg 1024w, https:\/\/paperbolt.fr\/wp-content\/uploads\/2024\/11\/4d506718661549.562cd33b3dfc1-768x432.jpg 768w\" sizes=\"(max-width: 1400px) 100vw, 1400px\" \/>\t\t\t\t\t<\/a>\n\t\t\t<\/div>\n<\/div>\n<div class=\"qodef-e qodef-image-wrapper qodef-grid-item\">\n\t<div class=\"qodef-e-inner\">\n\t\t\t\t\t<a class=\"qodef-popup-item\" itemprop=\"image\" href=\"https:\/\/paperbolt.fr\/wp-content\/uploads\/2024\/11\/5c973418661549.562cd33a119f2.jpg\" data-type=\"image\" data-fslightbox=\"gallery-379\">\n\t\t\t\t\t<img decoding=\"async\" width=\"1400\" height=\"1105\" src=\"https:\/\/paperbolt.fr\/wp-content\/uploads\/2024\/11\/5c973418661549.562cd33a119f2.jpg\" class=\"attachment-full size-full\" alt=\"\" srcset=\"https:\/\/paperbolt.fr\/wp-content\/uploads\/2024\/11\/5c973418661549.562cd33a119f2.jpg 1400w, https:\/\/paperbolt.fr\/wp-content\/uploads\/2024\/11\/5c973418661549.562cd33a119f2-300x237.jpg 300w, https:\/\/paperbolt.fr\/wp-content\/uploads\/2024\/11\/5c973418661549.562cd33a119f2-1024x808.jpg 1024w, https:\/\/paperbolt.fr\/wp-content\/uploads\/2024\/11\/5c973418661549.562cd33a119f2-768x606.jpg 768w\" sizes=\"(max-width: 1400px) 100vw, 1400px\" \/>\t\t\t\t\t<\/a>\n\t\t\t<\/div>\n<\/div>\n<div class=\"qodef-e qodef-image-wrapper qodef-grid-item\">\n\t<div class=\"qodef-e-inner\">\n\t\t\t\t\t<a class=\"qodef-popup-item\" itemprop=\"image\" href=\"https:\/\/paperbolt.fr\/wp-content\/uploads\/2024\/11\/81933118661789.562cd34c816f0.jpg\" data-type=\"image\" data-fslightbox=\"gallery-379\">\n\t\t\t\t\t<img loading=\"lazy\" decoding=\"async\" width=\"1400\" height=\"813\" src=\"https:\/\/paperbolt.fr\/wp-content\/uploads\/2024\/11\/81933118661789.562cd34c816f0.jpg\" class=\"attachment-full size-full\" alt=\"\" srcset=\"https:\/\/paperbolt.fr\/wp-content\/uploads\/2024\/11\/81933118661789.562cd34c816f0.jpg 1400w, https:\/\/paperbolt.fr\/wp-content\/uploads\/2024\/11\/81933118661789.562cd34c816f0-300x174.jpg 300w, https:\/\/paperbolt.fr\/wp-content\/uploads\/2024\/11\/81933118661789.562cd34c816f0-1024x595.jpg 1024w, https:\/\/paperbolt.fr\/wp-content\/uploads\/2024\/11\/81933118661789.562cd34c816f0-768x446.jpg 768w\" sizes=\"(max-width: 1400px) 100vw, 1400px\" \/>\t\t\t\t\t<\/a>\n\t\t\t<\/div>\n<\/div>\n<div class=\"qodef-e qodef-image-wrapper qodef-grid-item\">\n\t<div class=\"qodef-e-inner\">\n\t\t\t\t\t<a class=\"qodef-popup-item\" itemprop=\"image\" href=\"https:\/\/paperbolt.fr\/wp-content\/uploads\/2024\/11\/30e97b18661789.562cd34b99bfa.jpg\" data-type=\"image\" data-fslightbox=\"gallery-379\">\n\t\t\t\t\t<img loading=\"lazy\" decoding=\"async\" width=\"1400\" height=\"813\" src=\"https:\/\/paperbolt.fr\/wp-content\/uploads\/2024\/11\/30e97b18661789.562cd34b99bfa.jpg\" class=\"attachment-full size-full\" alt=\"\" srcset=\"https:\/\/paperbolt.fr\/wp-content\/uploads\/2024\/11\/30e97b18661789.562cd34b99bfa.jpg 1400w, https:\/\/paperbolt.fr\/wp-content\/uploads\/2024\/11\/30e97b18661789.562cd34b99bfa-300x174.jpg 300w, https:\/\/paperbolt.fr\/wp-content\/uploads\/2024\/11\/30e97b18661789.562cd34b99bfa-1024x595.jpg 1024w, https:\/\/paperbolt.fr\/wp-content\/uploads\/2024\/11\/30e97b18661789.562cd34b99bfa-768x446.jpg 768w\" sizes=\"(max-width: 1400px) 100vw, 1400px\" \/>\t\t\t\t\t<\/a>\n\t\t\t<\/div>\n<\/div>\n<div class=\"qodef-e qodef-image-wrapper qodef-grid-item\">\n\t<div class=\"qodef-e-inner\">\n\t\t\t\t\t<a class=\"qodef-popup-item\" itemprop=\"image\" href=\"https:\/\/paperbolt.fr\/wp-content\/uploads\/2024\/11\/c9bf4418661789.562cd34c878b5.jpg\" data-type=\"image\" data-fslightbox=\"gallery-379\">\n\t\t\t\t\t<img loading=\"lazy\" decoding=\"async\" width=\"1400\" height=\"813\" src=\"https:\/\/paperbolt.fr\/wp-content\/uploads\/2024\/11\/c9bf4418661789.562cd34c878b5.jpg\" class=\"attachment-full size-full\" alt=\"\" srcset=\"https:\/\/paperbolt.fr\/wp-content\/uploads\/2024\/11\/c9bf4418661789.562cd34c878b5.jpg 1400w, https:\/\/paperbolt.fr\/wp-content\/uploads\/2024\/11\/c9bf4418661789.562cd34c878b5-300x174.jpg 300w, https:\/\/paperbolt.fr\/wp-content\/uploads\/2024\/11\/c9bf4418661789.562cd34c878b5-1024x595.jpg 1024w, https:\/\/paperbolt.fr\/wp-content\/uploads\/2024\/11\/c9bf4418661789.562cd34c878b5-768x446.jpg 768w\" sizes=\"(max-width: 1400px) 100vw, 1400px\" \/>\t\t\t\t\t<\/a>\n\t\t\t<\/div>\n<\/div>\n<div class=\"qodef-e qodef-image-wrapper qodef-grid-item\">\n\t<div class=\"qodef-e-inner\">\n\t\t\t\t\t<a class=\"qodef-popup-item\" itemprop=\"image\" href=\"https:\/\/paperbolt.fr\/wp-content\/uploads\/2024\/11\/cda67d18661789.562cd34b9bd3c.jpg\" data-type=\"image\" data-fslightbox=\"gallery-379\">\n\t\t\t\t\t<img loading=\"lazy\" decoding=\"async\" width=\"1400\" height=\"813\" src=\"https:\/\/paperbolt.fr\/wp-content\/uploads\/2024\/11\/cda67d18661789.562cd34b9bd3c.jpg\" class=\"attachment-full size-full\" alt=\"\" srcset=\"https:\/\/paperbolt.fr\/wp-content\/uploads\/2024\/11\/cda67d18661789.562cd34b9bd3c.jpg 1400w, https:\/\/paperbolt.fr\/wp-content\/uploads\/2024\/11\/cda67d18661789.562cd34b9bd3c-300x174.jpg 300w, https:\/\/paperbolt.fr\/wp-content\/uploads\/2024\/11\/cda67d18661789.562cd34b9bd3c-1024x595.jpg 1024w, https:\/\/paperbolt.fr\/wp-content\/uploads\/2024\/11\/cda67d18661789.562cd34b9bd3c-768x446.jpg 768w\" sizes=\"(max-width: 1400px) 100vw, 1400px\" \/>\t\t\t\t\t<\/a>\n\t\t\t<\/div>\n<\/div>\n\t<\/div>\n<\/div>\n\t\t\t\t<\/div>\n\t\t\t\t<\/div>\n\t\t\t\t\t<\/div>\n\t\t\t\t<\/div>\n\t\t\t\t<\/div>\n\t\t","protected":false},"excerpt":{"rendered":"<p>Visualisation Fa\u00e7ade Chez PaperBolt, nous transformons vos id\u00e9es en visuels captivants gr\u00e2ce \u00e0 notre expertise en rendu 3D. Sp\u00e9cialement con\u00e7u pour les architectes et les professionnels du b\u00e2timent, notre service de rendu de fa\u00e7ades offre une repr\u00e9sentation r\u00e9aliste et immersive de vos projets. Id\u00e9al pour accompagner les d\u00e9p\u00f4ts de permis de construire, nos visuels mettent [&hellip;]<\/p>\n","protected":false},"author":1,"featured_media":0,"parent":0,"menu_order":0,"comment_status":"closed","ping_status":"closed","template":"","meta":{"footnotes":""},"class_list":["post-512","page","type-page","status-publish","hentry"],"yoast_head":"<!-- This site is optimized with the Yoast SEO plugin v27.4 - https:\/\/yoast.com\/product\/yoast-seo-wordpress\/ -->\n<title>Vue de Fa\u00e7ade - PaperBolt.<\/title>\n<meta name=\"robots\" content=\"index, follow, max-snippet:-1, max-image-preview:large, max-video-preview:-1\" \/>\n<link rel=\"canonical\" href=\"https:\/\/paperbolt.fr\/index.php\/vue-de-facade\/\" \/>\n<meta property=\"og:locale\" content=\"fr_FR\" \/>\n<meta property=\"og:type\" content=\"article\" \/>\n<meta property=\"og:title\" content=\"Vue de Fa\u00e7ade - PaperBolt.\" \/>\n<meta property=\"og:description\" content=\"Visualisation Fa\u00e7ade Chez PaperBolt, nous transformons vos id\u00e9es en visuels captivants gr\u00e2ce \u00e0 notre expertise en rendu 3D. Sp\u00e9cialement con\u00e7u pour les architectes et les professionnels du b\u00e2timent, notre service de rendu de fa\u00e7ades offre une repr\u00e9sentation r\u00e9aliste et immersive de vos projets. Id\u00e9al pour accompagner les d\u00e9p\u00f4ts de permis de construire, nos visuels mettent [&hellip;]\" \/>\n<meta property=\"og:url\" content=\"https:\/\/paperbolt.fr\/index.php\/vue-de-facade\/\" \/>\n<meta property=\"og:site_name\" content=\"PaperBolt.\" \/>\n<meta property=\"article:modified_time\" content=\"2024-11-27T10:17:28+00:00\" \/>\n<meta property=\"og:image\" content=\"http:\/\/paperbolt.fr\/wp-content\/uploads\/2024\/11\/d1c95818661549.562cd33a63d35.jpg\" \/>\n<meta name=\"twitter:card\" content=\"summary_large_image\" \/>\n<meta name=\"twitter:label1\" content=\"Dur\u00e9e de lecture estim\u00e9e\" \/>\n\t<meta name=\"twitter:data1\" content=\"2 minutes\" \/>\n<script type=\"application\/ld+json\" class=\"yoast-schema-graph\">{\"@context\":\"https:\\\/\\\/schema.org\",\"@graph\":[{\"@type\":\"WebPage\",\"@id\":\"https:\\\/\\\/paperbolt.fr\\\/index.php\\\/vue-de-facade\\\/\",\"url\":\"https:\\\/\\\/paperbolt.fr\\\/index.php\\\/vue-de-facade\\\/\",\"name\":\"Vue de Fa\u00e7ade - PaperBolt.\",\"isPartOf\":{\"@id\":\"https:\\\/\\\/paperbolt.fr\\\/#website\"},\"primaryImageOfPage\":{\"@id\":\"https:\\\/\\\/paperbolt.fr\\\/index.php\\\/vue-de-facade\\\/#primaryimage\"},\"image\":{\"@id\":\"https:\\\/\\\/paperbolt.fr\\\/index.php\\\/vue-de-facade\\\/#primaryimage\"},\"thumbnailUrl\":\"http:\\\/\\\/paperbolt.fr\\\/wp-content\\\/uploads\\\/2024\\\/11\\\/d1c95818661549.562cd33a63d35.jpg\",\"datePublished\":\"2024-11-22T16:04:22+00:00\",\"dateModified\":\"2024-11-27T10:17:28+00:00\",\"breadcrumb\":{\"@id\":\"https:\\\/\\\/paperbolt.fr\\\/index.php\\\/vue-de-facade\\\/#breadcrumb\"},\"inLanguage\":\"fr-FR\",\"potentialAction\":[{\"@type\":\"ReadAction\",\"target\":[\"https:\\\/\\\/paperbolt.fr\\\/index.php\\\/vue-de-facade\\\/\"]}]},{\"@type\":\"ImageObject\",\"inLanguage\":\"fr-FR\",\"@id\":\"https:\\\/\\\/paperbolt.fr\\\/index.php\\\/vue-de-facade\\\/#primaryimage\",\"url\":\"http:\\\/\\\/paperbolt.fr\\\/wp-content\\\/uploads\\\/2024\\\/11\\\/d1c95818661549.562cd33a63d35.jpg\",\"contentUrl\":\"http:\\\/\\\/paperbolt.fr\\\/wp-content\\\/uploads\\\/2024\\\/11\\\/d1c95818661549.562cd33a63d35.jpg\"},{\"@type\":\"BreadcrumbList\",\"@id\":\"https:\\\/\\\/paperbolt.fr\\\/index.php\\\/vue-de-facade\\\/#breadcrumb\",\"itemListElement\":[{\"@type\":\"ListItem\",\"position\":1,\"name\":\"Accueil\",\"item\":\"https:\\\/\\\/paperbolt.fr\\\/\"},{\"@type\":\"ListItem\",\"position\":2,\"name\":\"Vue de Fa\u00e7ade\"}]},{\"@type\":\"WebSite\",\"@id\":\"https:\\\/\\\/paperbolt.fr\\\/#website\",\"url\":\"https:\\\/\\\/paperbolt.fr\\\/\",\"name\":\"PaperBolt.\",\"description\":\"\",\"publisher\":{\"@id\":\"https:\\\/\\\/paperbolt.fr\\\/#organization\"},\"potentialAction\":[{\"@type\":\"SearchAction\",\"target\":{\"@type\":\"EntryPoint\",\"urlTemplate\":\"https:\\\/\\\/paperbolt.fr\\\/?s={search_term_string}\"},\"query-input\":{\"@type\":\"PropertyValueSpecification\",\"valueRequired\":true,\"valueName\":\"search_term_string\"}}],\"inLanguage\":\"fr-FR\"},{\"@type\":\"Organization\",\"@id\":\"https:\\\/\\\/paperbolt.fr\\\/#organization\",\"name\":\"PaperBolt.\",\"url\":\"https:\\\/\\\/paperbolt.fr\\\/\",\"logo\":{\"@type\":\"ImageObject\",\"inLanguage\":\"fr-FR\",\"@id\":\"https:\\\/\\\/paperbolt.fr\\\/#\\\/schema\\\/logo\\\/image\\\/\",\"url\":\"https:\\\/\\\/paperbolt.fr\\\/wp-content\\\/uploads\\\/2024\\\/11\\\/Logo-2024.png\",\"contentUrl\":\"https:\\\/\\\/paperbolt.fr\\\/wp-content\\\/uploads\\\/2024\\\/11\\\/Logo-2024.png\",\"width\":1500,\"height\":1500,\"caption\":\"PaperBolt.\"},\"image\":{\"@id\":\"https:\\\/\\\/paperbolt.fr\\\/#\\\/schema\\\/logo\\\/image\\\/\"}}]}<\/script>\n<!-- \/ Yoast SEO plugin. -->","yoast_head_json":{"title":"Vue de Fa\u00e7ade - PaperBolt.","robots":{"index":"index","follow":"follow","max-snippet":"max-snippet:-1","max-image-preview":"max-image-preview:large","max-video-preview":"max-video-preview:-1"},"canonical":"https:\/\/paperbolt.fr\/index.php\/vue-de-facade\/","og_locale":"fr_FR","og_type":"article","og_title":"Vue de Fa\u00e7ade - PaperBolt.","og_description":"Visualisation Fa\u00e7ade Chez PaperBolt, nous transformons vos id\u00e9es en visuels captivants gr\u00e2ce \u00e0 notre expertise en rendu 3D. Sp\u00e9cialement con\u00e7u pour les architectes et les professionnels du b\u00e2timent, notre service de rendu de fa\u00e7ades offre une repr\u00e9sentation r\u00e9aliste et immersive de vos projets. Id\u00e9al pour accompagner les d\u00e9p\u00f4ts de permis de construire, nos visuels mettent [&hellip;]","og_url":"https:\/\/paperbolt.fr\/index.php\/vue-de-facade\/","og_site_name":"PaperBolt.","article_modified_time":"2024-11-27T10:17:28+00:00","og_image":[{"url":"http:\/\/paperbolt.fr\/wp-content\/uploads\/2024\/11\/d1c95818661549.562cd33a63d35.jpg","type":"","width":"","height":""}],"twitter_card":"summary_large_image","twitter_misc":{"Dur\u00e9e de lecture estim\u00e9e":"2 minutes"},"schema":{"@context":"https:\/\/schema.org","@graph":[{"@type":"WebPage","@id":"https:\/\/paperbolt.fr\/index.php\/vue-de-facade\/","url":"https:\/\/paperbolt.fr\/index.php\/vue-de-facade\/","name":"Vue de Fa\u00e7ade - PaperBolt.","isPartOf":{"@id":"https:\/\/paperbolt.fr\/#website"},"primaryImageOfPage":{"@id":"https:\/\/paperbolt.fr\/index.php\/vue-de-facade\/#primaryimage"},"image":{"@id":"https:\/\/paperbolt.fr\/index.php\/vue-de-facade\/#primaryimage"},"thumbnailUrl":"http:\/\/paperbolt.fr\/wp-content\/uploads\/2024\/11\/d1c95818661549.562cd33a63d35.jpg","datePublished":"2024-11-22T16:04:22+00:00","dateModified":"2024-11-27T10:17:28+00:00","breadcrumb":{"@id":"https:\/\/paperbolt.fr\/index.php\/vue-de-facade\/#breadcrumb"},"inLanguage":"fr-FR","potentialAction":[{"@type":"ReadAction","target":["https:\/\/paperbolt.fr\/index.php\/vue-de-facade\/"]}]},{"@type":"ImageObject","inLanguage":"fr-FR","@id":"https:\/\/paperbolt.fr\/index.php\/vue-de-facade\/#primaryimage","url":"http:\/\/paperbolt.fr\/wp-content\/uploads\/2024\/11\/d1c95818661549.562cd33a63d35.jpg","contentUrl":"http:\/\/paperbolt.fr\/wp-content\/uploads\/2024\/11\/d1c95818661549.562cd33a63d35.jpg"},{"@type":"BreadcrumbList","@id":"https:\/\/paperbolt.fr\/index.php\/vue-de-facade\/#breadcrumb","itemListElement":[{"@type":"ListItem","position":1,"name":"Accueil","item":"https:\/\/paperbolt.fr\/"},{"@type":"ListItem","position":2,"name":"Vue de Fa\u00e7ade"}]},{"@type":"WebSite","@id":"https:\/\/paperbolt.fr\/#website","url":"https:\/\/paperbolt.fr\/","name":"PaperBolt.","description":"","publisher":{"@id":"https:\/\/paperbolt.fr\/#organization"},"potentialAction":[{"@type":"SearchAction","target":{"@type":"EntryPoint","urlTemplate":"https:\/\/paperbolt.fr\/?s={search_term_string}"},"query-input":{"@type":"PropertyValueSpecification","valueRequired":true,"valueName":"search_term_string"}}],"inLanguage":"fr-FR"},{"@type":"Organization","@id":"https:\/\/paperbolt.fr\/#organization","name":"PaperBolt.","url":"https:\/\/paperbolt.fr\/","logo":{"@type":"ImageObject","inLanguage":"fr-FR","@id":"https:\/\/paperbolt.fr\/#\/schema\/logo\/image\/","url":"https:\/\/paperbolt.fr\/wp-content\/uploads\/2024\/11\/Logo-2024.png","contentUrl":"https:\/\/paperbolt.fr\/wp-content\/uploads\/2024\/11\/Logo-2024.png","width":1500,"height":1500,"caption":"PaperBolt."},"image":{"@id":"https:\/\/paperbolt.fr\/#\/schema\/logo\/image\/"}}]}},"_links":{"self":[{"href":"https:\/\/paperbolt.fr\/index.php\/wp-json\/wp\/v2\/pages\/512","targetHints":{"allow":["GET"]}}],"collection":[{"href":"https:\/\/paperbolt.fr\/index.php\/wp-json\/wp\/v2\/pages"}],"about":[{"href":"https:\/\/paperbolt.fr\/index.php\/wp-json\/wp\/v2\/types\/page"}],"author":[{"embeddable":true,"href":"https:\/\/paperbolt.fr\/index.php\/wp-json\/wp\/v2\/users\/1"}],"replies":[{"embeddable":true,"href":"https:\/\/paperbolt.fr\/index.php\/wp-json\/wp\/v2\/comments?post=512"}],"version-history":[{"count":7,"href":"https:\/\/paperbolt.fr\/index.php\/wp-json\/wp\/v2\/pages\/512\/revisions"}],"predecessor-version":[{"id":802,"href":"https:\/\/paperbolt.fr\/index.php\/wp-json\/wp\/v2\/pages\/512\/revisions\/802"}],"wp:attachment":[{"href":"https:\/\/paperbolt.fr\/index.php\/wp-json\/wp\/v2\/media?parent=512"}],"curies":[{"name":"wp","href":"https:\/\/api.w.org\/{rel}","templated":true}]}}