{"id":100,"date":"2024-11-20T11:32:05","date_gmt":"2024-11-20T10:32:05","guid":{"rendered":"https:\/\/paperbolt.fr\/?page_id=100"},"modified":"2025-01-15T16:53:36","modified_gmt":"2025-01-15T15:53:36","slug":"image-virtuelle","status":"publish","type":"page","link":"https:\/\/paperbolt.fr\/index.php\/image-virtuelle\/","title":{"rendered":"Imagerie VIrtuelle"},"content":{"rendered":"\t\t<div data-elementor-type=\"wp-page\" data-elementor-id=\"100\" class=\"elementor elementor-100\">\n\t\t\t\t<div class=\"elementor-element elementor-element-37848b6 e-con-full e-flex e-con e-parent\" data-id=\"37848b6\" data-element_type=\"container\" data-e-type=\"container\">\n\t\t\t\t<div class=\"elementor-element elementor-element-fd0ad0a elementor-invisible elementor-widget elementor-widget-heading\" data-id=\"fd0ad0a\" data-element_type=\"widget\" data-e-type=\"widget\" data-settings=\"{&quot;_animation&quot;:&quot;fadeIn&quot;}\" data-widget_type=\"heading.default\">\n\t\t\t\t<div class=\"elementor-widget-container\">\n\t\t\t\t\t<h2 class=\"elementor-heading-title elementor-size-default\">Imagerie<br>\nVirtuelle<\/h2>\t\t\t\t<\/div>\n\t\t\t\t<\/div>\n\t\t\t\t<div class=\"elementor-element elementor-element-e8218c2 elementor-widget elementor-widget-image\" data-id=\"e8218c2\" data-element_type=\"widget\" data-e-type=\"widget\" data-widget_type=\"image.default\">\n\t\t\t\t<div class=\"elementor-widget-container\">\n\t\t\t\t\t\t\t\t\t\t\t\t\t\t\t<img fetchpriority=\"high\" decoding=\"async\" width=\"1536\" height=\"864\" src=\"https:\/\/paperbolt.fr\/wp-content\/uploads\/2025\/01\/Sans20titre201-enhanced-1536x864.jpg\" class=\"attachment-1536x1536 size-1536x1536 wp-image-896\" alt=\"\" srcset=\"https:\/\/paperbolt.fr\/wp-content\/uploads\/2025\/01\/Sans20titre201-enhanced-1536x864.jpg 1536w, https:\/\/paperbolt.fr\/wp-content\/uploads\/2025\/01\/Sans20titre201-enhanced-300x169.jpg 300w, https:\/\/paperbolt.fr\/wp-content\/uploads\/2025\/01\/Sans20titre201-enhanced-1024x576.jpg 1024w, https:\/\/paperbolt.fr\/wp-content\/uploads\/2025\/01\/Sans20titre201-enhanced-768x432.jpg 768w, https:\/\/paperbolt.fr\/wp-content\/uploads\/2025\/01\/Sans20titre201-enhanced.jpg 1600w\" sizes=\"(max-width: 1536px) 100vw, 1536px\" \/>\t\t\t\t\t\t\t\t\t\t\t\t\t\t\t<\/div>\n\t\t\t\t<\/div>\n\t\t\t\t<div class=\"elementor-element elementor-element-6d457b0 elementor-widget elementor-widget-spacer\" data-id=\"6d457b0\" data-element_type=\"widget\" data-e-type=\"widget\" data-widget_type=\"spacer.default\">\n\t\t\t\t<div class=\"elementor-widget-container\">\n\t\t\t\t\t\t\t<div class=\"elementor-spacer\">\n\t\t\t<div class=\"elementor-spacer-inner\"><\/div>\n\t\t<\/div>\n\t\t\t\t\t\t<\/div>\n\t\t\t\t<\/div>\n\t\t\t\t<\/div>\n\t\t<div class=\"elementor-element elementor-element-30efab2 e-grid e-con-boxed e-con e-parent\" data-id=\"30efab2\" data-element_type=\"container\" data-e-type=\"container\">\n\t\t\t\t\t<div class=\"e-con-inner\">\n\t\t<div class=\"elementor-element elementor-element-f9efaac e-con-full e-flex e-con e-child\" data-id=\"f9efaac\" data-element_type=\"container\" data-e-type=\"container\">\n\t\t\t\t<div class=\"elementor-element elementor-element-ec8a604 elementor-drop-cap-yes elementor-drop-cap-view-default elementor-widget elementor-widget-text-editor\" data-id=\"ec8a604\" data-element_type=\"widget\" data-e-type=\"widget\" data-settings=\"{&quot;drop_cap&quot;:&quot;yes&quot;}\" data-widget_type=\"text-editor.default\">\n\t\t\t\t<div class=\"elementor-widget-container\">\n\t\t\t\t\t\t\t\t\t<p>L&rsquo;imagerie 3D est au c\u0153ur de l&rsquo;expertise de <strong>PaperBolt<\/strong>, une entreprise pionni\u00e8re dans le domaine de la visualisation architecturale et du design virtuel. Forte de trois ann\u00e9es cons\u00e9cutives \u00e0 la premi\u00e8re place nationale, PaperBolt intervient sur un large spectre de services li\u00e9s \u00e0 l&rsquo;imagerie virtuelle : rendus architecturaux, design d&rsquo;int\u00e9rieur, int\u00e9gration paysag\u00e8re, conception de plans en 3D, ainsi que le Home Staging virtuel. Gr\u00e2ce \u00e0 des visualisations hyperr\u00e9alistes et une ma\u00eetrise de la mod\u00e9lisation, PaperBolt. aide ses clients \u00e0 se projeter avec pr\u00e9cision dans leurs projets, qu\u2019il s\u2019agisse de mettre en valeur un produit, de transformer un espace vide ou de concr\u00e9tiser une id\u00e9e architecturale.<\/p>\t\t\t\t\t\t\t\t<\/div>\n\t\t\t\t<\/div>\n\t\t\t\t<\/div>\n\t\t\t\t<div class=\"elementor-element elementor-element-248ba4c elementor-align-start elementor-icon-list--layout-traditional elementor-list-item-link-full_width elementor-widget elementor-widget-icon-list\" data-id=\"248ba4c\" data-element_type=\"widget\" data-e-type=\"widget\" data-widget_type=\"icon-list.default\">\n\t\t\t\t<div class=\"elementor-widget-container\">\n\t\t\t\t\t\t\t<ul class=\"elementor-icon-list-items\">\n\t\t\t\t\t\t\t<li class=\"elementor-icon-list-item\">\n\t\t\t\t\t\t\t\t\t\t\t<a href=\"https:\/\/paperbolt.fr\/index.php\/architecture\/\">\n\n\t\t\t\t\t\t\t\t\t\t\t\t<span class=\"elementor-icon-list-icon\">\n\t\t\t\t\t\t\t<svg aria-hidden=\"true\" class=\"e-font-icon-svg e-fas-building\" viewBox=\"0 0 448 512\" xmlns=\"http:\/\/www.w3.org\/2000\/svg\"><path d=\"M436 480h-20V24c0-13.255-10.745-24-24-24H56C42.745 0 32 10.745 32 24v456H12c-6.627 0-12 5.373-12 12v20h448v-20c0-6.627-5.373-12-12-12zM128 76c0-6.627 5.373-12 12-12h40c6.627 0 12 5.373 12 12v40c0 6.627-5.373 12-12 12h-40c-6.627 0-12-5.373-12-12V76zm0 96c0-6.627 5.373-12 12-12h40c6.627 0 12 5.373 12 12v40c0 6.627-5.373 12-12 12h-40c-6.627 0-12-5.373-12-12v-40zm52 148h-40c-6.627 0-12-5.373-12-12v-40c0-6.627 5.373-12 12-12h40c6.627 0 12 5.373 12 12v40c0 6.627-5.373 12-12 12zm76 160h-64v-84c0-6.627 5.373-12 12-12h40c6.627 0 12 5.373 12 12v84zm64-172c0 6.627-5.373 12-12 12h-40c-6.627 0-12-5.373-12-12v-40c0-6.627 5.373-12 12-12h40c6.627 0 12 5.373 12 12v40zm0-96c0 6.627-5.373 12-12 12h-40c-6.627 0-12-5.373-12-12v-40c0-6.627 5.373-12 12-12h40c6.627 0 12 5.373 12 12v40zm0-96c0 6.627-5.373 12-12 12h-40c-6.627 0-12-5.373-12-12V76c0-6.627 5.373-12 12-12h40c6.627 0 12 5.373 12 12v40z\"><\/path><\/svg>\t\t\t\t\t\t<\/span>\n\t\t\t\t\t\t\t\t\t\t<span class=\"elementor-icon-list-text\">Rendu Architectural<\/span>\n\t\t\t\t\t\t\t\t\t\t\t<\/a>\n\t\t\t\t\t\t\t\t\t<\/li>\n\t\t\t\t\t\t\t\t<li class=\"elementor-icon-list-item\">\n\t\t\t\t\t\t\t\t\t\t\t<a href=\"https:\/\/paperbolt.fr\/index.php\/rendu-dinterieur\/\">\n\n\t\t\t\t\t\t\t\t\t\t\t\t<span class=\"elementor-icon-list-icon\">\n\t\t\t\t\t\t\t<svg aria-hidden=\"true\" class=\"e-font-icon-svg e-fas-couch\" viewBox=\"0 0 640 512\" xmlns=\"http:\/\/www.w3.org\/2000\/svg\"><path d=\"M160 224v64h320v-64c0-35.3 28.7-64 64-64h32c0-53-43-96-96-96H160c-53 0-96 43-96 96h32c35.3 0 64 28.7 64 64zm416-32h-32c-17.7 0-32 14.3-32 32v96H128v-96c0-17.7-14.3-32-32-32H64c-35.3 0-64 28.7-64 64 0 23.6 13 44 32 55.1V432c0 8.8 7.2 16 16 16h64c8.8 0 16-7.2 16-16v-16h384v16c0 8.8 7.2 16 16 16h64c8.8 0 16-7.2 16-16V311.1c19-11.1 32-31.5 32-55.1 0-35.3-28.7-64-64-64z\"><\/path><\/svg>\t\t\t\t\t\t<\/span>\n\t\t\t\t\t\t\t\t\t\t<span class=\"elementor-icon-list-text\">Rendu d'Int\u00e9rieur<\/span>\n\t\t\t\t\t\t\t\t\t\t\t<\/a>\n\t\t\t\t\t\t\t\t\t<\/li>\n\t\t\t\t\t\t\t\t<li class=\"elementor-icon-list-item\">\n\t\t\t\t\t\t\t\t\t\t\t<a href=\"https:\/\/paperbolt.fr\/index.php\/integration\/\">\n\n\t\t\t\t\t\t\t\t\t\t\t\t<span class=\"elementor-icon-list-icon\">\n\t\t\t\t\t\t\t<svg aria-hidden=\"true\" class=\"e-font-icon-svg e-fas-expand\" viewBox=\"0 0 448 512\" xmlns=\"http:\/\/www.w3.org\/2000\/svg\"><path d=\"M0 180V56c0-13.3 10.7-24 24-24h124c6.6 0 12 5.4 12 12v40c0 6.6-5.4 12-12 12H64v84c0 6.6-5.4 12-12 12H12c-6.6 0-12-5.4-12-12zM288 44v40c0 6.6 5.4 12 12 12h84v84c0 6.6 5.4 12 12 12h40c6.6 0 12-5.4 12-12V56c0-13.3-10.7-24-24-24H300c-6.6 0-12 5.4-12 12zm148 276h-40c-6.6 0-12 5.4-12 12v84h-84c-6.6 0-12 5.4-12 12v40c0 6.6 5.4 12 12 12h124c13.3 0 24-10.7 24-24V332c0-6.6-5.4-12-12-12zM160 468v-40c0-6.6-5.4-12-12-12H64v-84c0-6.6-5.4-12-12-12H12c-6.6 0-12 5.4-12 12v124c0 13.3 10.7 24 24 24h124c6.6 0 12-5.4 12-12z\"><\/path><\/svg>\t\t\t\t\t\t<\/span>\n\t\t\t\t\t\t\t\t\t\t<span class=\"elementor-icon-list-text\">Int\u00e9gration<\/span>\n\t\t\t\t\t\t\t\t\t\t\t<\/a>\n\t\t\t\t\t\t\t\t\t<\/li>\n\t\t\t\t\t\t\t\t<li class=\"elementor-icon-list-item\">\n\t\t\t\t\t\t\t\t\t\t\t<a href=\"https:\/\/paperbolt.fr\/index.php\/plan-3d\/\">\n\n\t\t\t\t\t\t\t\t\t\t\t\t<span class=\"elementor-icon-list-icon\">\n\t\t\t\t\t\t\t<svg aria-hidden=\"true\" class=\"e-font-icon-svg e-fas-dice-d6\" viewBox=\"0 0 448 512\" xmlns=\"http:\/\/www.w3.org\/2000\/svg\"><path d=\"M422.19 109.95L256.21 9.07c-19.91-12.1-44.52-12.1-64.43 0L25.81 109.95c-5.32 3.23-5.29 11.27.06 14.46L224 242.55l198.14-118.14c5.35-3.19 5.38-11.22.05-14.46zm13.84 44.63L240 271.46v223.82c0 12.88 13.39 20.91 24.05 14.43l152.16-92.48c19.68-11.96 31.79-33.94 31.79-57.7v-197.7c0-6.41-6.64-10.43-11.97-7.25zM0 161.83v197.7c0 23.77 12.11 45.74 31.79 57.7l152.16 92.47c10.67 6.48 24.05-1.54 24.05-14.43V271.46L11.97 154.58C6.64 151.4 0 155.42 0 161.83z\"><\/path><\/svg>\t\t\t\t\t\t<\/span>\n\t\t\t\t\t\t\t\t\t\t<span class=\"elementor-icon-list-text\">Plan 3D<\/span>\n\t\t\t\t\t\t\t\t\t\t\t<\/a>\n\t\t\t\t\t\t\t\t\t<\/li>\n\t\t\t\t\t\t\t\t<li class=\"elementor-icon-list-item\">\n\t\t\t\t\t\t\t\t\t\t\t<a href=\"https:\/\/paperbolt.fr\/index.php\/visite-3d\/\">\n\n\t\t\t\t\t\t\t\t\t\t\t\t<span class=\"elementor-icon-list-icon\">\n\t\t\t\t\t\t\t<svg aria-hidden=\"true\" class=\"e-font-icon-svg e-fas-eye\" viewBox=\"0 0 576 512\" xmlns=\"http:\/\/www.w3.org\/2000\/svg\"><path d=\"M572.52 241.4C518.29 135.59 410.93 64 288 64S57.68 135.64 3.48 241.41a32.35 32.35 0 0 0 0 29.19C57.71 376.41 165.07 448 288 448s230.32-71.64 284.52-177.41a32.35 32.35 0 0 0 0-29.19zM288 400a144 144 0 1 1 144-144 143.93 143.93 0 0 1-144 144zm0-240a95.31 95.31 0 0 0-25.31 3.79 47.85 47.85 0 0 1-66.9 66.9A95.78 95.78 0 1 0 288 160z\"><\/path><\/svg>\t\t\t\t\t\t<\/span>\n\t\t\t\t\t\t\t\t\t\t<span class=\"elementor-icon-list-text\">Visite 3D<\/span>\n\t\t\t\t\t\t\t\t\t\t\t<\/a>\n\t\t\t\t\t\t\t\t\t<\/li>\n\t\t\t\t\t\t\t\t<li class=\"elementor-icon-list-item\">\n\t\t\t\t\t\t\t\t\t\t\t<a href=\"https:\/\/paperbolt.fr\/index.php\/home-staging-virtuel\/\">\n\n\t\t\t\t\t\t\t\t\t\t\t\t<span class=\"elementor-icon-list-icon\">\n\t\t\t\t\t\t\t<svg aria-hidden=\"true\" class=\"e-font-icon-svg e-fas-door-open\" viewBox=\"0 0 640 512\" xmlns=\"http:\/\/www.w3.org\/2000\/svg\"><path d=\"M624 448h-80V113.45C544 86.19 522.47 64 496 64H384v64h96v384h144c8.84 0 16-7.16 16-16v-32c0-8.84-7.16-16-16-16zM312.24 1.01l-192 49.74C105.99 54.44 96 67.7 96 82.92V448H16c-8.84 0-16 7.16-16 16v32c0 8.84 7.16 16 16 16h336V33.18c0-21.58-19.56-37.41-39.76-32.17zM264 288c-13.25 0-24-14.33-24-32s10.75-32 24-32 24 14.33 24 32-10.75 32-24 32z\"><\/path><\/svg>\t\t\t\t\t\t<\/span>\n\t\t\t\t\t\t\t\t\t\t<span class=\"elementor-icon-list-text\">Home Staging Virtuel<\/span>\n\t\t\t\t\t\t\t\t\t\t\t<\/a>\n\t\t\t\t\t\t\t\t\t<\/li>\n\t\t\t\t\t\t\t\t<li class=\"elementor-icon-list-item\">\n\t\t\t\t\t\t\t\t\t\t\t<a href=\"https:\/\/paperbolt.fr\/index.php\/design-produit\/\">\n\n\t\t\t\t\t\t\t\t\t\t\t\t<span class=\"elementor-icon-list-icon\">\n\t\t\t\t\t\t\t<svg aria-hidden=\"true\" class=\"e-font-icon-svg e-fas-chair\" viewBox=\"0 0 448 512\" xmlns=\"http:\/\/www.w3.org\/2000\/svg\"><path d=\"M112 128c0-29.5 16.2-55 40-68.9V256h48V48h48v208h48V59.1c23.8 13.9 40 39.4 40 68.9v128h48V128C384 57.3 326.7 0 256 0h-64C121.3 0 64 57.3 64 128v128h48zm334.3 213.9l-10.7-32c-4.4-13.1-16.6-21.9-30.4-21.9H42.7c-13.8 0-26 8.8-30.4 21.9l-10.7 32C-5.2 362.6 10.2 384 32 384v112c0 8.8 7.2 16 16 16h32c8.8 0 16-7.2 16-16V384h256v112c0 8.8 7.2 16 16 16h32c8.8 0 16-7.2 16-16V384c21.8 0 37.2-21.4 30.3-42.1z\"><\/path><\/svg>\t\t\t\t\t\t<\/span>\n\t\t\t\t\t\t\t\t\t\t<span class=\"elementor-icon-list-text\">Design Produit<\/span>\n\t\t\t\t\t\t\t\t\t\t\t<\/a>\n\t\t\t\t\t\t\t\t\t<\/li>\n\t\t\t\t\t\t\t\t<li class=\"elementor-icon-list-item\">\n\t\t\t\t\t\t\t\t\t\t\t<a href=\"https:\/\/paperbolt.fr\/index.php\/vue-de-facade\/\">\n\n\t\t\t\t\t\t\t\t\t\t\t\t<span class=\"elementor-icon-list-icon\">\n\t\t\t\t\t\t\t<svg aria-hidden=\"true\" class=\"e-font-icon-svg e-fas-warehouse\" viewBox=\"0 0 640 512\" xmlns=\"http:\/\/www.w3.org\/2000\/svg\"><path d=\"M504 352H136.4c-4.4 0-8 3.6-8 8l-.1 48c0 4.4 3.6 8 8 8H504c4.4 0 8-3.6 8-8v-48c0-4.4-3.6-8-8-8zm0 96H136.1c-4.4 0-8 3.6-8 8l-.1 48c0 4.4 3.6 8 8 8h368c4.4 0 8-3.6 8-8v-48c0-4.4-3.6-8-8-8zm0-192H136.6c-4.4 0-8 3.6-8 8l-.1 48c0 4.4 3.6 8 8 8H504c4.4 0 8-3.6 8-8v-48c0-4.4-3.6-8-8-8zm106.5-139L338.4 3.7a48.15 48.15 0 0 0-36.9 0L29.5 117C11.7 124.5 0 141.9 0 161.3V504c0 4.4 3.6 8 8 8h80c4.4 0 8-3.6 8-8V256c0-17.6 14.6-32 32.6-32h382.8c18 0 32.6 14.4 32.6 32v248c0 4.4 3.6 8 8 8h80c4.4 0 8-3.6 8-8V161.3c0-19.4-11.7-36.8-29.5-44.3z\"><\/path><\/svg>\t\t\t\t\t\t<\/span>\n\t\t\t\t\t\t\t\t\t\t<span class=\"elementor-icon-list-text\">Vue de Fa\u00e7ade<\/span>\n\t\t\t\t\t\t\t\t\t\t\t<\/a>\n\t\t\t\t\t\t\t\t\t<\/li>\n\t\t\t\t\t\t<\/ul>\n\t\t\t\t\t\t<\/div>\n\t\t\t\t<\/div>\n\t\t\t\t\t<\/div>\n\t\t\t\t<\/div>\n\t\t\t\t<\/div>\n\t\t","protected":false},"excerpt":{"rendered":"<p>Imagerie Virtuelle L&rsquo;imagerie 3D est au c\u0153ur de l&rsquo;expertise de PaperBolt, une entreprise pionni\u00e8re dans le domaine de la visualisation architecturale et du design virtuel. Forte de trois ann\u00e9es cons\u00e9cutives \u00e0 la premi\u00e8re place nationale, PaperBolt intervient sur un large spectre de services li\u00e9s \u00e0 l&rsquo;imagerie virtuelle : rendus architecturaux, design d&rsquo;int\u00e9rieur, int\u00e9gration paysag\u00e8re, conception [&hellip;]<\/p>\n","protected":false},"author":1,"featured_media":0,"parent":0,"menu_order":0,"comment_status":"closed","ping_status":"closed","template":"","meta":{"footnotes":""},"class_list":["post-100","page","type-page","status-publish","hentry"],"yoast_head":"<!-- This site is optimized with the Yoast SEO plugin v27.4 - https:\/\/yoast.com\/product\/yoast-seo-wordpress\/ -->\n<title>Imagerie VIrtuelle - PaperBolt.<\/title>\n<meta name=\"robots\" content=\"index, follow, max-snippet:-1, max-image-preview:large, max-video-preview:-1\" \/>\n<link rel=\"canonical\" href=\"https:\/\/paperbolt.fr\/index.php\/image-virtuelle\/\" \/>\n<meta property=\"og:locale\" content=\"fr_FR\" \/>\n<meta property=\"og:type\" content=\"article\" \/>\n<meta property=\"og:title\" content=\"Imagerie VIrtuelle - PaperBolt.\" \/>\n<meta property=\"og:description\" content=\"Imagerie Virtuelle L&rsquo;imagerie 3D est au c\u0153ur de l&rsquo;expertise de PaperBolt, une entreprise pionni\u00e8re dans le domaine de la visualisation architecturale et du design virtuel. Forte de trois ann\u00e9es cons\u00e9cutives \u00e0 la premi\u00e8re place nationale, PaperBolt intervient sur un large spectre de services li\u00e9s \u00e0 l&rsquo;imagerie virtuelle : rendus architecturaux, design d&rsquo;int\u00e9rieur, int\u00e9gration paysag\u00e8re, conception [&hellip;]\" \/>\n<meta property=\"og:url\" content=\"https:\/\/paperbolt.fr\/index.php\/image-virtuelle\/\" \/>\n<meta property=\"og:site_name\" content=\"PaperBolt.\" \/>\n<meta property=\"article:modified_time\" content=\"2025-01-15T15:53:36+00:00\" \/>\n<meta property=\"og:image\" content=\"http:\/\/paperbolt.fr\/wp-content\/uploads\/2025\/01\/Sans20titre201-enhanced-1536x864.jpg\" \/>\n<meta name=\"twitter:card\" content=\"summary_large_image\" \/>\n<meta name=\"twitter:label1\" content=\"Dur\u00e9e de lecture estim\u00e9e\" \/>\n\t<meta name=\"twitter:data1\" content=\"1 minute\" \/>\n<script type=\"application\/ld+json\" class=\"yoast-schema-graph\">{\"@context\":\"https:\\\/\\\/schema.org\",\"@graph\":[{\"@type\":\"WebPage\",\"@id\":\"https:\\\/\\\/paperbolt.fr\\\/index.php\\\/image-virtuelle\\\/\",\"url\":\"https:\\\/\\\/paperbolt.fr\\\/index.php\\\/image-virtuelle\\\/\",\"name\":\"Imagerie VIrtuelle - PaperBolt.\",\"isPartOf\":{\"@id\":\"https:\\\/\\\/paperbolt.fr\\\/#website\"},\"primaryImageOfPage\":{\"@id\":\"https:\\\/\\\/paperbolt.fr\\\/index.php\\\/image-virtuelle\\\/#primaryimage\"},\"image\":{\"@id\":\"https:\\\/\\\/paperbolt.fr\\\/index.php\\\/image-virtuelle\\\/#primaryimage\"},\"thumbnailUrl\":\"http:\\\/\\\/paperbolt.fr\\\/wp-content\\\/uploads\\\/2025\\\/01\\\/Sans20titre201-enhanced-1536x864.jpg\",\"datePublished\":\"2024-11-20T10:32:05+00:00\",\"dateModified\":\"2025-01-15T15:53:36+00:00\",\"breadcrumb\":{\"@id\":\"https:\\\/\\\/paperbolt.fr\\\/index.php\\\/image-virtuelle\\\/#breadcrumb\"},\"inLanguage\":\"fr-FR\",\"potentialAction\":[{\"@type\":\"ReadAction\",\"target\":[\"https:\\\/\\\/paperbolt.fr\\\/index.php\\\/image-virtuelle\\\/\"]}]},{\"@type\":\"ImageObject\",\"inLanguage\":\"fr-FR\",\"@id\":\"https:\\\/\\\/paperbolt.fr\\\/index.php\\\/image-virtuelle\\\/#primaryimage\",\"url\":\"https:\\\/\\\/paperbolt.fr\\\/wp-content\\\/uploads\\\/2025\\\/01\\\/Sans20titre201-enhanced.jpg\",\"contentUrl\":\"https:\\\/\\\/paperbolt.fr\\\/wp-content\\\/uploads\\\/2025\\\/01\\\/Sans20titre201-enhanced.jpg\",\"width\":1600,\"height\":900},{\"@type\":\"BreadcrumbList\",\"@id\":\"https:\\\/\\\/paperbolt.fr\\\/index.php\\\/image-virtuelle\\\/#breadcrumb\",\"itemListElement\":[{\"@type\":\"ListItem\",\"position\":1,\"name\":\"Accueil\",\"item\":\"https:\\\/\\\/paperbolt.fr\\\/\"},{\"@type\":\"ListItem\",\"position\":2,\"name\":\"Imagerie VIrtuelle\"}]},{\"@type\":\"WebSite\",\"@id\":\"https:\\\/\\\/paperbolt.fr\\\/#website\",\"url\":\"https:\\\/\\\/paperbolt.fr\\\/\",\"name\":\"PaperBolt.\",\"description\":\"\",\"publisher\":{\"@id\":\"https:\\\/\\\/paperbolt.fr\\\/#organization\"},\"potentialAction\":[{\"@type\":\"SearchAction\",\"target\":{\"@type\":\"EntryPoint\",\"urlTemplate\":\"https:\\\/\\\/paperbolt.fr\\\/?s={search_term_string}\"},\"query-input\":{\"@type\":\"PropertyValueSpecification\",\"valueRequired\":true,\"valueName\":\"search_term_string\"}}],\"inLanguage\":\"fr-FR\"},{\"@type\":\"Organization\",\"@id\":\"https:\\\/\\\/paperbolt.fr\\\/#organization\",\"name\":\"PaperBolt.\",\"url\":\"https:\\\/\\\/paperbolt.fr\\\/\",\"logo\":{\"@type\":\"ImageObject\",\"inLanguage\":\"fr-FR\",\"@id\":\"https:\\\/\\\/paperbolt.fr\\\/#\\\/schema\\\/logo\\\/image\\\/\",\"url\":\"https:\\\/\\\/paperbolt.fr\\\/wp-content\\\/uploads\\\/2024\\\/11\\\/Logo-2024.png\",\"contentUrl\":\"https:\\\/\\\/paperbolt.fr\\\/wp-content\\\/uploads\\\/2024\\\/11\\\/Logo-2024.png\",\"width\":1500,\"height\":1500,\"caption\":\"PaperBolt.\"},\"image\":{\"@id\":\"https:\\\/\\\/paperbolt.fr\\\/#\\\/schema\\\/logo\\\/image\\\/\"}}]}<\/script>\n<!-- \/ Yoast SEO plugin. -->","yoast_head_json":{"title":"Imagerie VIrtuelle - PaperBolt.","robots":{"index":"index","follow":"follow","max-snippet":"max-snippet:-1","max-image-preview":"max-image-preview:large","max-video-preview":"max-video-preview:-1"},"canonical":"https:\/\/paperbolt.fr\/index.php\/image-virtuelle\/","og_locale":"fr_FR","og_type":"article","og_title":"Imagerie VIrtuelle - PaperBolt.","og_description":"Imagerie Virtuelle L&rsquo;imagerie 3D est au c\u0153ur de l&rsquo;expertise de PaperBolt, une entreprise pionni\u00e8re dans le domaine de la visualisation architecturale et du design virtuel. Forte de trois ann\u00e9es cons\u00e9cutives \u00e0 la premi\u00e8re place nationale, PaperBolt intervient sur un large spectre de services li\u00e9s \u00e0 l&rsquo;imagerie virtuelle : rendus architecturaux, design d&rsquo;int\u00e9rieur, int\u00e9gration paysag\u00e8re, conception [&hellip;]","og_url":"https:\/\/paperbolt.fr\/index.php\/image-virtuelle\/","og_site_name":"PaperBolt.","article_modified_time":"2025-01-15T15:53:36+00:00","og_image":[{"url":"http:\/\/paperbolt.fr\/wp-content\/uploads\/2025\/01\/Sans20titre201-enhanced-1536x864.jpg","type":"","width":"","height":""}],"twitter_card":"summary_large_image","twitter_misc":{"Dur\u00e9e de lecture estim\u00e9e":"1 minute"},"schema":{"@context":"https:\/\/schema.org","@graph":[{"@type":"WebPage","@id":"https:\/\/paperbolt.fr\/index.php\/image-virtuelle\/","url":"https:\/\/paperbolt.fr\/index.php\/image-virtuelle\/","name":"Imagerie VIrtuelle - PaperBolt.","isPartOf":{"@id":"https:\/\/paperbolt.fr\/#website"},"primaryImageOfPage":{"@id":"https:\/\/paperbolt.fr\/index.php\/image-virtuelle\/#primaryimage"},"image":{"@id":"https:\/\/paperbolt.fr\/index.php\/image-virtuelle\/#primaryimage"},"thumbnailUrl":"http:\/\/paperbolt.fr\/wp-content\/uploads\/2025\/01\/Sans20titre201-enhanced-1536x864.jpg","datePublished":"2024-11-20T10:32:05+00:00","dateModified":"2025-01-15T15:53:36+00:00","breadcrumb":{"@id":"https:\/\/paperbolt.fr\/index.php\/image-virtuelle\/#breadcrumb"},"inLanguage":"fr-FR","potentialAction":[{"@type":"ReadAction","target":["https:\/\/paperbolt.fr\/index.php\/image-virtuelle\/"]}]},{"@type":"ImageObject","inLanguage":"fr-FR","@id":"https:\/\/paperbolt.fr\/index.php\/image-virtuelle\/#primaryimage","url":"https:\/\/paperbolt.fr\/wp-content\/uploads\/2025\/01\/Sans20titre201-enhanced.jpg","contentUrl":"https:\/\/paperbolt.fr\/wp-content\/uploads\/2025\/01\/Sans20titre201-enhanced.jpg","width":1600,"height":900},{"@type":"BreadcrumbList","@id":"https:\/\/paperbolt.fr\/index.php\/image-virtuelle\/#breadcrumb","itemListElement":[{"@type":"ListItem","position":1,"name":"Accueil","item":"https:\/\/paperbolt.fr\/"},{"@type":"ListItem","position":2,"name":"Imagerie VIrtuelle"}]},{"@type":"WebSite","@id":"https:\/\/paperbolt.fr\/#website","url":"https:\/\/paperbolt.fr\/","name":"PaperBolt.","description":"","publisher":{"@id":"https:\/\/paperbolt.fr\/#organization"},"potentialAction":[{"@type":"SearchAction","target":{"@type":"EntryPoint","urlTemplate":"https:\/\/paperbolt.fr\/?s={search_term_string}"},"query-input":{"@type":"PropertyValueSpecification","valueRequired":true,"valueName":"search_term_string"}}],"inLanguage":"fr-FR"},{"@type":"Organization","@id":"https:\/\/paperbolt.fr\/#organization","name":"PaperBolt.","url":"https:\/\/paperbolt.fr\/","logo":{"@type":"ImageObject","inLanguage":"fr-FR","@id":"https:\/\/paperbolt.fr\/#\/schema\/logo\/image\/","url":"https:\/\/paperbolt.fr\/wp-content\/uploads\/2024\/11\/Logo-2024.png","contentUrl":"https:\/\/paperbolt.fr\/wp-content\/uploads\/2024\/11\/Logo-2024.png","width":1500,"height":1500,"caption":"PaperBolt."},"image":{"@id":"https:\/\/paperbolt.fr\/#\/schema\/logo\/image\/"}}]}},"_links":{"self":[{"href":"https:\/\/paperbolt.fr\/index.php\/wp-json\/wp\/v2\/pages\/100","targetHints":{"allow":["GET"]}}],"collection":[{"href":"https:\/\/paperbolt.fr\/index.php\/wp-json\/wp\/v2\/pages"}],"about":[{"href":"https:\/\/paperbolt.fr\/index.php\/wp-json\/wp\/v2\/types\/page"}],"author":[{"embeddable":true,"href":"https:\/\/paperbolt.fr\/index.php\/wp-json\/wp\/v2\/users\/1"}],"replies":[{"embeddable":true,"href":"https:\/\/paperbolt.fr\/index.php\/wp-json\/wp\/v2\/comments?post=100"}],"version-history":[{"count":41,"href":"https:\/\/paperbolt.fr\/index.php\/wp-json\/wp\/v2\/pages\/100\/revisions"}],"predecessor-version":[{"id":903,"href":"https:\/\/paperbolt.fr\/index.php\/wp-json\/wp\/v2\/pages\/100\/revisions\/903"}],"wp:attachment":[{"href":"https:\/\/paperbolt.fr\/index.php\/wp-json\/wp\/v2\/media?parent=100"}],"curies":[{"name":"wp","href":"https:\/\/api.w.org\/{rel}","templated":true}]}}